{"id":9940,"date":"2016-03-19T17:07:57","date_gmt":"2016-03-19T17:07:57","guid":{"rendered":"http:\/\/andromeda-buecher.de\/buch2\/shop\/aldebaran-die-rueckkehr-unserer-ahnen\/"},"modified":"2016-03-19T17:07:57","modified_gmt":"2016-03-19T17:07:57","slug":"aldebaran-die-rueckkehr-unserer-ahnen","status":"publish","type":"product","link":"http:\/\/andromeda-buecher.de\/buch2\/produkt\/aldebaran-die-rueckkehr-unserer-ahnen\/","title":{"rendered":"ALDEBARAN &#8211; Die R\u00fcckkehr unserer Ahnen"},"content":{"rendered":"<p><\/p>\n<p>Dies ist der dritte,  abschlie\u00dfende Band der Aldebaranreihe.<br \/>\nIn diesem Buch kommen verschiedene Autoren mit sehr brisanten Themen zu Wort und<br \/>\ngehen weiter als Herr D\u00e4niken.<br \/>\nWas w\u00e4re wenn die Pyramiden in Verbindung<br \/>\nstehen mit dem Mars, da\u00df dieser und auch der Mond unter der Kontrolle<br \/>\neiner irdischen Achsenmacht steht, unbesiegt, im B\u00fcndnis mit denen aus<br \/>\nder &quot;Sternenmitte der Dritte&quot;?<br \/>\nIst die Serie &quot;Stargate&quot; nur Fantasie oder \u2026? Best\u00e4tigte Beweise f\u00fcr<br \/>\nHochtechnologie vor vielen zehntausenden Jahren, hat also Darwin bewu\u00dft<br \/>\n\u00fcber die Menschheitsentwicklung gelogen? Was w\u00e4re wenn Au\u00dferirdische uns<br \/>\nals Arbeitssklaven geschaffen haben?<br \/>\nEs gab die Rebellion, nur eine Schlacht gewonnen, aber der Preis war<br \/>\nhoch daf\u00fcr, unsere geistige Anbindung ging verloren. Sind nun unsere<br \/>\ngalaktischen Br\u00fcder heute wieder da, um die Rebellion in einem letzten<br \/>\nKampf zu gewinnen?<br \/>\nDie Erde wird sich 2012 dramatisch ver\u00e4ndern. Der wissenschaftlich<br \/>\nbewiesene Synchronstrahl hat schon mit der Transformation der Erde, der<br \/>\nMenschheit zum Goldenen Zeitalter begonnen. Geh\u00f6ren Sie dazu, sp\u00fcren Sie<br \/>\nan sich oder sehen Sie bei anderen Menschen und der Umwelt<br \/>\nVer\u00e4nderungen? Werden Sie AKTIVIERT in der n\u00e4chsten Zeit? Ahnen Sie, da\u00df<br \/>\nIhr Leben bis heute eine L\u00fcge ist, eine falsche Realit\u00e4t f\u00fcr die<br \/>\nMenschheit seit 1945?<br \/>\nSie suchen Antworten auf viele gegenw\u00e4rtige &quot;Merkw\u00fcrdigkeiten&quot;,<br \/>\nProbleme? Dieses Buch wird Ihnen Antworten geben, die Sie so nicht<br \/>\nerwartet h\u00e4tten, aber am Ende werden Sie dem zustimmen. Die Fakten im<br \/>\nBuch lassen keinen anderen Schlu\u00df zu. Wenn Sie also vor Ihrer Wahrheit,<br \/>\nIhrem Leben Angst haben, dann \u2026.<br \/>\nHardcover 270 Seiten mit Farbfotos<br \/>\nISBN 978-3-00-031974-7<br \/>\n, <\/p>\n","protected":false},"excerpt":{"rendered":"<p>Dies ist der dritte, abschlie\u00dfende Band der Aldebaranreihe. In diesem Buch kommen verschiedene Autoren mit sehr brisanten Themen zu Wort und gehen weiter als Herr D\u00e4niken. Was w\u00e4re wenn die Pyramiden in Verbindung stehen mit dem Mars, da\u00df dieser und auch der Mond unter der Kontrolle einer irdischen Achsenmacht steht, unbesiegt, im B\u00fcndnis mit denen [&hellip;]<\/p>\n","protected":false},"featured_media":0,"comment_status":"closed","ping_status":"closed","template":"","meta":[],"product_cat":[173],"product_tag":[],"_links":{"self":[{"href":"http:\/\/andromeda-buecher.de\/buch2\/wp-json\/wp\/v2\/product\/9940"}],"collection":[{"href":"http:\/\/andromeda-buecher.de\/buch2\/wp-json\/wp\/v2\/product"}],"about":[{"href":"http:\/\/andromeda-buecher.de\/buch2\/wp-json\/wp\/v2\/types\/product"}],"replies":[{"embeddable":true,"href":"http:\/\/andromeda-buecher.de\/buch2\/wp-json\/wp\/v2\/comments?post=9940"}],"wp:attachment":[{"href":"http:\/\/andromeda-buecher.de\/buch2\/wp-json\/wp\/v2\/media?parent=9940"}],"wp:term":[{"taxonomy":"product_cat","embeddable":true,"href":"http:\/\/andromeda-buecher.de\/buch2\/wp-json\/wp\/v2\/product_cat?post=9940"},{"taxonomy":"product_tag","embeddable":true,"href":"http:\/\/andromeda-buecher.de\/buch2\/wp-json\/wp\/v2\/product_tag?post=9940"}],"curies":[{"name":"wp","href":"https:\/\/api.w.org\/{rel}","templated":true}]}}