{"id":9077,"date":"2016-03-19T16:55:23","date_gmt":"2016-03-19T16:55:23","guid":{"rendered":"http:\/\/andromeda-buecher.de\/buch2\/shop\/das-geheimnis-der-illuminaten-23-teil-9-der-kampf-der-gralsbruderschaft-taube-gegen-die-opferungsriten-der-illuminaten-falken-dvd\/"},"modified":"2021-05-08T13:14:46","modified_gmt":"2021-05-08T11:14:46","slug":"das-geheimnis-der-illuminaten-23-teil-9-der-kampf-der-gralsbruderschaft-taube-gegen-die-opferungsriten-der-illuminaten-falken-dvd","status":"publish","type":"product","link":"http:\/\/andromeda-buecher.de\/buch2\/produkt\/das-geheimnis-der-illuminaten-23-teil-9-der-kampf-der-gralsbruderschaft-taube-gegen-die-opferungsriten-der-illuminaten-falken-dvd\/","title":{"rendered":"Das Geheimnis der Illuminaten 23 Teil 9 &#8211; Der Kampf der Gralsbruderschaft (Taube) gegen die Opferungsriten der Illuminaten (Falken) (DVD)"},"content":{"rendered":"<p><span style=\"font-size: 9pt; font-family: Verdana;\"><font size=\"3\"><strong><span style=\"font-family: Verdana;\">Das Geheimnis der Illuminaten 23<\/span><\/strong><strong><span style=\"font-family: Verdana;\"> Teil 9 &#8211; Der Kampf der Gralsbruderschaft (Taube) gegen die Opferungsriten der Illuminaten (Falken)<\/span><\/strong><o:p \/><\/font><\/span><\/p>\n<p><span style=\"font-size: 9pt; font-family: Verdana;\"><font size=\"3\">Die sonnenarische Gralsbruderschaft und der Kampf gegen die Mondbruderschaft und deren Opferungsritualen (Sakrileg).<br \/>Eine Spur f\u00fchrt durch die Geschichte von Atlantis \u00fcber \u00c4gypten bis zum salomonischen Tempel, bis zu den Illuminaten.<br \/>Ein Kampf durch die Geschichte.<br \/>Als<br \/>\ndie sonnenarische Bundeslade von den ph\u00f6nizer Kelten und Templern zu<br \/>\nden Rosenkreuzern kamen, entstand im 18. Jahrhundert ein neuer Kampf<br \/>\ngegen die Illuminaten der dunklen Bruderschaft, der seinen H\u00f6hepunkt<br \/>\nmit den Sch\u00fclern der Gralsritter der Nazis in einem spirituellen<br \/>\nEndkampf dieser beiden Bruderschaften erreichte.<br \/>Heute existieren<br \/>\nnur noch die Freimaurer als eine verschmolzene Masse von Tauben und<br \/>\nFalken, wobei die Falken durch das Geld die Welt dominieren.<\/font><\/span><\/p>\n","protected":false},"excerpt":{"rendered":"<p>Das Geheimnis der Illuminaten 23 Teil 9 &#8211; Der Kampf der Gralsbruderschaft (Taube) gegen die Opferungsriten der Illuminaten (Falken) Die sonnenarische Gralsbruderschaft und der Kampf gegen die Mondbruderschaft und deren Opferungsritualen (Sakrileg).Eine Spur f\u00fchrt durch die Geschichte von Atlantis \u00fcber \u00c4gypten bis zum salomonischen Tempel, bis zu den Illuminaten.Ein Kampf durch die Geschichte.Als die sonnenarische [&hellip;]<\/p>\n","protected":false},"featured_media":0,"comment_status":"closed","ping_status":"closed","template":"","meta":[],"product_cat":[190],"product_tag":[],"_links":{"self":[{"href":"http:\/\/andromeda-buecher.de\/buch2\/wp-json\/wp\/v2\/product\/9077"}],"collection":[{"href":"http:\/\/andromeda-buecher.de\/buch2\/wp-json\/wp\/v2\/product"}],"about":[{"href":"http:\/\/andromeda-buecher.de\/buch2\/wp-json\/wp\/v2\/types\/product"}],"replies":[{"embeddable":true,"href":"http:\/\/andromeda-buecher.de\/buch2\/wp-json\/wp\/v2\/comments?post=9077"}],"wp:attachment":[{"href":"http:\/\/andromeda-buecher.de\/buch2\/wp-json\/wp\/v2\/media?parent=9077"}],"wp:term":[{"taxonomy":"product_cat","embeddable":true,"href":"http:\/\/andromeda-buecher.de\/buch2\/wp-json\/wp\/v2\/product_cat?post=9077"},{"taxonomy":"product_tag","embeddable":true,"href":"http:\/\/andromeda-buecher.de\/buch2\/wp-json\/wp\/v2\/product_tag?post=9077"}],"curies":[{"name":"wp","href":"https:\/\/api.w.org\/{rel}","templated":true}]}}