{"id":8867,"date":"2016-03-19T16:54:54","date_gmt":"2016-03-19T16:54:54","guid":{"rendered":"http:\/\/andromeda-buecher.de\/buch2\/shop\/alternative-3-geheimstadt-auf-mars-und-mond-dvd-englischer-originalton\/"},"modified":"2021-05-08T13:14:50","modified_gmt":"2021-05-08T11:14:50","slug":"alternative-3-geheimstadt-auf-mars-und-mond-dvd-englischer-originalton","status":"publish","type":"product","link":"http:\/\/andromeda-buecher.de\/buch2\/produkt\/alternative-3-geheimstadt-auf-mars-und-mond-dvd-englischer-originalton\/","title":{"rendered":"Alternative 3 &#8211; Geheimstadt auf Mars und Mond (DVD &#8211; englischer Originalton)"},"content":{"rendered":"<p>&nbsp;<\/p>\n<h3 class=\"content\">ALTERNATIVE 3 &#8211; GEHEIMSTADT AUF MARS UND MOND<\/h3>\n<p \/>\n<p>Original englische Version\u00a0<\/p>\n<p>          Es wurde eine Kopie des Bandes mit Aufzeichnung vom Mars und der spezielle Dekoder der NASA in den<br \/>\nVereinigten Staaten gestohlen und \u00fcber Kanada nach Gro\u00dfbritannien gebracht. Dort wurde das Band Ende der<br \/>\n70er Jahre h\u00f6chsten Stellen und Spitzenwissenschaftlern gezeigt. Dieses Band enth\u00fcllte, dass die zwei<br \/>\nSuperm\u00e4chte am 22.Mai 1962 in einer gemeinsamen Aktion ein fergesteuertes Raumschiff auf dem Mars landeten,<br \/>\ndas von einer Temperatur und einem atmosph\u00e4rischen Druck berichtete, die ausreichten, um Leben zu<br \/>\nerm\u00f6glichen, wie wir es kennen. Alternative 3 wurde von drei bekannten britischen Fernsehreportern gedreht,<br \/>\ndie einen Fernsehfilm mit demselben Titel produzierten, der vom Fernsehen der BBC 1977 gezeigt wurde.<br \/>\nFortentwickelte Technik aus dem Dritten Reich der Iluminaten.<br \/>\nAm 20. Juni 1977 versetzte die TV-Sendreihe Science Report die britische \u00d6ffentlichkeit in helle Panik. Eine<br \/>\nReportage unter dem Titel Alternative 3, die \u00fcber eine gigantische internationale Verschw\u00f6rung berichtete,<br \/>\nerzeugte landesweit Angst und Schrecken. Das daraufhin in mehreren Sprachen erschienene, und kurz nach seiner<br \/>\nVer\u00f6ffentlichung teilweise verbotene gleichnamige Buch sorgte ein zweites Mal f\u00fcr blankes Entsetzen ! In<br \/>\neiner beispiellosen Hexenjagd wurden wenig sp\u00e4ter nicht nur die englischen Autoren, Fernsehmachen,<br \/>\nJournalisten und Verleger verfolgt, eingesch\u00fcchtert und unter Druck gesetzt. Auch in den USA und vielen europ\u00e4ischen<br \/>\nStaaten kam jeder, der sich mit Alternative 3 besch\u00e4ftigte, auf die schwarze Liste. Daran hat sich bis heute<br \/>\nkaum etwas ge\u00e4ndert. Wer sich f\u00fcr Alternative 3 interessiert, wird f\u00fcr die Geheimdienste interessant! WARUM ?<br \/>\nWeil sogenannte Rechtsstaaten und Demokratien um jeden Preis verhindern wollen, da\u00df ihre B\u00fcrger die<br \/>\nWahrheit erfahren \u00fcber: Die Weltelite und Logen die ein geheimes Weltraumauswanderungsprogramm in die<br \/>\nWege geleitet hat, um der Umweltverschmutzung und \u00dcberv\u00f6lkerung entfliehen k\u00f6nnen. -Ein geheimes amerikanisch-<br \/>\nrussisches Unternehmen, durch das Basen auf Mond und Mars entstanden sind. -Ufos, die in<br \/>\nWirklichkeit Regierungsraumschiffe sind und \u00fcber technische F\u00e4higkeiten verf\u00fcgen, die jenseits unserer<br \/>\nVorstellungskraft liegen. -Hochkar\u00e4tige Wissenschaftler, die entf\u00fcrht werden,um die Raumbasen mit qualifiziertem<br \/>\nPersonal besetzen zu k\u00f6nnen. -Menschen aus aller Welt, die gekidnappt und einem<br \/>\nBewu\u00dftseinskontrollprogramm unterzogen werden, um anschlie\u00dfend als Skalven in den neuen Raumkolonien<br \/>\ndienen zu k\u00f6nnen.* Das behaupten jedenfalls die Verfasser von Alternative 3: Leslie Watkins, David Ambrose und<br \/>\nChristopher Miles. Schn\u00fcffelorganisationen wie CIA, Verfassungsschutz, KGB, M16 und andere<br \/>\nSchlapphutvereingungen und unerm\u00fcdlich, wenn es darum geht, all dies als Unsinn darzustelle, w\u00e4hrend kritische<br \/>\nGeiste von Anfang an zum Nachdenken aufgerufen hatten. Der amerikanische Journalist und Spitzenautor<br \/>\nJim Keith hat weder Kosten noch Gefahren gescheut, sich an gesto\u00dfen. Sie werden mehr als \u00fcberrascht sein<br \/>\nvon diesem frappierenden Sachbuch &#8211; einem Thirrel, wie ihn nur die Realit\u00e4t schreiben kann !<\/p>\n","protected":false},"excerpt":{"rendered":"<p>&nbsp; ALTERNATIVE 3 &#8211; GEHEIMSTADT AUF MARS UND MOND Original englische Version\u00a0 Es wurde eine Kopie des Bandes mit Aufzeichnung vom Mars und der spezielle Dekoder der NASA in den Vereinigten Staaten gestohlen und \u00fcber Kanada nach Gro\u00dfbritannien gebracht. Dort wurde das Band Ende der 70er Jahre h\u00f6chsten Stellen und Spitzenwissenschaftlern gezeigt. Dieses Band enth\u00fcllte, [&hellip;]<\/p>\n","protected":false},"featured_media":0,"comment_status":"closed","ping_status":"closed","template":"","meta":[],"product_cat":[190],"product_tag":[],"_links":{"self":[{"href":"http:\/\/andromeda-buecher.de\/buch2\/wp-json\/wp\/v2\/product\/8867"}],"collection":[{"href":"http:\/\/andromeda-buecher.de\/buch2\/wp-json\/wp\/v2\/product"}],"about":[{"href":"http:\/\/andromeda-buecher.de\/buch2\/wp-json\/wp\/v2\/types\/product"}],"replies":[{"embeddable":true,"href":"http:\/\/andromeda-buecher.de\/buch2\/wp-json\/wp\/v2\/comments?post=8867"}],"wp:attachment":[{"href":"http:\/\/andromeda-buecher.de\/buch2\/wp-json\/wp\/v2\/media?parent=8867"}],"wp:term":[{"taxonomy":"product_cat","embeddable":true,"href":"http:\/\/andromeda-buecher.de\/buch2\/wp-json\/wp\/v2\/product_cat?post=8867"},{"taxonomy":"product_tag","embeddable":true,"href":"http:\/\/andromeda-buecher.de\/buch2\/wp-json\/wp\/v2\/product_tag?post=8867"}],"curies":[{"name":"wp","href":"https:\/\/api.w.org\/{rel}","templated":true}]}}