{"id":8846,"date":"2016-03-19T16:54:51","date_gmt":"2016-03-19T16:54:51","guid":{"rendered":"http:\/\/andromeda-buecher.de\/buch2\/shop\/der-h-sonderauftrag-himmlers-hexenforscher\/"},"modified":"2016-10-27T14:50:54","modified_gmt":"2016-10-27T12:50:54","slug":"der-h-sonderauftrag-himmlers-hexenforscher","status":"publish","type":"product","link":"http:\/\/andromeda-buecher.de\/buch2\/produkt\/der-h-sonderauftrag-himmlers-hexenforscher\/","title":{"rendered":"Der H-Sonderauftrag &#8211; Himmlers Hexenforscher"},"content":{"rendered":"<h1>Der H-Sonderauftrag &#8211; Himmlers Hexenforscher<\/h1>\n<div>\n<p>Der<br \/>\nH-Sonderauftrag unter Kommando des SS-Sturmbannf\u00fchrers Franz Alfred Six<br \/>\nwurde zur Erfassung der Hexenverfolgung als Abteilung innerhalb des<br \/>\nRSHA der SS gegr\u00fcndet.<\/p>\n<p>Hier war er Bestandteil der sogenannten<br \/>\n&#8222;Gegnerforschung&#8220;, die sich neben den Kirchen, insbsondere den<br \/>\nFreimaurern, Marxisten und Juden widmete. Mittels der Erstellung einer<br \/>\nHexenkarthotek aus Karteibl\u00e4ttern sollte m\u00f6glichst l\u00fcckenlos das<br \/>\nVerbrechen der Kirche am Deutschen Volk und die Vernichtung der<br \/>\nheidnischen \u00dcberlieferung dokumentiert werden, was jedoch nicht zur<br \/>\nv\u00f6lligen Zufriedenheit gelang. Aufgrund der damit einhergehenden<br \/>\nBefassung mit magischen Praktiken entstanden um das Sonderkommando-H<br \/>\nverschiedentlich Spekulation um &#8222;okkulte Forschungen&#8220; die durch die<br \/>\nweltweit operierenden Mitarbeiter zusa\u00e4tzlich gen\u00e4hrt wurden. Daneben<br \/>\ngab es auch \u00dcberschneidungen sowohl personeller als auch inhaltlicher<br \/>\nNatur mit dem Amt Ahnenerbe, welches sich nach Weisung Himmlers jedoch<br \/>\nnicht mit diesem der fr\u00fchen Neuzeit zuzuordnenden Themenfeld befassen<br \/>\nsollte.<\/p>\n<p>Der vorliegende Band bietet einen Einblick in die Geschichte<br \/>\ndieses Sonderkommandos anhand einer Einleitung, eines Essays und<br \/>\nverschiedener Quellen und Dokumente:<\/p>\n<p>F.A. Six: Germanenglaube<br \/>\nB. Dultz: Der Ursprung des Hexenwahns<br \/>\nDokumente<br \/>\n(Essenz &amp; Tradition)<\/p>\n<p>32 Seiten, A5 Format, bilder, geheftet<\/p>\n<\/div>\n","protected":false},"excerpt":{"rendered":"<p>Der H-Sonderauftrag &#8211; Himmlers Hexenforscher Der H-Sonderauftrag unter Kommando des SS-Sturmbannf\u00fchrers Franz Alfred Six wurde zur Erfassung der Hexenverfolgung als Abteilung innerhalb des RSHA der SS gegr\u00fcndet. Hier war er Bestandteil der sogenannten &#8222;Gegnerforschung&#8220;, die sich neben den Kirchen, insbsondere den Freimaurern, Marxisten und Juden widmete. Mittels der Erstellung einer Hexenkarthotek aus Karteibl\u00e4ttern sollte m\u00f6glichst [&hellip;]<\/p>\n","protected":false},"featured_media":12109,"comment_status":"closed","ping_status":"closed","template":"","meta":[],"product_cat":[224],"product_tag":[],"_links":{"self":[{"href":"http:\/\/andromeda-buecher.de\/buch2\/wp-json\/wp\/v2\/product\/8846"}],"collection":[{"href":"http:\/\/andromeda-buecher.de\/buch2\/wp-json\/wp\/v2\/product"}],"about":[{"href":"http:\/\/andromeda-buecher.de\/buch2\/wp-json\/wp\/v2\/types\/product"}],"replies":[{"embeddable":true,"href":"http:\/\/andromeda-buecher.de\/buch2\/wp-json\/wp\/v2\/comments?post=8846"}],"wp:featuredmedia":[{"embeddable":true,"href":"http:\/\/andromeda-buecher.de\/buch2\/wp-json\/wp\/v2\/media\/12109"}],"wp:attachment":[{"href":"http:\/\/andromeda-buecher.de\/buch2\/wp-json\/wp\/v2\/media?parent=8846"}],"wp:term":[{"taxonomy":"product_cat","embeddable":true,"href":"http:\/\/andromeda-buecher.de\/buch2\/wp-json\/wp\/v2\/product_cat?post=8846"},{"taxonomy":"product_tag","embeddable":true,"href":"http:\/\/andromeda-buecher.de\/buch2\/wp-json\/wp\/v2\/product_tag?post=8846"}],"curies":[{"name":"wp","href":"https:\/\/api.w.org\/{rel}","templated":true}]}}