{"id":8635,"date":"2016-03-19T16:54:22","date_gmt":"2016-03-19T16:54:22","guid":{"rendered":"http:\/\/andromeda-buecher.de\/buch2\/shop\/die-externsteine-als-germanisches-heiligtum-original-1934\/"},"modified":"2016-03-19T16:54:22","modified_gmt":"2016-03-19T16:54:22","slug":"die-externsteine-als-germanisches-heiligtum-original-1934","status":"publish","type":"product","link":"http:\/\/andromeda-buecher.de\/buch2\/produkt\/die-externsteine-als-germanisches-heiligtum-original-1934\/","title":{"rendered":"Die Externsteine als germanisches Heiligtum &#8211; original 1934"},"content":{"rendered":"<h1>\n<p>          Wilhelm Teudt: Die Externsteine als germanisches Heiligtum &#8211; 1934<br \/>\n        <\/h1>\n<div>\n<p>Auszug<br \/>\naus den Beitr\u00e4gen zur Aufdeckung der Vorgeschichte, ausgehend von den<br \/>\nExternsteinen, den Lippequellen und der Teutoburg\n<\/p>\n<p>So wie Gustav Kossinna als akademischer Forscher, z\u00e4hlt Wilhelm Teudt<br \/>\nals Laienforscher zu den verdientesten Verk\u00fcndern einer Hochkultur der<br \/>\nfr\u00fchen Germanen. <\/p>\n<p>So wies er u.a. das hohe Alter der Externstein &#8211;<br \/>\nkultst\u00e4tte sowie die Existenz einer bronzezeitlichen Kampfspielbahn in<br \/>\nLangelau nach, die als Vorl\u00e4ufer der antiken Rennpl\u00e4tze bei Griechen<br \/>\nund R\u00f6mern (Circus Maximus) gelten kann.\n<\/p>\n<p>Der vorliegende Auszug enth\u00e4lt die wesentlichen thesen aus der<br \/>\numfassenden Ver\u00f6ffentlichung &quot;Germanische Heiligt\u00fcmer&quot;, welches zu den<br \/>\nbedeutendsten Werken der deutschen Vorgeschichtsforschung z\u00e4hlt.<\/p>\n<p>Aus dem Inhalt:<br \/>\n&#8211; Die Externsteine &#8211; Irminsul und Felsenbild<br \/>\n&#8211; Die Lippequellen<br \/>\n&#8211; Kultburgen<br \/>\n&#8211; Germanische Astronomie<br \/>\n&#8211; Die Burg \u00d6sterholz<br \/>\n&#8211; H\u00fcnenkirche<br \/>\n&#8211; Kampfspielbahn in Langelau<br \/>\n&#8211; Teutoburg und teutoburgiensi saltus<br \/>\n&#8211; Gesuchte Heiligt\u00fcmer<br \/>\n&#8211; Germanen in Germanien<br \/>\n&#8211; Die Zerst\u00f6rer der Heiligt\u00fcmer<br \/>\n&#8211; Germanisches Kulturbild <\/p>\n<p>40 Seiten, zahlreiche Bilder, geheftet (broschiert) Erstausgabe der<br \/>\nSchrift von 1934 &#8211; gebraucht, altersgem\u00e4\u00dfe Spuren am Umschlag,<br \/>\nangegilbt, sonst gut<\/p>\n<\/div>\n","protected":false},"excerpt":{"rendered":"<p>Wilhelm Teudt: Die Externsteine als germanisches Heiligtum &#8211; 1934 Auszug aus den Beitr\u00e4gen zur Aufdeckung der Vorgeschichte, ausgehend von den Externsteinen, den Lippequellen und der Teutoburg So wie Gustav Kossinna als akademischer Forscher, z\u00e4hlt Wilhelm Teudt als Laienforscher zu den verdientesten Verk\u00fcndern einer Hochkultur der fr\u00fchen Germanen. So wies er u.a. das hohe Alter der [&hellip;]<\/p>\n","protected":false},"featured_media":0,"comment_status":"closed","ping_status":"closed","template":"","meta":[],"product_cat":[79],"product_tag":[],"_links":{"self":[{"href":"http:\/\/andromeda-buecher.de\/buch2\/wp-json\/wp\/v2\/product\/8635"}],"collection":[{"href":"http:\/\/andromeda-buecher.de\/buch2\/wp-json\/wp\/v2\/product"}],"about":[{"href":"http:\/\/andromeda-buecher.de\/buch2\/wp-json\/wp\/v2\/types\/product"}],"replies":[{"embeddable":true,"href":"http:\/\/andromeda-buecher.de\/buch2\/wp-json\/wp\/v2\/comments?post=8635"}],"wp:attachment":[{"href":"http:\/\/andromeda-buecher.de\/buch2\/wp-json\/wp\/v2\/media?parent=8635"}],"wp:term":[{"taxonomy":"product_cat","embeddable":true,"href":"http:\/\/andromeda-buecher.de\/buch2\/wp-json\/wp\/v2\/product_cat?post=8635"},{"taxonomy":"product_tag","embeddable":true,"href":"http:\/\/andromeda-buecher.de\/buch2\/wp-json\/wp\/v2\/product_tag?post=8635"}],"curies":[{"name":"wp","href":"https:\/\/api.w.org\/{rel}","templated":true}]}}