{"id":8434,"date":"2016-03-19T16:53:56","date_gmt":"2016-03-19T16:53:56","guid":{"rendered":"http:\/\/andromeda-buecher.de\/buch2\/shop\/hagar-qim-auf-den-spuren-eines-verlorenen-kontinents-raetsel-um-die-insel-malta\/"},"modified":"2016-03-26T20:20:30","modified_gmt":"2016-03-26T19:20:30","slug":"hagar-qim-auf-den-spuren-eines-verlorenen-kontinents-raetsel-um-die-insel-malta","status":"publish","type":"product","link":"http:\/\/andromeda-buecher.de\/buch2\/produkt\/hagar-qim-auf-den-spuren-eines-verlorenen-kontinents-raetsel-um-die-insel-malta\/","title":{"rendered":"Hagar Qim &#8211; Auf den Spuren eines verlorenen Kontinents: R\u00e4tsel um die Insel Malta"},"content":{"rendered":"<p><b>Alexander Kn\u00f6rr<\/b><\/p>\n<p><b>Hagar Qim<\/b><\/p>\n<p>ISBN 3-935910-46-0, Paperback, Din A5, 291 Seiten, 140 s\/w-Abbildungen,<br \/>\n<b><br \/>\n<\/b><\/p>\n<p>Die<br \/>\nTempel und mysteri\u00f6sen Spuren im Korallenkalkstein der Mittelmeerinseln<br \/>\nMalta und Gozo geben Wissenschaftlern wie interessierten Besuchern der<br \/>\nmaltesischen Inseln R\u00e4tsel auf.<\/p>\n<p>Gerade<br \/>\ndiese Spuren, die im einheimischen Sprachgebrauch als \u201eCart Ruts\u201c \u2013<br \/>\nKarrenspuren, bekannt sind, scheinen einzigartig auf dieser Erde zu<br \/>\nsein. Zwar gibt es \u00e4hnliche Spuren, die wirklich auf alte Karren<br \/>\nzur\u00fcckzuf\u00fchren sind, doch die Pr\u00e4zision und die Art der maltesischen<br \/>\nCart Ruts weisen alle konventionellen Erkl\u00e4rungsversuche zur\u00fcck.<\/p>\n<p>Alexander<br \/>\nKn\u00f6rr machte sich auf, diese R\u00e4tsel zu untersuchen und stie\u00df w\u00e4hrend<br \/>\nseiner jahrelangen Recherchen auf immer mehr r\u00e4tselhaftes. Er verfolgte<br \/>\ndie mysteri\u00f6sen Cart Ruts durch Europa und stie\u00df auf ein Jahrtausende<br \/>\naltes Geheimnis \u2013 er deutet die von ihm aufgesp\u00fcrten Hinweise und kommt<br \/>\nzu einem Schluss, der nur eines zul\u00e4sst:<\/p>\n<p>Der<br \/>\nMittelmeerraum barg in einer fernen Vergangenheit eine technisch<br \/>\nhochentwickelte Zivilisation die durch eine kosmische Katastrophe<br \/>\nzerst\u00f6rt wurde. Ihre sp\u00e4rlichen Hinterlassenschaften sind heute noch<br \/>\nvorhanden, werden aber meistens falsch gedeutet oder einfach \u00fcbersehen.<\/p>\n<p>Folgen Sie Alexander Kn\u00f6rr auf eine atemberaubende Reise durch unsere bisher unbekannte Vergangenheit.<\/p>\n","protected":false},"excerpt":{"rendered":"<p>Alexander Kn\u00f6rr Hagar Qim ISBN 3-935910-46-0, Paperback, Din A5, 291 Seiten, 140 s\/w-Abbildungen, Die Tempel und mysteri\u00f6sen Spuren im Korallenkalkstein der Mittelmeerinseln Malta und Gozo geben Wissenschaftlern wie interessierten Besuchern der maltesischen Inseln R\u00e4tsel auf. Gerade diese Spuren, die im einheimischen Sprachgebrauch als \u201eCart Ruts\u201c \u2013 Karrenspuren, bekannt sind, scheinen einzigartig auf dieser Erde zu [&hellip;]<\/p>\n","protected":false},"featured_media":14103,"comment_status":"closed","ping_status":"closed","template":"","meta":[],"product_cat":[154],"product_tag":[],"_links":{"self":[{"href":"http:\/\/andromeda-buecher.de\/buch2\/wp-json\/wp\/v2\/product\/8434"}],"collection":[{"href":"http:\/\/andromeda-buecher.de\/buch2\/wp-json\/wp\/v2\/product"}],"about":[{"href":"http:\/\/andromeda-buecher.de\/buch2\/wp-json\/wp\/v2\/types\/product"}],"replies":[{"embeddable":true,"href":"http:\/\/andromeda-buecher.de\/buch2\/wp-json\/wp\/v2\/comments?post=8434"}],"wp:featuredmedia":[{"embeddable":true,"href":"http:\/\/andromeda-buecher.de\/buch2\/wp-json\/wp\/v2\/media\/14103"}],"wp:attachment":[{"href":"http:\/\/andromeda-buecher.de\/buch2\/wp-json\/wp\/v2\/media?parent=8434"}],"wp:term":[{"taxonomy":"product_cat","embeddable":true,"href":"http:\/\/andromeda-buecher.de\/buch2\/wp-json\/wp\/v2\/product_cat?post=8434"},{"taxonomy":"product_tag","embeddable":true,"href":"http:\/\/andromeda-buecher.de\/buch2\/wp-json\/wp\/v2\/product_tag?post=8434"}],"curies":[{"name":"wp","href":"https:\/\/api.w.org\/{rel}","templated":true}]}}