{"id":8390,"date":"2016-03-19T16:53:50","date_gmt":"2016-03-19T16:53:50","guid":{"rendered":"http:\/\/andromeda-buecher.de\/buch2\/shop\/die-blaetter-von-yggdrasil-runen-goetter-magie-nordische-mythologie-und-weisheit-der-mysterien\/"},"modified":"2016-03-28T13:41:58","modified_gmt":"2016-03-28T11:41:58","slug":"die-blaetter-von-yggdrasil-runen-goetter-magie-nordische-mythologie-und-weisheit-der-mysterien","status":"publish","type":"product","link":"http:\/\/andromeda-buecher.de\/buch2\/produkt\/die-blaetter-von-yggdrasil-runen-goetter-magie-nordische-mythologie-und-weisheit-der-mysterien\/","title":{"rendered":"Die Bl\u00e4tter von Yggdrasil: Runen, G\u00f6tter, Magie &#8211; Nordische Mythologie und Weisheit der Mysterien"},"content":{"rendered":"<p>&nbsp;<\/p>\n<ul>\n<li><b>Taschenbuch:<\/b> 252 Seiten<\/li>\n<li><b>Verlag:<\/b> Edition Ananael; Auflage: 5. A. (November 2005)<\/li>\n<li><b>ISBN-10:<\/b> 3901134077<\/li>\n<li><b>ISBN-13:<\/b> 978-3901134074<\/li>\n<\/ul>\n<p>Leider vergriffen seit 2010!<\/p>\n<p>Freya Aswynn ist mit Leib und Seele Asatru, eine Wanderin des<br \/>\nnordischen Weges. Ihre Erfahrungen sind sehr pers\u00f6nlich, fundiert und<br \/>\nkommen aus ihrem Herzen. Allerdings ist sie hart mit jenen die sich f\u00fcr<br \/>\ndie Runen, nicht aber f\u00fcr die nordischen Mysterien interessieren.<br \/>\nEtwas, das in ihrem Weltbild nicht zusammenpasst und man muss diese<br \/>\nMeinung respektieren. Das sie aber die Erfahrungen anderer des \u00f6fteren<br \/>\nin Frage stellt und ihre Meinung als die einzig Richtige darstellt,<br \/>\nst\u00f6sst bei allem Respekt doch manchmal etwas sauer auf. Dies nimmt<br \/>\ndiesem umfangreichen und \u00e4usserst informativen Werk einiges. Dennoch<br \/>\nbleibt es eines der umfassendsten und besten B\u00fccher zum Thema Runen.<br \/>\nDie im Titel angeschnittenen &#8222;weiblichen Mysterien&#8220; kommen allerdings<br \/>\nein wenig zu kurz. Sehr empfehlenswert f\u00fcr alle die sich gerne<br \/>\nDenkanst\u00f6sse holen, ohne auf ihre eigene Meinung zu verzichten.<\/p>\n<p>&nbsp;<\/p>\n<p>Es ist das beste Buch das es \u00fcber Runen gibt ist aber leider nichts f\u00fcr<br \/>\nPraktiker die Runenmagie betreiben wollen die praktische Anleitungen<br \/>\ndie sie gibt sind eher Orakelsysteme wer sich aber nur teoretisch mit<br \/>\nRunen auseinandersetzt der sollte es auf jeden fall besitzen.<\/p>\n<p>Dieses Buch ist eigentlich ein Runenbuch &#8211; es kl\u00e4rt allerdings nicht<br \/>\nwirklich auf, wie man mit Runensteinen umgeht. Auf der anderen Seite,<br \/>\naber gibt es einem ein tieferes Verst\u00e4ndnis \u00fcber die Runen, so dass man<br \/>\naufbauend auf einem Praxisbuch effizienter mit ihnen umgehen kann.<br \/>\nFreya Aswynn legt sehr gro\u00dfen Wert auf die nordische Mythologie und das<br \/>\nsp\u00fcrt man durch und durch, so ist dieses Buch auch eine Fundgrube f\u00fcr<br \/>\nLeute, die sich mit der Mythologie und gar nicht unbedingt mit den<br \/>\nRunen befassen wollen. Als Wicca kann ich nicht beurteilen, wie<br \/>\nn\u00fctzlich es f\u00fcr Asatruer ist, f\u00fcr mich war es allerdings der Schl\u00fcssel<br \/>\nzur Nordischen Mythologie, die mich vor diesem Buch nicht wirklich<br \/>\ninteressiert hat. Ich habe den Runenteil teilweise zur Meditation<br \/>\nbenutzt mit wirklich interessanten Erkenntnissen &#8211; dieses Experiment<br \/>\nkann ich also nur weiterempfehlen.<\/p>\n<p>Gott sei Dank ein Runenbuch, wo nicht so viel interpretiert wird. Es<br \/>\nl\u00e4\u00dft Spielr\u00e4ume zum Arbeiten. Und jeder, der ernsthaft interessiert<br \/>\nist, wei\u00df das zu sch\u00e4tzen. Das die Divinationsmethoden fehlen, ist<br \/>\nnicht weiter tragisch. Sie finden sich zu Hauf in allen anderen B\u00fcchern<br \/>\ndar\u00fcber.<\/p>\n","protected":false},"excerpt":{"rendered":"<p>&nbsp; Taschenbuch: 252 Seiten Verlag: Edition Ananael; Auflage: 5. A. (November 2005) ISBN-10: 3901134077 ISBN-13: 978-3901134074 Leider vergriffen seit 2010! Freya Aswynn ist mit Leib und Seele Asatru, eine Wanderin des nordischen Weges. Ihre Erfahrungen sind sehr pers\u00f6nlich, fundiert und kommen aus ihrem Herzen. Allerdings ist sie hart mit jenen die sich f\u00fcr die Runen, [&hellip;]<\/p>\n","protected":false},"featured_media":14675,"comment_status":"closed","ping_status":"closed","template":"","meta":[],"product_cat":[82],"product_tag":[],"_links":{"self":[{"href":"http:\/\/andromeda-buecher.de\/buch2\/wp-json\/wp\/v2\/product\/8390"}],"collection":[{"href":"http:\/\/andromeda-buecher.de\/buch2\/wp-json\/wp\/v2\/product"}],"about":[{"href":"http:\/\/andromeda-buecher.de\/buch2\/wp-json\/wp\/v2\/types\/product"}],"replies":[{"embeddable":true,"href":"http:\/\/andromeda-buecher.de\/buch2\/wp-json\/wp\/v2\/comments?post=8390"}],"wp:featuredmedia":[{"embeddable":true,"href":"http:\/\/andromeda-buecher.de\/buch2\/wp-json\/wp\/v2\/media\/14675"}],"wp:attachment":[{"href":"http:\/\/andromeda-buecher.de\/buch2\/wp-json\/wp\/v2\/media?parent=8390"}],"wp:term":[{"taxonomy":"product_cat","embeddable":true,"href":"http:\/\/andromeda-buecher.de\/buch2\/wp-json\/wp\/v2\/product_cat?post=8390"},{"taxonomy":"product_tag","embeddable":true,"href":"http:\/\/andromeda-buecher.de\/buch2\/wp-json\/wp\/v2\/product_tag?post=8390"}],"curies":[{"name":"wp","href":"https:\/\/api.w.org\/{rel}","templated":true}]}}