{"id":8345,"date":"2016-03-19T16:53:44","date_gmt":"2016-03-19T16:53:44","guid":{"rendered":"http:\/\/andromeda-buecher.de\/buch2\/shop\/die-ganze-wahrheit-ueber-das-opus-dei\/"},"modified":"2016-03-27T20:54:39","modified_gmt":"2016-03-27T18:54:39","slug":"die-ganze-wahrheit-ueber-das-opus-dei","status":"publish","type":"product","link":"http:\/\/andromeda-buecher.de\/buch2\/produkt\/die-ganze-wahrheit-ueber-das-opus-dei\/","title":{"rendered":"Die ganze Wahrheit \u00fcber das OPUS DEI"},"content":{"rendered":"<p class=\"Wberschrift\">Die ganze Wahrheit \u00fcber das OPUS DEI<\/p>\n<p class=\"WKursivschrift\">Alfonso Carlos de <span class=\"SpellE\">Borb<\/span>on, 288<br \/>\nSeiten<\/p>\n<p class=\"WGrundschrift\">Zeit seines Bestehens ist es ebenso geheimnisumwittert<br \/>\nwie umstritten: das OPUS DEI.<\/p>\n<p class=\"WGrundschrift\">Eine Allianz von neomodernistischen Theologen und<br \/>\nlinkslastigen Medien wirft dem von Johannes Paul II. zur <span class=\"SpellE\">Personalpr\u00e4latur<\/span> erhobenen \u201eWerk Gottes\u201c nicht blo\u00df <span class=\"SpellE\">geheimb\u00fcndlerische<\/span> Undurchsichtigkeit vor, sondern bek\u00e4mpft<br \/>\nes auch als angeblich konservative, ja sogar reaktion\u00e4re Institution.<\/p>\n<p class=\"WGrundschrift\">Seine Anh\u00e4nger und F\u00fcrsprecher hingegen preisen es als<br \/>\nein echtes Werk Gottes und der Kirche, das in vollem Einklang mit dem II. <span class=\"SpellE\">Vatikanum<\/span> stehe, und weisen alle Vorw\u00fcrfe sektiererischer<br \/>\nGeheimniskr\u00e4merei emp\u00f6rt zur\u00fcck.<\/p>\n<p class=\"WGrundschrift\">Doch die volle Wahrheit \u00fcber dieses in Spanien gegr\u00fcndete<br \/>\nund dort ebenso wie in Lateinamerika (aber auch im <span class=\"SpellE\">nachkonziliaren<\/span> Vatikan) h\u00f6chst einflu\u00dfreiche Werk ist noch<br \/>\nsehr viel verbl\u00fcffender als alles, was in deutschen Landen bisher &#8211; sei es von<br \/>\nFreund oder Feind &#8211; \u00fcber das OPUS DEI gesagt und geschrieben wurde! Kein Wunder,<br \/>\ndenn f\u00fcr das vorliegende Buch wurde jahrelang und <span class=\"SpellE\">intensv<\/span> direkt vor Ort, in Spanien recherchiert. Lassen Sie<br \/>\nsich aus sozusagen erster Hand informieren und &#8211; \u00fcberraschen!<\/p>\n","protected":false},"excerpt":{"rendered":"<p>Die ganze Wahrheit \u00fcber das OPUS DEI Alfonso Carlos de Borbon, 288 Seiten Zeit seines Bestehens ist es ebenso geheimnisumwittert wie umstritten: das OPUS DEI. Eine Allianz von neomodernistischen Theologen und linkslastigen Medien wirft dem von Johannes Paul II. zur Personalpr\u00e4latur erhobenen \u201eWerk Gottes\u201c nicht blo\u00df geheimb\u00fcndlerische Undurchsichtigkeit vor, sondern bek\u00e4mpft es auch als angeblich [&hellip;]<\/p>\n","protected":false},"featured_media":14608,"comment_status":"closed","ping_status":"closed","template":"","meta":[],"product_cat":[123],"product_tag":[],"_links":{"self":[{"href":"http:\/\/andromeda-buecher.de\/buch2\/wp-json\/wp\/v2\/product\/8345"}],"collection":[{"href":"http:\/\/andromeda-buecher.de\/buch2\/wp-json\/wp\/v2\/product"}],"about":[{"href":"http:\/\/andromeda-buecher.de\/buch2\/wp-json\/wp\/v2\/types\/product"}],"replies":[{"embeddable":true,"href":"http:\/\/andromeda-buecher.de\/buch2\/wp-json\/wp\/v2\/comments?post=8345"}],"wp:featuredmedia":[{"embeddable":true,"href":"http:\/\/andromeda-buecher.de\/buch2\/wp-json\/wp\/v2\/media\/14608"}],"wp:attachment":[{"href":"http:\/\/andromeda-buecher.de\/buch2\/wp-json\/wp\/v2\/media?parent=8345"}],"wp:term":[{"taxonomy":"product_cat","embeddable":true,"href":"http:\/\/andromeda-buecher.de\/buch2\/wp-json\/wp\/v2\/product_cat?post=8345"},{"taxonomy":"product_tag","embeddable":true,"href":"http:\/\/andromeda-buecher.de\/buch2\/wp-json\/wp\/v2\/product_tag?post=8345"}],"curies":[{"name":"wp","href":"https:\/\/api.w.org\/{rel}","templated":true}]}}