{"id":7783,"date":"2016-03-18T16:08:26","date_gmt":"2016-03-18T16:08:26","guid":{"rendered":"http:\/\/andromeda-buecher.de\/buch2\/?product=worte-eines-propheten-der-seher-van-rensburg"},"modified":"2016-10-27T14:56:29","modified_gmt":"2016-10-27T12:56:29","slug":"worte-eines-propheten-der-seher-van-rensburg","status":"publish","type":"product","link":"http:\/\/andromeda-buecher.de\/buch2\/produkt\/worte-eines-propheten-der-seher-van-rensburg\/","title":{"rendered":"Worte eines Propheten: Der Seher van Rensburg"},"content":{"rendered":"<p>antiquarisches Restexemplar!<\/p>\n<p>Adrian Snymann ist es zu zu verdanken, da\u00df die Schauungen und Prophezeiungen<br \/>\ndes Sehers van Rensburg die Europa, Afrika, ja die ganze Welt betreffen, in diesem Buch niedergeschrieben werden konnten. Die Prophezeiungen wurden w\u00e4hrend seiner Lebzeiten von 1899 bis 1926 von van Rensburgs Tochter niedergeschrieben.<br \/>\nDie Niederschriften werden im Archiv des Lichtenberg Museums aufbewahrt.<br \/>\nEs ist schon \u00fcber hundert Jahre her, als die Schauungen und Visionen begannen und daher besonders \u00fcberraschend, mit welcher Genauigkeit van Rensburg die f\u00fcr die Menschheit zuk\u00fcnftigen Ereignisse und Entwicklungen niederschrieb.<\/p>\n<p>Van Rensburg beschreibt \u2013 den Burenkrieg, die Zeichen einer neuen Macht \u2013 Hammer und Sichel, \u2013 \u201eHitlers Krieg\u201c und den \u2013 Eintritt Japans in diesen Krieg, die Folgen des Krieges: \u2013 Das geteilte Deutschland \u2013 Der Fall der Mauer \u2013 Europa wird eine Union \u2013 Die neue Weltordnung \u2013 Das Erwachen des Islam \u2013 Asien wird von einem Tsunami verw\u00fcstet \u2013 Amerika und Russland gehen in die Knie \u2013 Ein Komet am Himmel \u2013 Dritter Weltkrieg und sein Verlauf \u2013 Die Zukunft der Welt<\/p>\n<p>Dieses Buch schlie\u00dft die vorhandene L\u00fccke zwischen Nostradamus und Irlmaier.<br \/>\nEs \u00fcberrascht durch die pr\u00e4zisen<br \/>\nVorhersagen und kann Ihrer pers\u00f6nlichen Lebensplanung dienen.<\/p>\n<p>Adrian Snyman<br \/>\nWorte eines Propheten<br \/>\nca. 400 Seiten<br \/>\n2005<br \/>\nISBN 3-937987-19-3<\/p>\n","protected":false},"excerpt":{"rendered":"<p>antiquarisches Restexemplar! Adrian Snymann ist es zu zu verdanken, da\u00df die Schauungen und Prophezeiungen des Sehers van Rensburg die Europa, Afrika, ja die ganze Welt betreffen, in diesem Buch niedergeschrieben werden konnten. Die Prophezeiungen wurden w\u00e4hrend seiner Lebzeiten von 1899 bis 1926 von van Rensburgs Tochter niedergeschrieben. Die Niederschriften werden im Archiv des Lichtenberg Museums [&hellip;]<\/p>\n","protected":false},"featured_media":15224,"comment_status":"open","ping_status":"closed","template":"","meta":[],"product_cat":[167],"product_tag":[],"_links":{"self":[{"href":"http:\/\/andromeda-buecher.de\/buch2\/wp-json\/wp\/v2\/product\/7783"}],"collection":[{"href":"http:\/\/andromeda-buecher.de\/buch2\/wp-json\/wp\/v2\/product"}],"about":[{"href":"http:\/\/andromeda-buecher.de\/buch2\/wp-json\/wp\/v2\/types\/product"}],"replies":[{"embeddable":true,"href":"http:\/\/andromeda-buecher.de\/buch2\/wp-json\/wp\/v2\/comments?post=7783"}],"wp:featuredmedia":[{"embeddable":true,"href":"http:\/\/andromeda-buecher.de\/buch2\/wp-json\/wp\/v2\/media\/15224"}],"wp:attachment":[{"href":"http:\/\/andromeda-buecher.de\/buch2\/wp-json\/wp\/v2\/media?parent=7783"}],"wp:term":[{"taxonomy":"product_cat","embeddable":true,"href":"http:\/\/andromeda-buecher.de\/buch2\/wp-json\/wp\/v2\/product_cat?post=7783"},{"taxonomy":"product_tag","embeddable":true,"href":"http:\/\/andromeda-buecher.de\/buch2\/wp-json\/wp\/v2\/product_tag?post=7783"}],"curies":[{"name":"wp","href":"https:\/\/api.w.org\/{rel}","templated":true}]}}