{"id":7687,"date":"2016-03-18T16:08:16","date_gmt":"2016-03-18T16:08:16","guid":{"rendered":"http:\/\/andromeda-buecher.de\/buch2\/?product=weltenbaum-und-goetterglaube-luft-und-raumfahrt-vor-unserer-zeitrechnung"},"modified":"2016-03-18T16:08:16","modified_gmt":"2016-03-18T16:08:16","slug":"weltenbaum-und-goetterglaube-luft-und-raumfahrt-vor-unserer-zeitrechnung","status":"publish","type":"product","link":"http:\/\/andromeda-buecher.de\/buch2\/produkt\/weltenbaum-und-goetterglaube-luft-und-raumfahrt-vor-unserer-zeitrechnung\/","title":{"rendered":"Weltenbaum und G\u00f6tterglaube: Luft- und Raumfahrt vor unserer Zeitrechnung"},"content":{"rendered":"<p>Papst, Walter<br \/>\nWeltenbaum und G\u00f6tterglaube: Luft- und Raumfahrt vor unserer Zeitrechnung<\/p>\n<p>\n260 Seiten, Broschur, Klebebindung, Format 15,0 x 21,0 cm<br \/>\n1. Auflage 2002, Sofort lieferbar<\/p>\n<p>\nEvolution oder Sch\u00f6pfung? Diese Frage ist an Naturph\u00e4nomene und die Manipulation kosmischer M\u00e4chte gebunden. Die Lehrmeinung st\u00fctzt zwar die irdische Evolutionsidee, die Wissenschaft aber beweist gleichzeitig, da\u00df Sch\u00f6pfung m\u00f6glich ist. Die Antwort auf die wichtigste Frage der Menschheit ist offen. Im Hinblick auf den Stand der Genforschung setzt der Autor auf Sch\u00f6pfung und geht neue Wege, um aus Mythologie, Symbolik und Sprachurspr\u00fcngen einen historischen Ablauf zu entwickeln. Voraussetzung f\u00fcr den Sch\u00f6pfungsproze\u00df sind bewohnte Herkunftswelten und Raumfahrten auf die Erde. Papst zeichnet die phantastische Kosmographie benachbarter Welten.<\/p>\n","protected":false},"excerpt":{"rendered":"<p>Papst, Walter Weltenbaum und G\u00f6tterglaube: Luft- und Raumfahrt vor unserer Zeitrechnung 260 Seiten, Broschur, Klebebindung, Format 15,0 x 21,0 cm 1. Auflage 2002, Sofort lieferbar Evolution oder Sch\u00f6pfung? Diese Frage ist an Naturph\u00e4nomene und die Manipulation kosmischer M\u00e4chte gebunden. Die Lehrmeinung st\u00fctzt zwar die irdische Evolutionsidee, die Wissenschaft aber beweist gleichzeitig, da\u00df Sch\u00f6pfung m\u00f6glich ist. [&hellip;]<\/p>\n","protected":false},"featured_media":0,"comment_status":"open","ping_status":"closed","template":"","meta":[],"product_cat":[173],"product_tag":[],"_links":{"self":[{"href":"http:\/\/andromeda-buecher.de\/buch2\/wp-json\/wp\/v2\/product\/7687"}],"collection":[{"href":"http:\/\/andromeda-buecher.de\/buch2\/wp-json\/wp\/v2\/product"}],"about":[{"href":"http:\/\/andromeda-buecher.de\/buch2\/wp-json\/wp\/v2\/types\/product"}],"replies":[{"embeddable":true,"href":"http:\/\/andromeda-buecher.de\/buch2\/wp-json\/wp\/v2\/comments?post=7687"}],"wp:attachment":[{"href":"http:\/\/andromeda-buecher.de\/buch2\/wp-json\/wp\/v2\/media?parent=7687"}],"wp:term":[{"taxonomy":"product_cat","embeddable":true,"href":"http:\/\/andromeda-buecher.de\/buch2\/wp-json\/wp\/v2\/product_cat?post=7687"},{"taxonomy":"product_tag","embeddable":true,"href":"http:\/\/andromeda-buecher.de\/buch2\/wp-json\/wp\/v2\/product_tag?post=7687"}],"curies":[{"name":"wp","href":"https:\/\/api.w.org\/{rel}","templated":true}]}}