{"id":7606,"date":"2016-03-18T16:08:08","date_gmt":"2016-03-18T16:08:08","guid":{"rendered":"http:\/\/andromeda-buecher.de\/buch2\/?product=kultur-und-religion-der-germanen"},"modified":"2016-03-28T18:41:51","modified_gmt":"2016-03-28T16:41:51","slug":"kultur-und-religion-der-germanen","status":"publish","type":"product","link":"http:\/\/andromeda-buecher.de\/buch2\/produkt\/kultur-und-religion-der-germanen\/","title":{"rendered":"Kultur und Religion der Germanen"},"content":{"rendered":"<p>Ber\u00fchmtes Werk!<br \/>\nZur Zerst\u00f6rung der V\u00f6lker und Kulturen des Westens durch Eliten- und Begabungsschwund durch Vermehrung der kulturfeindlichen Schichten.<\/p>\n<p>212 seiten, geb., Faksimile<\/p>\n<p>&nbsp;<\/p>\n<p>Waren die Germanen wirklich Barbaren, Unzivilisierte, die mit der Natur<br \/>\nlebten und von ihren Instinkten bestimmt wurden? Viele Mythen ranken<br \/>\nsich auch heute noch um dieses Volk. Bereits Anfang des 20. Jahrhunderts<br \/>\nerschien Wilhelm Gr\u00f6nbechs immer noch grundlegendes Werk \u00fcber die<br \/>\nKultur und Religion der Germanen, in dem er verschiedenste Aspekte des<br \/>\nZusammenlebens in Alltag und Festzeiten, ihre sozialen Strukturen und<br \/>\nDenkweisen beleuchtet. Rituelle Handlungen und die Umsetzung von Werten<br \/>\nwie Friede, Ehre und Heil erschlie\u00dfen sich uns ebenso wie<br \/>\nG\u00f6ttervorstellungen und das Leben im Wechsel der Jahreszeiten. Gr\u00f6nbech<br \/>\nergr\u00fcndet die charakterliche Typologie einzelner St\u00e4mme sowie die<br \/>\nSichtweise der Menschen dieser Zeit. So offenbart sich die Welt der<br \/>\nGermanen als eine \u00fcberaus komplexe Welt, deren Fremdartigkeit uns auch<br \/>\nheute noch in ihren Bann schl\u00e4gt. Umfassendes Standardwerk.<br \/>\nFaksimile-Nachdruck von 1935, 680 Seiten, gebunden (Hardcover\/ Leinen)<br \/>\nmit Schutzumschlag<\/p>\n","protected":false},"excerpt":{"rendered":"<p>Ber\u00fchmtes Werk! Zur Zerst\u00f6rung der V\u00f6lker und Kulturen des Westens durch Eliten- und Begabungsschwund durch Vermehrung der kulturfeindlichen Schichten. 212 seiten, geb., Faksimile &nbsp; Waren die Germanen wirklich Barbaren, Unzivilisierte, die mit der Natur lebten und von ihren Instinkten bestimmt wurden? Viele Mythen ranken sich auch heute noch um dieses Volk. Bereits Anfang des 20. [&hellip;]<\/p>\n","protected":false},"featured_media":14844,"comment_status":"open","ping_status":"closed","template":"","meta":[],"product_cat":[79],"product_tag":[],"_links":{"self":[{"href":"http:\/\/andromeda-buecher.de\/buch2\/wp-json\/wp\/v2\/product\/7606"}],"collection":[{"href":"http:\/\/andromeda-buecher.de\/buch2\/wp-json\/wp\/v2\/product"}],"about":[{"href":"http:\/\/andromeda-buecher.de\/buch2\/wp-json\/wp\/v2\/types\/product"}],"replies":[{"embeddable":true,"href":"http:\/\/andromeda-buecher.de\/buch2\/wp-json\/wp\/v2\/comments?post=7606"}],"wp:featuredmedia":[{"embeddable":true,"href":"http:\/\/andromeda-buecher.de\/buch2\/wp-json\/wp\/v2\/media\/14844"}],"wp:attachment":[{"href":"http:\/\/andromeda-buecher.de\/buch2\/wp-json\/wp\/v2\/media?parent=7606"}],"wp:term":[{"taxonomy":"product_cat","embeddable":true,"href":"http:\/\/andromeda-buecher.de\/buch2\/wp-json\/wp\/v2\/product_cat?post=7606"},{"taxonomy":"product_tag","embeddable":true,"href":"http:\/\/andromeda-buecher.de\/buch2\/wp-json\/wp\/v2\/product_tag?post=7606"}],"curies":[{"name":"wp","href":"https:\/\/api.w.org\/{rel}","templated":true}]}}