{"id":7391,"date":"2016-03-18T16:07:46","date_gmt":"2016-03-18T16:07:46","guid":{"rendered":"http:\/\/andromeda-buecher.de\/buch2\/?product=im-zeichen-des-grals-erlebnisse-in-nordspanien-und-den-pyrenaeen"},"modified":"2016-03-26T18:08:55","modified_gmt":"2016-03-26T17:08:55","slug":"im-zeichen-des-grals-erlebnisse-in-nordspanien-und-den-pyrenaeen","status":"publish","type":"product","link":"http:\/\/andromeda-buecher.de\/buch2\/produkt\/im-zeichen-des-grals-erlebnisse-in-nordspanien-und-den-pyrenaeen\/","title":{"rendered":"Im Zeichen des Grals &#8211; Erlebnisse in Nordspanien und den Pyren\u00e4en"},"content":{"rendered":"<p>Oliver Ritter: Im Zeichen des Grals &#8211; Erlebnisse in Nordspanien und den Pyren\u00e4en<\/p>\n<p>Oliver Ritter \u00fcberrascht mit einem neuen, sehr pers\u00f6nlichen Buch. Acht Wochen lang folgte der Autor den Spuren des Gral in Nordspanien und den Pyren\u00e4en. Immer zu Fu\u00df, auf Pilgerwegen, Landstra\u00dfen und &#8222;\u00fcberwachten Pfaden&#8220;. Seine Reise begann auf dem bekannten Pilgerweg nach Santiago de Compostela, dem Jakobsweg, welchen er jedoch bald verlie\u00df, um Mysterienst\u00e4tten zu suchen und zu finden, in denen der Gralsgeist noch immer zu sp\u00fcren ist. Die Darstellung der Mysterienst\u00e4tten verschr\u00e4nkt sich mit Meditationen, kulturellen Betrachtungen, Schilderungen von Bergabenteuern und der Begegnung mit ungew\u00f6hnlichen Menschen.<br \/>\nEin H\u00f6hepunkt seines Berichts ist zweifellos die Begegnung mit dem Neffen von Antoine Gadal (1877 &#8211; 1962), des verdienstvollen H\u00f6hlenforschers und v\u00e4terlichen Freundes von Otto Rahn, den dieser als Kind noch kennengelernt hatte. Nur wenigen d\u00fcrfte bekannt sein, da\u00df Herr Gadal der letzte Patriarch der katharischen Bruderschaft war und da\u00df sich das gnostische Christentum bis in die Gegenwart fortsetzt. Noch immer empfangen Novizen in einsamen Pyren\u00e4enh\u00f6hlen die Geisttaufe, wird ernsthaft suchenden Menschen der Weg zu den Sternen gebahnt.<\/p>\n<p>ca. 200 Seiten, A5-Format, Broschur, zahlreiche s\/w-Abbildungen, ISBN 3-934291-38-4<\/p>\n","protected":false},"excerpt":{"rendered":"<p>Oliver Ritter: Im Zeichen des Grals &#8211; Erlebnisse in Nordspanien und den Pyren\u00e4en Oliver Ritter \u00fcberrascht mit einem neuen, sehr pers\u00f6nlichen Buch. Acht Wochen lang folgte der Autor den Spuren des Gral in Nordspanien und den Pyren\u00e4en. Immer zu Fu\u00df, auf Pilgerwegen, Landstra\u00dfen und &#8222;\u00fcberwachten Pfaden&#8220;. Seine Reise begann auf dem bekannten Pilgerweg nach Santiago [&hellip;]<\/p>\n","protected":false},"featured_media":13936,"comment_status":"open","ping_status":"closed","template":"","meta":[],"product_cat":[159],"product_tag":[],"_links":{"self":[{"href":"http:\/\/andromeda-buecher.de\/buch2\/wp-json\/wp\/v2\/product\/7391"}],"collection":[{"href":"http:\/\/andromeda-buecher.de\/buch2\/wp-json\/wp\/v2\/product"}],"about":[{"href":"http:\/\/andromeda-buecher.de\/buch2\/wp-json\/wp\/v2\/types\/product"}],"replies":[{"embeddable":true,"href":"http:\/\/andromeda-buecher.de\/buch2\/wp-json\/wp\/v2\/comments?post=7391"}],"wp:featuredmedia":[{"embeddable":true,"href":"http:\/\/andromeda-buecher.de\/buch2\/wp-json\/wp\/v2\/media\/13936"}],"wp:attachment":[{"href":"http:\/\/andromeda-buecher.de\/buch2\/wp-json\/wp\/v2\/media?parent=7391"}],"wp:term":[{"taxonomy":"product_cat","embeddable":true,"href":"http:\/\/andromeda-buecher.de\/buch2\/wp-json\/wp\/v2\/product_cat?post=7391"},{"taxonomy":"product_tag","embeddable":true,"href":"http:\/\/andromeda-buecher.de\/buch2\/wp-json\/wp\/v2\/product_tag?post=7391"}],"curies":[{"name":"wp","href":"https:\/\/api.w.org\/{rel}","templated":true}]}}