{"id":7320,"date":"2016-03-18T16:07:39","date_gmt":"2016-03-18T16:07:39","guid":{"rendered":"http:\/\/andromeda-buecher.de\/buch2\/?product=die-germanen-eine-einfuehrung-in-die-geschichte-ihrer-sprache-und-kultur"},"modified":"2016-03-18T16:07:39","modified_gmt":"2016-03-18T16:07:39","slug":"die-germanen-eine-einfuehrung-in-die-geschichte-ihrer-sprache-und-kultur","status":"publish","type":"product","link":"http:\/\/andromeda-buecher.de\/buch2\/produkt\/die-germanen-eine-einfuehrung-in-die-geschichte-ihrer-sprache-und-kultur\/","title":{"rendered":"Die Germanen: Eine Einf\u00fchrung in die Geschichte ihrer Sprache und Kultur"},"content":{"rendered":"<p>T.E. Karsten: <\/p>\n<p>\nDie Germanen: Eine Einf\u00fchrung in die Geschichte ihrer Sprache und Kultur\n<\/p>\n<p>\nDer vorliegende Band ist eine Einf\u00fchrung in die wichtigsten sprachlichen und kulturellen Fragen der germanischen Vor- und Fr\u00fchgeschichte. Dabei werden alle Germanensprachen und -kulturen, auch diejenigen, die von den numerisch kleinsten Bev\u00f6lkerungen vertreten werden, in die gro\u00dfe germanische Sprach- und Kulturwelt miteinbezogen. Erfahren Sie alles \u00fcber die Entstehung der Runenschrift, entdecken Sie germanisches Sprachgut bei klassischen Autoren und in lateinischen Inschriften der R\u00f6merzeit oder Lehnw\u00f6rter keltischer, r\u00f6mischer oder griechischer Herkunft.<br \/>\ngeb. mit SU, ca. 256 Seiten, Format: 12,5 x 20,0 cm <\/p>\n","protected":false},"excerpt":{"rendered":"<p>T.E. Karsten: Die Germanen: Eine Einf\u00fchrung in die Geschichte ihrer Sprache und Kultur Der vorliegende Band ist eine Einf\u00fchrung in die wichtigsten sprachlichen und kulturellen Fragen der germanischen Vor- und Fr\u00fchgeschichte. Dabei werden alle Germanensprachen und -kulturen, auch diejenigen, die von den numerisch kleinsten Bev\u00f6lkerungen vertreten werden, in die gro\u00dfe germanische Sprach- und Kulturwelt miteinbezogen. [&hellip;]<\/p>\n","protected":false},"featured_media":0,"comment_status":"open","ping_status":"closed","template":"","meta":[],"product_cat":[82],"product_tag":[],"_links":{"self":[{"href":"http:\/\/andromeda-buecher.de\/buch2\/wp-json\/wp\/v2\/product\/7320"}],"collection":[{"href":"http:\/\/andromeda-buecher.de\/buch2\/wp-json\/wp\/v2\/product"}],"about":[{"href":"http:\/\/andromeda-buecher.de\/buch2\/wp-json\/wp\/v2\/types\/product"}],"replies":[{"embeddable":true,"href":"http:\/\/andromeda-buecher.de\/buch2\/wp-json\/wp\/v2\/comments?post=7320"}],"wp:attachment":[{"href":"http:\/\/andromeda-buecher.de\/buch2\/wp-json\/wp\/v2\/media?parent=7320"}],"wp:term":[{"taxonomy":"product_cat","embeddable":true,"href":"http:\/\/andromeda-buecher.de\/buch2\/wp-json\/wp\/v2\/product_cat?post=7320"},{"taxonomy":"product_tag","embeddable":true,"href":"http:\/\/andromeda-buecher.de\/buch2\/wp-json\/wp\/v2\/product_tag?post=7320"}],"curies":[{"name":"wp","href":"https:\/\/api.w.org\/{rel}","templated":true}]}}