{"id":7309,"date":"2016-03-18T16:07:38","date_gmt":"2016-03-18T16:07:38","guid":{"rendered":"http:\/\/andromeda-buecher.de\/buch2\/?product=antike-mythologie-der-mythos-und-seine-ueberlieferung-in-literatur-und-bildender-kunst"},"modified":"2016-03-30T18:13:29","modified_gmt":"2016-03-30T16:13:29","slug":"antike-mythologie-der-mythos-und-seine-ueberlieferung-in-literatur-und-bildender-kunst","status":"publish","type":"product","link":"http:\/\/andromeda-buecher.de\/buch2\/produkt\/antike-mythologie-der-mythos-und-seine-ueberlieferung-in-literatur-und-bildender-kunst\/","title":{"rendered":"Antike Mythologie: Der Mythos und seine \u00dcberlieferung in Literatur und bildender Kunst"},"content":{"rendered":"<p>Hans-K. und Susanne L\u00fccke<\/p>\n<p>Antike Mythologie<br \/>\nEin Handbuch<br \/>\nDer Mythos und seine \u00dcberlieferung in Literatur und bildender Kunst<\/p>\n<p>Dieses Handbuch besch\u00e4ftigt sich mit jenen Gestalten der antiken Mythologie, die die Zeiten \u00fcberdauert und in mittelalterlicher wie neuzeitlicher Mythographie und Kunst fassbar sind. Sein Anliegen ist also auch und besonders die Rezeption mythischer Gestalten und deren Bedeutungsgeschichte. Jeder befasst sich zudem mit den Beispielen der Bildkunst und liefert einen differenzierten Katalog der Bildthemen.<\/p>\n<p>Damit wird dieses Handbuch zu einem unverzichtbaren Nachschlagewerk f\u00fcr all diejenigen, die wissen wollen, wie und wo die Hauptg\u00f6tter und wichtigsten mythischen Figuren der griechischen und r\u00f6mischen Antike in der Kulturgeschichte weiterleben.<br \/>\ngeb. mit SU, 768 Seiten mit Abbildungen, Format: 15,1 x 22,7 cm.<\/p>\n<p>ISBN 3-86539-046-3<\/p>\n","protected":false},"excerpt":{"rendered":"<p>Hans-K. und Susanne L\u00fccke Antike Mythologie Ein Handbuch Der Mythos und seine \u00dcberlieferung in Literatur und bildender Kunst Dieses Handbuch besch\u00e4ftigt sich mit jenen Gestalten der antiken Mythologie, die die Zeiten \u00fcberdauert und in mittelalterlicher wie neuzeitlicher Mythographie und Kunst fassbar sind. Sein Anliegen ist also auch und besonders die Rezeption mythischer Gestalten und deren [&hellip;]<\/p>\n","protected":false},"featured_media":15391,"comment_status":"open","ping_status":"closed","template":"","meta":[],"product_cat":[75],"product_tag":[],"_links":{"self":[{"href":"http:\/\/andromeda-buecher.de\/buch2\/wp-json\/wp\/v2\/product\/7309"}],"collection":[{"href":"http:\/\/andromeda-buecher.de\/buch2\/wp-json\/wp\/v2\/product"}],"about":[{"href":"http:\/\/andromeda-buecher.de\/buch2\/wp-json\/wp\/v2\/types\/product"}],"replies":[{"embeddable":true,"href":"http:\/\/andromeda-buecher.de\/buch2\/wp-json\/wp\/v2\/comments?post=7309"}],"wp:featuredmedia":[{"embeddable":true,"href":"http:\/\/andromeda-buecher.de\/buch2\/wp-json\/wp\/v2\/media\/15391"}],"wp:attachment":[{"href":"http:\/\/andromeda-buecher.de\/buch2\/wp-json\/wp\/v2\/media?parent=7309"}],"wp:term":[{"taxonomy":"product_cat","embeddable":true,"href":"http:\/\/andromeda-buecher.de\/buch2\/wp-json\/wp\/v2\/product_cat?post=7309"},{"taxonomy":"product_tag","embeddable":true,"href":"http:\/\/andromeda-buecher.de\/buch2\/wp-json\/wp\/v2\/product_tag?post=7309"}],"curies":[{"name":"wp","href":"https:\/\/api.w.org\/{rel}","templated":true}]}}