{"id":7241,"date":"2016-03-18T16:07:32","date_gmt":"2016-03-18T16:07:32","guid":{"rendered":"http:\/\/andromeda-buecher.de\/buch2\/?product=die-fahnen-und-standarten-des-deutschen-heeres-1936-1944-eine-heereskundliche-dokumentation"},"modified":"2016-03-27T22:27:01","modified_gmt":"2016-03-27T20:27:01","slug":"die-fahnen-und-standarten-des-deutschen-heeres-1936-1944-eine-heereskundliche-dokumentation","status":"publish","type":"product","link":"http:\/\/andromeda-buecher.de\/buch2\/produkt\/die-fahnen-und-standarten-des-deutschen-heeres-1936-1944-eine-heereskundliche-dokumentation\/","title":{"rendered":"DIE FAHNEN UND STANDARTEN DES DEUTSCHEN HEERES 1936 &#8211; 1944: Eine heereskundliche Dokumentation"},"content":{"rendered":"<p>DIE FAHNEN UND STANDARTEN DES DEUTSCHEN HEERES 1936 &#8211; 1944<\/p>\n<p>G. R\u00fcddenklau \/ H. Guenther<br \/>\nEine heereskundliche Dokumentation<br \/>\n280 Seiten mit \u00fcber 120 Abbildungen, davon 20 in Farbe<br \/>\nFormat 21 x 30 cm, gebunden<\/p>\n<p>Dieses Werk stellt die erste umfassende, mit wissenschaftlichem Anspruch verfasste Untersuchung \u00fcber die Feldzeichen des Heeres der deutschen Wehrmacht dar. Es korrigiert zahlreiche, auch in der bisherigen Fachliteratur verbreitete Irrt\u00fcmer.<br \/>\nEnthalten sind u.a. die amtliche Beschreibung der Fahnen und Standarten des Heeres der deutschen Wehrmacht sowie zahlreiche Faksimiles: Herstellung der Feldzeichen, einschl\u00e4gige Bestimmungen aus Heeresverordnungsbl\u00e4ttern, Allgemeine Heeresmitteilungen und der Mobilmachungsplan f\u00fcr das Heer 1937, die vollst\u00e4ndige Fahnenvorschrift (H.Dv.133)aus dem Jahr 1937, die Abgabebefehle und Beispiele f\u00fcr Bergungsbelege 1944\/45.<br \/>\nEingegangen wird auf die gestifteten, aber nicht mehr \u00fcbergebenen Erinnerungsb\u00e4nder f\u00fcr die Einm\u00e4rsche in \u00d6sterreich, Sudetenland, B\u00f6hmen und M\u00e4hren sowie Memel 1938\/39 sowie auf die als Truppenfahnen der Wehrmacht gef\u00fchrten Preu\u00dfischen Landespolizeifahnen.<br \/>\nAufgrund umfangreicher und breit gestreuter Quellen wird die \u00dcbergabe der Fahnen und Standarten wehrkreisweise Truppenteil f\u00fcr Truppenteil vollst\u00e4ndig nachgezeichnet. So kann erstmals die Gesamtausstattung des Heeres der Wehrmacht mit Feldzeichen aufgekl\u00e4rt und nach den Grundfarben ihrer T\u00fccher geordnet dargestellt werden.<br \/>\n\u00dcber 120 teilweise farbige Abbildungen der Feldzeichen, der \u00dcbergaben an ihre Truppenteile und das F\u00fchren durch diese erg\u00e4nzen den Text.<br \/>\nDieses au\u00dfergew\u00f6hnliche Werk ist formationsgeschichtlich vom h\u00f6chsten Interesse und schlie\u00dft eine wesentliche L\u00fccke in der deutschen Milit\u00e4rgeschichtsschreibung.<\/p>\n","protected":false},"excerpt":{"rendered":"<p>DIE FAHNEN UND STANDARTEN DES DEUTSCHEN HEERES 1936 &#8211; 1944 G. R\u00fcddenklau \/ H. Guenther Eine heereskundliche Dokumentation 280 Seiten mit \u00fcber 120 Abbildungen, davon 20 in Farbe Format 21 x 30 cm, gebunden Dieses Werk stellt die erste umfassende, mit wissenschaftlichem Anspruch verfasste Untersuchung \u00fcber die Feldzeichen des Heeres der deutschen Wehrmacht dar. Es [&hellip;]<\/p>\n","protected":false},"featured_media":14655,"comment_status":"open","ping_status":"closed","template":"","meta":[],"product_cat":[139],"product_tag":[],"_links":{"self":[{"href":"http:\/\/andromeda-buecher.de\/buch2\/wp-json\/wp\/v2\/product\/7241"}],"collection":[{"href":"http:\/\/andromeda-buecher.de\/buch2\/wp-json\/wp\/v2\/product"}],"about":[{"href":"http:\/\/andromeda-buecher.de\/buch2\/wp-json\/wp\/v2\/types\/product"}],"replies":[{"embeddable":true,"href":"http:\/\/andromeda-buecher.de\/buch2\/wp-json\/wp\/v2\/comments?post=7241"}],"wp:featuredmedia":[{"embeddable":true,"href":"http:\/\/andromeda-buecher.de\/buch2\/wp-json\/wp\/v2\/media\/14655"}],"wp:attachment":[{"href":"http:\/\/andromeda-buecher.de\/buch2\/wp-json\/wp\/v2\/media?parent=7241"}],"wp:term":[{"taxonomy":"product_cat","embeddable":true,"href":"http:\/\/andromeda-buecher.de\/buch2\/wp-json\/wp\/v2\/product_cat?post=7241"},{"taxonomy":"product_tag","embeddable":true,"href":"http:\/\/andromeda-buecher.de\/buch2\/wp-json\/wp\/v2\/product_tag?post=7241"}],"curies":[{"name":"wp","href":"https:\/\/api.w.org\/{rel}","templated":true}]}}