{"id":7204,"date":"2016-03-18T16:07:29","date_gmt":"2016-03-18T16:07:29","guid":{"rendered":"http:\/\/andromeda-buecher.de\/buch2\/?product=mythos-informationsgesellschaft-was-wir-aus-den-medien-nicht-erfahren"},"modified":"2016-03-25T15:59:21","modified_gmt":"2016-03-25T14:59:21","slug":"mythos-informationsgesellschaft-was-wir-aus-den-medien-nicht-erfahren","status":"publish","type":"product","link":"http:\/\/andromeda-buecher.de\/buch2\/produkt\/mythos-informationsgesellschaft-was-wir-aus-den-medien-nicht-erfahren\/","title":{"rendered":"Mythos Informationsgesellschaft: Was wir aus den Medien nicht erfahren"},"content":{"rendered":"<p>Mythos Informationsgesellschaft<br \/>\nViktor Farkas<\/p>\n<p>T\u00e4glich erreicht uns eine wahre Flut an Informationen. Zahlreiche Medien \u00fcbersch\u00fctten uns mit ihren Beitr\u00e4gen und stehen zur Informationsgewinnung und Meinungsbildung zur Verf\u00fcgung. Experten sprechen von einer &#8222;Informationsgesellschaft&#8220;. Doch stimmt das wirklich? Nein, denn Masse ist bekanntlich noch lange keine Klasse! Viktor Farkas hatte schon immer ein gesundes Mi\u00dftrauen gegen\u00fcber der offiziellen Medien-Berichterstattung. Seit Jahren ist er all jenem auf der Spur, was an Informationen unterdr\u00fcckt, verdreht, weggelassen und unter den Teppich gekehrt wird. Er zeigt anhand einer Vielzahl von Beispielen aus Politik, Wirtschaft und anderen Lebensbereichen, da\u00df die &#8222;Informationsgesellschaft&#8220; ein reiner Mythos ist. Ein gro\u00dfer Teil der Informationen ist manipulativ und dient den Interessen derjenigen, die gew\u00f6hnlich im Hintergrund bleiben. Ein anderer Teil ist einfach nur unwichtig, wird aber von den Medien so \u00fcberbewertet, da\u00df dadurch die Aufmerksamkeit von wesentlich wichtigeren Berichten, die oft nur am Rande behandelt werden, abgelenkt wird.<br \/>\nBei genauer Betrachtung entpuppt sich vieles, was als &#8222;objektive Berichterstattung&#8220; bezeichnet wird, als Desinformation, Halbwahrheit &#8211; manches sogar als faustdicke L\u00fcge. Die Wahrheit, die zum Verst\u00e4ndnis des Geschehens wichtig w\u00e4re, erf\u00e4hrt der Nutzer der klassischen Medien hingegen oftmals nicht. Wenn Sie dieses Buch gelesen haben, machen Sie sich keine Illusionen mehr \u00fcber die Glaubw\u00fcrdigkeit der Mainstream-Medien.<\/p>\n<p>Ein tabuloser Report \u00fcber die Welt der Medien, wie sie tats\u00e4chlich ist!<\/p>\n<p>Haben Sie gewu\u00dft, wie sehr Sie belogen werden?<br \/>\nHaben Sie je aus den Medien erfahren,<\/p>\n<p>&#8211; da\u00df diese selbst an der Leine von Politik und Wirtschaft liegen?<br \/>\n&#8211; da\u00df die Globalisierung in die Katastrophe f\u00fchren wird?<br \/>\n&#8211; da\u00df Wirtschafts- und Arbeitsmarktdaten raffiniert gef\u00e4lscht werden?<br \/>\n&#8211; da\u00df wir B\u00fcrger besitzlos im eigenen Land werden sollen?<br \/>\n&#8211; da\u00df &#8222;Sozialreformen&#8220; den Sozialstaat beenden werden?<br \/>\n&#8211; da\u00df Terror ein Wirtschaftsfaktor ist?<br \/>\n&#8211; da\u00df die USA v\u00f6llig \u00fcberschuldet und in Wahrheit bankrott sind?<br \/>\n&#8211; da\u00df es beim Irak-Krieg nicht um \u00d6l ging, sondern um die Sicherung des Dollar?<br \/>\n&#8211; da\u00df die meisten Terror-Anschl\u00e4ge andere Hintergr\u00fcnde haben, als uns weisgemacht wird?<br \/>\n&#8211; da\u00df der Dritte Weltkrieg auf mehreren Ebenen vorbereitet wird?<br \/>\n&#8211; da\u00df der \u00dcberwachungsstaat Wirklichkeit wird: Computer, Handy, RFID-Chips &#8230;?<br \/>\n&#8211; da\u00df wir alle von Geburt an eine Erkennungsnummer tragen sollen?<br \/>\n&#8211; da\u00df Orwells Buch &#8222;1984&#8220; in der Realit\u00e4t bereits weit \u00fcbertroffen ist?<\/p>\n<p>Hand auf&#8217;s Herz: H\u00e4tten Sie das f\u00fcr m\u00f6glich gehalten? Und das ist nur die Spitze des Eisbergs!<\/p>\n<p>K\u00fchn in der Provokation, fundiert in der Sachkenntnis und mitrei\u00dfend wie es f\u00fcr ihn typisch ist, zeigt Viktor Farkas auf, was wir nicht wissen sollen. Dieses Wissen wird zusehends zur \u00dcberlebensfrage.<\/p>\n<p>Daten: 336 Seiten, gebunden, 2005<\/p>\n","protected":false},"excerpt":{"rendered":"<p>Mythos Informationsgesellschaft Viktor Farkas T\u00e4glich erreicht uns eine wahre Flut an Informationen. Zahlreiche Medien \u00fcbersch\u00fctten uns mit ihren Beitr\u00e4gen und stehen zur Informationsgewinnung und Meinungsbildung zur Verf\u00fcgung. Experten sprechen von einer &#8222;Informationsgesellschaft&#8220;. Doch stimmt das wirklich? Nein, denn Masse ist bekanntlich noch lange keine Klasse! Viktor Farkas hatte schon immer ein gesundes Mi\u00dftrauen gegen\u00fcber der [&hellip;]<\/p>\n","protected":false},"featured_media":13593,"comment_status":"open","ping_status":"closed","template":"","meta":[],"product_cat":[175],"product_tag":[],"_links":{"self":[{"href":"http:\/\/andromeda-buecher.de\/buch2\/wp-json\/wp\/v2\/product\/7204"}],"collection":[{"href":"http:\/\/andromeda-buecher.de\/buch2\/wp-json\/wp\/v2\/product"}],"about":[{"href":"http:\/\/andromeda-buecher.de\/buch2\/wp-json\/wp\/v2\/types\/product"}],"replies":[{"embeddable":true,"href":"http:\/\/andromeda-buecher.de\/buch2\/wp-json\/wp\/v2\/comments?post=7204"}],"wp:featuredmedia":[{"embeddable":true,"href":"http:\/\/andromeda-buecher.de\/buch2\/wp-json\/wp\/v2\/media\/13593"}],"wp:attachment":[{"href":"http:\/\/andromeda-buecher.de\/buch2\/wp-json\/wp\/v2\/media?parent=7204"}],"wp:term":[{"taxonomy":"product_cat","embeddable":true,"href":"http:\/\/andromeda-buecher.de\/buch2\/wp-json\/wp\/v2\/product_cat?post=7204"},{"taxonomy":"product_tag","embeddable":true,"href":"http:\/\/andromeda-buecher.de\/buch2\/wp-json\/wp\/v2\/product_tag?post=7204"}],"curies":[{"name":"wp","href":"https:\/\/api.w.org\/{rel}","templated":true}]}}