{"id":7199,"date":"2016-03-18T16:07:28","date_gmt":"2016-03-18T16:07:28","guid":{"rendered":"http:\/\/andromeda-buecher.de\/buch2\/?product=chemtrails-verschwoerung-am-himmel-wettermanipulation-unter-den-augen-der-oeffentlichkeit"},"modified":"2016-03-18T16:07:28","modified_gmt":"2016-03-18T16:07:28","slug":"chemtrails-verschwoerung-am-himmel-wettermanipulation-unter-den-augen-der-oeffentlichkeit","status":"publish","type":"product","link":"http:\/\/andromeda-buecher.de\/buch2\/produkt\/chemtrails-verschwoerung-am-himmel-wettermanipulation-unter-den-augen-der-oeffentlichkeit\/","title":{"rendered":"Chemtrails: Verschw\u00f6rung am Himmel? Wettermanipulation unter den Augen der \u00d6ffentlichkeit"},"content":{"rendered":"<p>Gebundene Ausgabe &#8211; Stocker, V. F. Sammler, Erscheinungsdatum: Juni 2005, ISBN: 3853652131&lt;<br \/>\n135 Seiten, zahlreiche Farbabbildungen, 16,5 x 24 cm, Hardcover <\/p>\n<p>\nVerschw\u00f6rungstheorie oder Wahrheit? Immer h\u00e4ufiger werden am Himmel seltsame Kondensstreifen beobachtet, die auf Wetterexperimente hindeuten. Diese Streifen l\u00f6sen sich \u2013 anders als die von D\u00fcsenflugzeugen bekannten \u2013 nicht nach wenigen Minuten auf, sondern breiten sich aus und \u00fcberziehen den Himmel mit einer milchigen Schicht. Vor knapp f\u00fcnf Jahren wurden die ersten Sichtungen in den USA registriert; mittlerweile liegen auch Hunderte von Meldungen aus europ\u00e4ischen St\u00e4dten vor. F\u00fcr viele Menschen steht fest: Am Himmel finden geheime Spr\u00fchaktionen zur Rettung vor der Klimakatastrophe statt. Untermauert wird diese Vermutung durch das sogenannte Welsbach-Patent, das eine Bek\u00e4mpfung des Treibhauseffekts durch das Ausbringen chemischer Substanzen in der Atmosph\u00e4re vorsieht \u2013 ein Verfahren, das auch von mehreren Klima-Reports als praktikabler Weg beschrieben wird. <\/p>\n<p>Finden vor den Augen der \u00d6ffentlichkeit tats\u00e4chlich Spr\u00fchaktionen in der Atmosph\u00e4re statt? Dienen sie zur Bek\u00e4mpfung des Treibhauseffekts oder verfolgen sie andere, mysteri\u00f6sere Ziele? Dieses Buch sammelt alle zur Zeit verf\u00fcgbaren Fakten und Theorien zum Thema Chemtrails sowie Interviews mit Chemtrail-Forschern und -Beobachtern.\n<\/p>\n<p>\nDie Autoren: <br \/>\nChris Haderer, geb. 1963 in Wr. Neustadt, lebt in Wien und liebt das Land. Arbeitet als freier Journalist und Autor (u. a. Beitr\u00e4ge f\u00fcr das &#8218;Falter Internet Handbuch&#8216;, sowie \u201eDie 50 wichtigsten TV-Kultserien\u201c). Gestalter von Videoclips &amp; -dokumentationen sowie Radiosendungen (u. a. die &#8218;Big Brother News&#8216; f\u00fcr CROPfm\/Radio Helsinki in Graz). http:\/\/members.chello.at\/artbeat\/\n<\/p>\n<p>\nPeter Hiess, geb. 1959 in Wien, Lebt, liest und arbeitet dortselbst. Zu seinen Buchver\u00f6ffentlichungen z\u00e4hlen True-Crime-B\u00fccher (&#8218;Die zarte Hand des Todes&#8216;, &#8218;Mord-Express&#8216; u. a., mit Christian Lunzer), der Ostbahn-Kurt-Krimi &#8218;Peepshow&#8216; (mit G\u00fcnter Br\u00f6dl), ein Wienerwald-Wanderf\u00fchrer und mehr. Ansonsten ist er als freier Journalist und Chefredakteur der Netzzeitschrift EVOLVER t\u00e4tig. <\/p>\n<p>\nVerschw\u00f6rung in den Wolken?, 16. August 2005<br \/>\n Rezensentin\/Rezensent: manu0307 aus Eggersdorf\/Graz  <br \/>\nSeit zwei, drei Jahren geistert der Begriff \u201eChemtrails&quot; durch das Internet, und neuerdings auch durch die Medien. Was f\u00fcr viele Menschen, die sich mit dem \u201eWolkenph\u00e4nomen&quot; konfrontiert waren, bisher gar nicht gut kam, war die N\u00e4he der Publikationen zu den wildesten Verschw\u00f6rungstheorien. Dieses Buch geht anders mit dem Thema um: Die beiden Autoren versuchen sich den \u201eChemiestreifen&quot; ausgesprochen journalistisch und ernsthaft zu n\u00e4hern und belegen praktisch alle im Buch zitierten Informationen mit Links und Quellenangaben. Dazu kommen zahlreiche Beobachtungsberichte aus Deutschland, \u00d6sterreich und der Schweiz (und auch Amerika) sowie enorm viele Fotos. Neben der Beobachtung von Chemtrails werden auch die m\u00f6glichen Hintergr\u00fcnde vom \u201eWelsbach-Patent&quot; bis hin eben zu Verschw\u00f6rungstheorien aufgegriffen, wobei die \u201eBodenhaftung&quot; (wie am Ende des Buches geschrieben wird) aber gewahrt bleibt. \u201eChemtrails &#8211; Verschw\u00f6rung in den Wolken?&quot; ist damit das erste seri\u00f6se deutschsprachige Buch, das den Leser nicht mit einer vorgefa\u00dften Meinung oder Verschw\u00f6rungstheorie \u00fcberf\u00e4llt und ihn von ihr \u00fcberzeugen will, sondern ihm selbst die Entscheidung \u00fcberl\u00e4\u00dft. Die Autoren stellen keine Behauptungen auf &#8211; sie gehen von Indizien aus und liefern wissenschaftliche Hintergr\u00fcnde f\u00fcr die kursierenden Theorien. Ein Kapitel \u00fcber Umweltkrankheiten und Flugzeugtreibstoffe rundet die ansprechende aber auch \u00e4ngstigende Lekt\u00fcre ab.<\/p>\n","protected":false},"excerpt":{"rendered":"<p>Gebundene Ausgabe &#8211; Stocker, V. F. Sammler, Erscheinungsdatum: Juni 2005, ISBN: 3853652131&lt; 135 Seiten, zahlreiche Farbabbildungen, 16,5 x 24 cm, Hardcover Verschw\u00f6rungstheorie oder Wahrheit? Immer h\u00e4ufiger werden am Himmel seltsame Kondensstreifen beobachtet, die auf Wetterexperimente hindeuten. Diese Streifen l\u00f6sen sich \u2013 anders als die von D\u00fcsenflugzeugen bekannten \u2013 nicht nach wenigen Minuten auf, sondern breiten [&hellip;]<\/p>\n","protected":false},"featured_media":0,"comment_status":"open","ping_status":"closed","template":"","meta":[],"product_cat":[93],"product_tag":[],"_links":{"self":[{"href":"http:\/\/andromeda-buecher.de\/buch2\/wp-json\/wp\/v2\/product\/7199"}],"collection":[{"href":"http:\/\/andromeda-buecher.de\/buch2\/wp-json\/wp\/v2\/product"}],"about":[{"href":"http:\/\/andromeda-buecher.de\/buch2\/wp-json\/wp\/v2\/types\/product"}],"replies":[{"embeddable":true,"href":"http:\/\/andromeda-buecher.de\/buch2\/wp-json\/wp\/v2\/comments?post=7199"}],"wp:attachment":[{"href":"http:\/\/andromeda-buecher.de\/buch2\/wp-json\/wp\/v2\/media?parent=7199"}],"wp:term":[{"taxonomy":"product_cat","embeddable":true,"href":"http:\/\/andromeda-buecher.de\/buch2\/wp-json\/wp\/v2\/product_cat?post=7199"},{"taxonomy":"product_tag","embeddable":true,"href":"http:\/\/andromeda-buecher.de\/buch2\/wp-json\/wp\/v2\/product_tag?post=7199"}],"curies":[{"name":"wp","href":"https:\/\/api.w.org\/{rel}","templated":true}]}}