{"id":7126,"date":"2016-03-18T16:07:22","date_gmt":"2016-03-18T16:07:22","guid":{"rendered":"http:\/\/andromeda-buecher.de\/buch2\/?product=an-der-weltenwende-acora-goddas-vermaechtnis-der-letzte-koenig-von-atlantis"},"modified":"2016-03-26T18:39:09","modified_gmt":"2016-03-26T17:39:09","slug":"an-der-weltenwende-acora-goddas-vermaechtnis-der-letzte-koenig-von-atlantis","status":"publish","type":"product","link":"http:\/\/andromeda-buecher.de\/buch2\/produkt\/an-der-weltenwende-acora-goddas-vermaechtnis-der-letzte-koenig-von-atlantis\/","title":{"rendered":"An der Weltenwende: Acora Goddas Verm\u00e4chtnis: Der letzte K\u00f6nig von Atlantis"},"content":{"rendered":"<p>An der Weltenwende: Acora Goddas Verm\u00e4chtnis<br \/>\nKarl Kreth<\/p>\n<p>Acora Goddas war einer der letzten K\u00f6nige von Atlantis. Er hat den Wissenden und Suchenden ein Verm\u00e4chtnis hinterlassen. Der Autor versucht, von diesem Verm\u00e4chtnis zu berichten und gibt dem Leser Einblicke in das ewig Geltende zu vermitteln. Es zieht sich wie ein Urstrom durch unser Leben und wirkt in der Stille. Sie zeigt sich nicht nur in geistiger Erkenntnis, sondern intensi-ver noch im t\u00e4glichen Leben. Und dies bezeugt die Lebendigkeit des ewig Geltenden, im Verm\u00e4chtnis des gro\u00dfen K\u00f6nigs. Ober auch der Leser es findet?<\/p>\n<p>Das Buch hat satte 467 Seiten! fest gebunden mit Schutzumschlag<\/p>\n","protected":false},"excerpt":{"rendered":"<p>An der Weltenwende: Acora Goddas Verm\u00e4chtnis Karl Kreth Acora Goddas war einer der letzten K\u00f6nige von Atlantis. Er hat den Wissenden und Suchenden ein Verm\u00e4chtnis hinterlassen. Der Autor versucht, von diesem Verm\u00e4chtnis zu berichten und gibt dem Leser Einblicke in das ewig Geltende zu vermitteln. Es zieht sich wie ein Urstrom durch unser Leben und [&hellip;]<\/p>\n","protected":false},"featured_media":13983,"comment_status":"open","ping_status":"closed","template":"","meta":[],"product_cat":[161],"product_tag":[],"_links":{"self":[{"href":"http:\/\/andromeda-buecher.de\/buch2\/wp-json\/wp\/v2\/product\/7126"}],"collection":[{"href":"http:\/\/andromeda-buecher.de\/buch2\/wp-json\/wp\/v2\/product"}],"about":[{"href":"http:\/\/andromeda-buecher.de\/buch2\/wp-json\/wp\/v2\/types\/product"}],"replies":[{"embeddable":true,"href":"http:\/\/andromeda-buecher.de\/buch2\/wp-json\/wp\/v2\/comments?post=7126"}],"wp:featuredmedia":[{"embeddable":true,"href":"http:\/\/andromeda-buecher.de\/buch2\/wp-json\/wp\/v2\/media\/13983"}],"wp:attachment":[{"href":"http:\/\/andromeda-buecher.de\/buch2\/wp-json\/wp\/v2\/media?parent=7126"}],"wp:term":[{"taxonomy":"product_cat","embeddable":true,"href":"http:\/\/andromeda-buecher.de\/buch2\/wp-json\/wp\/v2\/product_cat?post=7126"},{"taxonomy":"product_tag","embeddable":true,"href":"http:\/\/andromeda-buecher.de\/buch2\/wp-json\/wp\/v2\/product_tag?post=7126"}],"curies":[{"name":"wp","href":"https:\/\/api.w.org\/{rel}","templated":true}]}}