{"id":7010,"date":"2016-03-18T16:07:11","date_gmt":"2016-03-18T16:07:11","guid":{"rendered":"http:\/\/andromeda-buecher.de\/buch2\/?product=die-zeit-der-wiederkehr-weihnachten-bedeutungen-und-auspraegungen"},"modified":"2016-03-27T20:24:13","modified_gmt":"2016-03-27T18:24:13","slug":"die-zeit-der-wiederkehr-weihnachten-bedeutungen-und-auspraegungen","status":"publish","type":"product","link":"http:\/\/andromeda-buecher.de\/buch2\/produkt\/die-zeit-der-wiederkehr-weihnachten-bedeutungen-und-auspraegungen\/","title":{"rendered":"Die Zeit der Wiederkehr: Weihnachten &#8211; Bedeutungen und Auspr\u00e4gungen"},"content":{"rendered":"<p>Sven Henkler: Die Zeit der Wiederkehr: Weihnachten &#8211; Bedeutungen und Auspr\u00e4gungen<\/p>\n<p>Der weihnachtliche Volksglaube l\u00e4\u00dft eines erkennen: im Mittelpunkt der gesamten Festzeit, von Advent bis zum Dreik\u00f6nigsfest, steht die Wiedergeburt des Lichtes, der Sonne, des Gottes. Dabei wird deutlich, da\u00df sich heidnische und christliche Weltanschauungen verbinden.<\/p>\n<p>Im Laufe der geschichtlichen Entwicklung des Weihnachtsfestes entstanden verschiedene Sitten und Br\u00e4uche, die wiederum von der jeweiligen l\u00e4ndlichen Gegend gepr\u00e4gt wurden. Diese und die wichtigsten Gestalten, von denen der Volksglaube zu berichten wei\u00df, werden dargestellt und der Versuch unternommen, die religi\u00f6sen und mythischen Urspr\u00fcnge zu ergr\u00fcnden.<\/p>\n<p>Es offenbart sich eine Welt, die reich an Zukunfts- schau, Geisterglaube, Naturverbundenheit und G\u00f6ttlichem ist.<\/p>\n<p>84 Seiten, 8 s\/w Abbildungen, ISBN 3-934291-01-5, Zeitenwende, antiquarisch<\/p>\n","protected":false},"excerpt":{"rendered":"<p>Sven Henkler: Die Zeit der Wiederkehr: Weihnachten &#8211; Bedeutungen und Auspr\u00e4gungen Der weihnachtliche Volksglaube l\u00e4\u00dft eines erkennen: im Mittelpunkt der gesamten Festzeit, von Advent bis zum Dreik\u00f6nigsfest, steht die Wiedergeburt des Lichtes, der Sonne, des Gottes. Dabei wird deutlich, da\u00df sich heidnische und christliche Weltanschauungen verbinden. Im Laufe der geschichtlichen Entwicklung des Weihnachtsfestes entstanden verschiedene [&hellip;]<\/p>\n","protected":false},"featured_media":14581,"comment_status":"open","ping_status":"closed","template":"","meta":[],"product_cat":[75],"product_tag":[],"_links":{"self":[{"href":"http:\/\/andromeda-buecher.de\/buch2\/wp-json\/wp\/v2\/product\/7010"}],"collection":[{"href":"http:\/\/andromeda-buecher.de\/buch2\/wp-json\/wp\/v2\/product"}],"about":[{"href":"http:\/\/andromeda-buecher.de\/buch2\/wp-json\/wp\/v2\/types\/product"}],"replies":[{"embeddable":true,"href":"http:\/\/andromeda-buecher.de\/buch2\/wp-json\/wp\/v2\/comments?post=7010"}],"wp:featuredmedia":[{"embeddable":true,"href":"http:\/\/andromeda-buecher.de\/buch2\/wp-json\/wp\/v2\/media\/14581"}],"wp:attachment":[{"href":"http:\/\/andromeda-buecher.de\/buch2\/wp-json\/wp\/v2\/media?parent=7010"}],"wp:term":[{"taxonomy":"product_cat","embeddable":true,"href":"http:\/\/andromeda-buecher.de\/buch2\/wp-json\/wp\/v2\/product_cat?post=7010"},{"taxonomy":"product_tag","embeddable":true,"href":"http:\/\/andromeda-buecher.de\/buch2\/wp-json\/wp\/v2\/product_tag?post=7010"}],"curies":[{"name":"wp","href":"https:\/\/api.w.org\/{rel}","templated":true}]}}