{"id":6673,"date":"2016-03-18T16:06:42","date_gmt":"2016-03-18T16:06:42","guid":{"rendered":"http:\/\/andromeda-buecher.de\/buch2\/?product=elemente-nr-6-zadruga-eine-heidnische-bewegung-zahlensprache-der-germanischen-zeit-havamal-oder-die-weisheit-des-hohen-eddische-gesaenge-d"},"modified":"2016-03-28T17:35:50","modified_gmt":"2016-03-28T15:35:50","slug":"elemente-nr-6-zadruga-eine-heidnische-bewegung-zahlensprache-der-germanischen-zeit-havamal-oder-die-weisheit-des-hohen-eddische-gesaenge-d","status":"publish","type":"product","link":"http:\/\/andromeda-buecher.de\/buch2\/produkt\/elemente-nr-6-zadruga-eine-heidnische-bewegung-zahlensprache-der-germanischen-zeit-havamal-oder-die-weisheit-des-hohen-eddische-gesaenge-d\/","title":{"rendered":"Elemente Nr. 6: >Zadruga< - Eine heidnische Bewegung; Zahlensprache der germanischen Zeit; \"Havamal\" oder die Weisheit des Hohen - Eddische Ges\u00e4nge; D"},"content":{"rendered":"<p>Die Zeitschrift zur europ\u00e4ischen Neugeburt.<br \/>\nTitelbild:<br \/>\nIn der Mitte das schlafende Europa, das rechts aus seiner Erstarrung erwacht und links die notwendige Tat erkennt<br \/>\nvon Albert Belasco<\/p>\n<p>Inhalt:<\/p>\n<p>Leitartikel: Wir lassen uns nicht t\u00e4towieren! &#8211;<br \/>\nDr. Pierre Krebs<\/p>\n<p>Mythos Europa &#8211; G\u00fcnther Kaufmann<\/p>\n<p>Das Deutschtum am Scheideweg: Identit\u00e4tsschwund oder ethno-ontologische Neugeburt? &#8211;<br \/>\nDr. Pierre Krebs<\/p>\n<p>Panmixie oder Identit\u00e4t der V\u00f6lker in einer heterogenen Menschheit? &#8211;<br \/>\nPierre Chassard<\/p>\n<p>Vermischung zwecks Uniformisierung der Welt &#8211; Christophe Levalois<\/p>\n<p>Wilde Einwanderungen und blinde Integration &#8211;<br \/>\nPierre Chassard<\/p>\n<p>Jugoslawische Mythologie oder multikulturelle Pathologie &#8211; Dr. Tomsilav Sunic<\/p>\n<p>Die &gt;Neue Kultur&lt; : Ein revolution\u00e4rer Denkansto\u00df &#8211; Prof. Dr. Pierre Vial<\/p>\n<p>Konservatismus und Erkenntnistheorie bei Walter Hoeres &#8211; J\u00fcrgen von Lester<\/p>\n<p>Die \u00dcberwindung der westlichen Zivilisation &#8211;<br \/>\nGuillaume Faye<\/p>\n<p>Die Metaphysik Martin Heideggers und die R\u00e4tsel<br \/>\nder Seinsfrage &#8211; Dr. Carlos Dufour<\/p>\n<p>&gt;Zadruga&lt; &#8211; Eine heidnische Bewegung<br \/>\naus Polen &#8211; Dr. S. W. Potrzebowski<\/p>\n<p>Die Familie der indogermanischen V\u00f6lker &#8211;<br \/>\nJohannes P. Ney<\/p>\n<p>Die Zahlensprache der germanischen Zeit &#8211;<br \/>\nGerhard He\u00df<\/p>\n<p>&#8222;Von vornherein antiamerikanisch?&#8220; &#8211; Jean Mabire<\/p>\n<p>Die Gestalt der Idee &#8211; Raoul Hahn<\/p>\n<p>Deutsch und hellenisch: Der Dichter Rolf Schilling &#8211; Erik Tannh\u00e4user<\/p>\n<p>&#8222;Havamal&#8220; oder die Weisheit des Hohen &#8211; Eddische Ges\u00e4nge &#8211; Wolfram Reklov<\/p>\n<p>Musik der Avantgarde &#8211; Horst Volck<\/p>\n","protected":false},"excerpt":{"rendered":"<p>Die Zeitschrift zur europ\u00e4ischen Neugeburt. Titelbild: In der Mitte das schlafende Europa, das rechts aus seiner Erstarrung erwacht und links die notwendige Tat erkennt von Albert Belasco Inhalt: Leitartikel: Wir lassen uns nicht t\u00e4towieren! &#8211; Dr. Pierre Krebs Mythos Europa &#8211; G\u00fcnther Kaufmann Das Deutschtum am Scheideweg: Identit\u00e4tsschwund oder ethno-ontologische Neugeburt? &#8211; Dr. Pierre Krebs [&hellip;]<\/p>\n","protected":false},"featured_media":14806,"comment_status":"open","ping_status":"closed","template":"","meta":[],"product_cat":[79],"product_tag":[],"_links":{"self":[{"href":"http:\/\/andromeda-buecher.de\/buch2\/wp-json\/wp\/v2\/product\/6673"}],"collection":[{"href":"http:\/\/andromeda-buecher.de\/buch2\/wp-json\/wp\/v2\/product"}],"about":[{"href":"http:\/\/andromeda-buecher.de\/buch2\/wp-json\/wp\/v2\/types\/product"}],"replies":[{"embeddable":true,"href":"http:\/\/andromeda-buecher.de\/buch2\/wp-json\/wp\/v2\/comments?post=6673"}],"wp:featuredmedia":[{"embeddable":true,"href":"http:\/\/andromeda-buecher.de\/buch2\/wp-json\/wp\/v2\/media\/14806"}],"wp:attachment":[{"href":"http:\/\/andromeda-buecher.de\/buch2\/wp-json\/wp\/v2\/media?parent=6673"}],"wp:term":[{"taxonomy":"product_cat","embeddable":true,"href":"http:\/\/andromeda-buecher.de\/buch2\/wp-json\/wp\/v2\/product_cat?post=6673"},{"taxonomy":"product_tag","embeddable":true,"href":"http:\/\/andromeda-buecher.de\/buch2\/wp-json\/wp\/v2\/product_tag?post=6673"}],"curies":[{"name":"wp","href":"https:\/\/api.w.org\/{rel}","templated":true}]}}