{"id":6508,"date":"2016-03-18T16:06:30","date_gmt":"2016-03-18T16:06:30","guid":{"rendered":"http:\/\/andromeda-buecher.de\/buch2\/?product=die-erkenntnislehre-der-bhagavad-gita-gebundene-ausgabe"},"modified":"2016-03-24T13:46:37","modified_gmt":"2016-03-24T12:46:37","slug":"die-erkenntnislehre-der-bhagavad-gita-gebundene-ausgabe","status":"publish","type":"product","link":"http:\/\/andromeda-buecher.de\/buch2\/produkt\/die-erkenntnislehre-der-bhagavad-gita-gebundene-ausgabe\/","title":{"rendered":"Die Erkenntnislehre der Bhagavad-Gita (gebundene Ausgabe)"},"content":{"rendered":"<p>Die Erkenntnislehre der Bhagavad-Gita: Im Lichte der Geheimlehre betrachtet. Ein Beitrag zum Studium derselben.<br \/>\nvon Franz Hartmann, gebundene Ausgabe, 123 Seiten, Schutzumschlag &#8211; Schatzkammer ISBN: 3924411298<\/p>\n<p>IV &#8222;Die Erkenntnislehre der Bhagavad Gita in Lichte der Geheimlehre betrachtet&#8220;<br \/>\nEin Beitrag zum Studium derselben von Franz Hartmann<br \/>\nDie Lehre der Bhagavad Gita ist Yoga. Gott, Himmel, Erde und Menschen umfassend handelt sie von der alleinigen Gottheit und ihrer Offenbarung in der sichtbaren und unsichtbaren Natur und sie weist den Weg, auf dem der Mensch f\u00e4hig wird, die Gottheit selbst als den Grund seines wahren Wesens zu erkennen.<br \/>\nHartmann macht dies in seinem Kommentar verst\u00e4ndlich und einsichtig und enth\u00fcllt so, hinter dem Schleier altindischer Mythologie, die sch\u00f6nste Perle indischer Weisheit.<\/p>\n","protected":false},"excerpt":{"rendered":"<p>Die Erkenntnislehre der Bhagavad-Gita: Im Lichte der Geheimlehre betrachtet. Ein Beitrag zum Studium derselben. von Franz Hartmann, gebundene Ausgabe, 123 Seiten, Schutzumschlag &#8211; Schatzkammer ISBN: 3924411298 IV &#8222;Die Erkenntnislehre der Bhagavad Gita in Lichte der Geheimlehre betrachtet&#8220; Ein Beitrag zum Studium derselben von Franz Hartmann Die Lehre der Bhagavad Gita ist Yoga. Gott, Himmel, Erde [&hellip;]<\/p>\n","protected":false},"featured_media":13234,"comment_status":"open","ping_status":"closed","template":"","meta":[],"product_cat":[127],"product_tag":[],"_links":{"self":[{"href":"http:\/\/andromeda-buecher.de\/buch2\/wp-json\/wp\/v2\/product\/6508"}],"collection":[{"href":"http:\/\/andromeda-buecher.de\/buch2\/wp-json\/wp\/v2\/product"}],"about":[{"href":"http:\/\/andromeda-buecher.de\/buch2\/wp-json\/wp\/v2\/types\/product"}],"replies":[{"embeddable":true,"href":"http:\/\/andromeda-buecher.de\/buch2\/wp-json\/wp\/v2\/comments?post=6508"}],"wp:featuredmedia":[{"embeddable":true,"href":"http:\/\/andromeda-buecher.de\/buch2\/wp-json\/wp\/v2\/media\/13234"}],"wp:attachment":[{"href":"http:\/\/andromeda-buecher.de\/buch2\/wp-json\/wp\/v2\/media?parent=6508"}],"wp:term":[{"taxonomy":"product_cat","embeddable":true,"href":"http:\/\/andromeda-buecher.de\/buch2\/wp-json\/wp\/v2\/product_cat?post=6508"},{"taxonomy":"product_tag","embeddable":true,"href":"http:\/\/andromeda-buecher.de\/buch2\/wp-json\/wp\/v2\/product_tag?post=6508"}],"curies":[{"name":"wp","href":"https:\/\/api.w.org\/{rel}","templated":true}]}}