{"id":6483,"date":"2016-03-18T16:06:28","date_gmt":"2016-03-18T16:06:28","guid":{"rendered":"http:\/\/andromeda-buecher.de\/buch2\/?product=der-religioes-philosophische-gehalt-in-richard-wagners-musikdramen"},"modified":"2016-03-24T13:41:23","modified_gmt":"2016-03-24T12:41:23","slug":"der-religioes-philosophische-gehalt-in-richard-wagners-musikdramen","status":"publish","type":"product","link":"http:\/\/andromeda-buecher.de\/buch2\/produkt\/der-religioes-philosophische-gehalt-in-richard-wagners-musikdramen\/","title":{"rendered":"Der religi\u00f6s-philosophische Gehalt in Richard Wagners Musikdramen"},"content":{"rendered":"<p>Der religi\u00f6s-philosophische Gehalt in Richard Wagners Musikdramen<br \/>\nvon Einbeck, Walter<br \/>\nW\u00fcrzburg F\u00e4ndrich, 1956, 147 S., B\u00fccher der Schatzkammer, ISBN: 3924411883<\/p>\n<p>Walter Einbeck: &#8222;Der religi\u00f6s-philosophische Gehalt in Richard Wagners Musikdramen&#8220;<br \/>\nRichard Wagners Musikdramen erhalten hier eine bisher nicht erfolgte Deutung der symbolischen B\u00fchnenvorg\u00e4nge, wodurch das Kunstwerk in religi\u00f6s-kosmischer Sicht erscheint. Nicht nur f\u00fcr den Musikfreund haben die Darlegungen in diesem Buch hohen Wert, sondern gleicherrna\u00dfen f\u00fcr jeden, der an einem Verst\u00e4ndnis der Symbolik moderner wie antiker Mysterienspiele interessiert ist.<\/p>\n","protected":false},"excerpt":{"rendered":"<p>Der religi\u00f6s-philosophische Gehalt in Richard Wagners Musikdramen von Einbeck, Walter W\u00fcrzburg F\u00e4ndrich, 1956, 147 S., B\u00fccher der Schatzkammer, ISBN: 3924411883 Walter Einbeck: &#8222;Der religi\u00f6s-philosophische Gehalt in Richard Wagners Musikdramen&#8220; Richard Wagners Musikdramen erhalten hier eine bisher nicht erfolgte Deutung der symbolischen B\u00fchnenvorg\u00e4nge, wodurch das Kunstwerk in religi\u00f6s-kosmischer Sicht erscheint. Nicht nur f\u00fcr den Musikfreund haben [&hellip;]<\/p>\n","protected":false},"featured_media":13228,"comment_status":"open","ping_status":"closed","template":"","meta":[],"product_cat":[127],"product_tag":[],"_links":{"self":[{"href":"http:\/\/andromeda-buecher.de\/buch2\/wp-json\/wp\/v2\/product\/6483"}],"collection":[{"href":"http:\/\/andromeda-buecher.de\/buch2\/wp-json\/wp\/v2\/product"}],"about":[{"href":"http:\/\/andromeda-buecher.de\/buch2\/wp-json\/wp\/v2\/types\/product"}],"replies":[{"embeddable":true,"href":"http:\/\/andromeda-buecher.de\/buch2\/wp-json\/wp\/v2\/comments?post=6483"}],"wp:featuredmedia":[{"embeddable":true,"href":"http:\/\/andromeda-buecher.de\/buch2\/wp-json\/wp\/v2\/media\/13228"}],"wp:attachment":[{"href":"http:\/\/andromeda-buecher.de\/buch2\/wp-json\/wp\/v2\/media?parent=6483"}],"wp:term":[{"taxonomy":"product_cat","embeddable":true,"href":"http:\/\/andromeda-buecher.de\/buch2\/wp-json\/wp\/v2\/product_cat?post=6483"},{"taxonomy":"product_tag","embeddable":true,"href":"http:\/\/andromeda-buecher.de\/buch2\/wp-json\/wp\/v2\/product_tag?post=6483"}],"curies":[{"name":"wp","href":"https:\/\/api.w.org\/{rel}","templated":true}]}}