{"id":6325,"date":"2016-03-18T16:05:04","date_gmt":"2016-03-18T16:05:04","guid":{"rendered":"http:\/\/andromeda-buecher.de\/buch2\/?product=1945-thueringens-manhattan-project-neuauflage"},"modified":"2016-03-26T14:15:49","modified_gmt":"2016-03-26T13:15:49","slug":"1945-thueringens-manhattan-project-neuauflage","status":"publish","type":"product","link":"http:\/\/andromeda-buecher.de\/buch2\/produkt\/1945-thueringens-manhattan-project-neuauflage\/","title":{"rendered":"1945 &#8211; Th\u00fcringens Manhattan Project (Neuauflage)"},"content":{"rendered":"<p>leider vergriffen seit November 2007!<\/p>\n<p>&nbsp;<\/p>\n<p>1945 &#8211; Th\u00fcringens Manhattan Project<br \/>\nHarald F\u00e4th<\/p>\n<p>Die unterirdische Anlage im Jonastal ist eines der bestgeh\u00fcteten Geheimnisse &#8211; nicht nur des Dritten Reichs , sondern der gesamten Nachkriegsgeschichte. Sie wurde als das letzte F\u00fchrerhauptquartier und als m\u00f6gliches Versteck des ber\u00fchmten Bernsteinzimmers und des verschwundenen Nazigoldes gehandelt. Doch alles deutet darauf hin, da\u00df hier Ende des 2. Weltkrieges etwas viel Au\u00dfergew\u00f6hnlicheres stattgefunden hat&#8230;<\/p>\n<p>Daten: 195 Seiten, Paperback, zahlreiche Abbildungen, 2000, Neuauflage 2004, 15.30 Euro, Kopp<\/p>\n","protected":false},"excerpt":{"rendered":"<p>leider vergriffen seit November 2007! &nbsp; 1945 &#8211; Th\u00fcringens Manhattan Project Harald F\u00e4th Die unterirdische Anlage im Jonastal ist eines der bestgeh\u00fcteten Geheimnisse &#8211; nicht nur des Dritten Reichs , sondern der gesamten Nachkriegsgeschichte. Sie wurde als das letzte F\u00fchrerhauptquartier und als m\u00f6gliches Versteck des ber\u00fchmten Bernsteinzimmers und des verschwundenen Nazigoldes gehandelt. Doch alles deutet [&hellip;]<\/p>\n","protected":false},"featured_media":13788,"comment_status":"open","ping_status":"closed","template":"","meta":[],"product_cat":[148],"product_tag":[],"_links":{"self":[{"href":"http:\/\/andromeda-buecher.de\/buch2\/wp-json\/wp\/v2\/product\/6325"}],"collection":[{"href":"http:\/\/andromeda-buecher.de\/buch2\/wp-json\/wp\/v2\/product"}],"about":[{"href":"http:\/\/andromeda-buecher.de\/buch2\/wp-json\/wp\/v2\/types\/product"}],"replies":[{"embeddable":true,"href":"http:\/\/andromeda-buecher.de\/buch2\/wp-json\/wp\/v2\/comments?post=6325"}],"wp:featuredmedia":[{"embeddable":true,"href":"http:\/\/andromeda-buecher.de\/buch2\/wp-json\/wp\/v2\/media\/13788"}],"wp:attachment":[{"href":"http:\/\/andromeda-buecher.de\/buch2\/wp-json\/wp\/v2\/media?parent=6325"}],"wp:term":[{"taxonomy":"product_cat","embeddable":true,"href":"http:\/\/andromeda-buecher.de\/buch2\/wp-json\/wp\/v2\/product_cat?post=6325"},{"taxonomy":"product_tag","embeddable":true,"href":"http:\/\/andromeda-buecher.de\/buch2\/wp-json\/wp\/v2\/product_tag?post=6325"}],"curies":[{"name":"wp","href":"https:\/\/api.w.org\/{rel}","templated":true}]}}