{"id":6000,"date":"2016-03-18T16:04:40","date_gmt":"2016-03-18T16:04:40","guid":{"rendered":"http:\/\/andromeda-buecher.de\/buch2\/?product=goettinnen-und-goetter-in-den-mysterien-des-heidentums"},"modified":"2016-03-28T18:04:14","modified_gmt":"2016-03-28T16:04:14","slug":"goettinnen-und-goetter-in-den-mysterien-des-heidentums","status":"publish","type":"product","link":"http:\/\/andromeda-buecher.de\/buch2\/produkt\/goettinnen-und-goetter-in-den-mysterien-des-heidentums\/","title":{"rendered":"G\u00f6ttinnen und G\u00f6tter in den Mysterien des Heidentums"},"content":{"rendered":"<p>Die G\u00f6ttinnen und G\u00f6tter leben &#8211; und sie sind uns n\u00e4her, als wir glauben. Nicht nur in den Kr\u00e4ften der Natur &#8211; auch in den Tiefen unserer Seele und in den Menschen unserer Umgebung, in den Entscheidungsstunden unseres Schicksals &#8211; begegnen sie uns.<br \/>\nWas in diesem Buch ausgebreitet wird, ist keine religi\u00f6se Lehre. Geboten werden Mosaiksteine, Einstiegsm\u00f6glichkeiten und Fundst\u00fccke, die zur Rekonstruktion einer archaischen Spiritualit\u00e4t beitragen sollen.<br \/>\nDie \u00e4lteste Religion der Menschheit, ein personaler, mystisch verstandener Polytheismus, zeigt M\u00f6glichkeiten und Wege auf, eine Religion der Zukunft zu gestalten.<\/p>\n<p>Matthias Wenger, G\u00f6ttinnen und G\u00f6tter in den Mysterien des Heidentums, ca. 280 S., ISBN 3-89423-115-7<\/p>\n","protected":false},"excerpt":{"rendered":"<p>Die G\u00f6ttinnen und G\u00f6tter leben &#8211; und sie sind uns n\u00e4her, als wir glauben. Nicht nur in den Kr\u00e4ften der Natur &#8211; auch in den Tiefen unserer Seele und in den Menschen unserer Umgebung, in den Entscheidungsstunden unseres Schicksals &#8211; begegnen sie uns. Was in diesem Buch ausgebreitet wird, ist keine religi\u00f6se Lehre. Geboten werden [&hellip;]<\/p>\n","protected":false},"featured_media":14825,"comment_status":"open","ping_status":"closed","template":"","meta":[],"product_cat":[79],"product_tag":[],"_links":{"self":[{"href":"http:\/\/andromeda-buecher.de\/buch2\/wp-json\/wp\/v2\/product\/6000"}],"collection":[{"href":"http:\/\/andromeda-buecher.de\/buch2\/wp-json\/wp\/v2\/product"}],"about":[{"href":"http:\/\/andromeda-buecher.de\/buch2\/wp-json\/wp\/v2\/types\/product"}],"replies":[{"embeddable":true,"href":"http:\/\/andromeda-buecher.de\/buch2\/wp-json\/wp\/v2\/comments?post=6000"}],"wp:featuredmedia":[{"embeddable":true,"href":"http:\/\/andromeda-buecher.de\/buch2\/wp-json\/wp\/v2\/media\/14825"}],"wp:attachment":[{"href":"http:\/\/andromeda-buecher.de\/buch2\/wp-json\/wp\/v2\/media?parent=6000"}],"wp:term":[{"taxonomy":"product_cat","embeddable":true,"href":"http:\/\/andromeda-buecher.de\/buch2\/wp-json\/wp\/v2\/product_cat?post=6000"},{"taxonomy":"product_tag","embeddable":true,"href":"http:\/\/andromeda-buecher.de\/buch2\/wp-json\/wp\/v2\/product_tag?post=6000"}],"curies":[{"name":"wp","href":"https:\/\/api.w.org\/{rel}","templated":true}]}}