{"id":5879,"date":"2016-03-18T16:04:32","date_gmt":"2016-03-18T16:04:32","guid":{"rendered":"http:\/\/andromeda-buecher.de\/buch2\/?product=nightworks-die-schwarze-magie-des-erschaffens"},"modified":"2016-03-18T16:04:32","modified_gmt":"2016-03-18T16:04:32","slug":"nightworks-die-schwarze-magie-des-erschaffens","status":"publish","type":"product","link":"http:\/\/andromeda-buecher.de\/buch2\/produkt\/nightworks-die-schwarze-magie-des-erschaffens\/","title":{"rendered":"Nightworks: Die schwarze Magie des Erschaffens"},"content":{"rendered":"<p>Die schwarze Magie des Erschaffens<\/p>\n<p>von Frank Lerch, ISBN 3-89094-307-1, 160 Seiten, Softcover, Format DIN-A5<br \/>\n2. Auflage, 23,00 \u20ac, Bohmeier<\/p>\n<p>\nFreiheit und Selbstvergottung werden nicht durch harmlose Bewu\u00dftseinsspiele erlangt, sondern mu\u00df t\u00e4glich neu durch die konsequente Praxis Schwarzer Magick, dem entschlossenen Ja zum Ich und seinem Verlangen, Da zu sein, errungen werden. Echte Individuen werden auf die harte Tour geboren, in der M\u00fche, einen gro\u00dfen Traum zu leben.<br \/>\nDieses Buch ist eine echte Ausnahme. Satanismus und Schwarze Magie sind Themen, die \u00fcblicherweise nur von Religionswissenschaftlern und Journalisten, also von Theoretikern und Schw\u00e4tzern ohne jede praktische Erfahrung abgehandelt werden. Nightworks ist anders&#8230; \u2013 verlassen Sie sich drarauf!<\/p>\n<p>Aus dem Inhalt: In the legacy of Seth, Philosophie des Satanismus, Das ABC der Erleuchtung, Erobere-Zerst\u00f6re-Schaffe, Was ist dran am Satan?, Die Gabe Set&#8217;s, Quantentrigrammaton, Notes of the Scarabae, Satanische Magie, Die Kunst des Vampirismus, Das Wissen der Vampire, die Botschaft des Shaitan, Die Symbolfalle, Magie III, Uncle Setnakt Sez, und vieles, vieles mehr.<\/p>\n<p><\/p>\n","protected":false},"excerpt":{"rendered":"<p>Die schwarze Magie des Erschaffens von Frank Lerch, ISBN 3-89094-307-1, 160 Seiten, Softcover, Format DIN-A5 2. Auflage, 23,00 \u20ac, Bohmeier Freiheit und Selbstvergottung werden nicht durch harmlose Bewu\u00dftseinsspiele erlangt, sondern mu\u00df t\u00e4glich neu durch die konsequente Praxis Schwarzer Magick, dem entschlossenen Ja zum Ich und seinem Verlangen, Da zu sein, errungen werden. Echte Individuen werden [&hellip;]<\/p>\n","protected":false},"featured_media":0,"comment_status":"open","ping_status":"closed","template":"","meta":[],"product_cat":[47],"product_tag":[],"_links":{"self":[{"href":"http:\/\/andromeda-buecher.de\/buch2\/wp-json\/wp\/v2\/product\/5879"}],"collection":[{"href":"http:\/\/andromeda-buecher.de\/buch2\/wp-json\/wp\/v2\/product"}],"about":[{"href":"http:\/\/andromeda-buecher.de\/buch2\/wp-json\/wp\/v2\/types\/product"}],"replies":[{"embeddable":true,"href":"http:\/\/andromeda-buecher.de\/buch2\/wp-json\/wp\/v2\/comments?post=5879"}],"wp:attachment":[{"href":"http:\/\/andromeda-buecher.de\/buch2\/wp-json\/wp\/v2\/media?parent=5879"}],"wp:term":[{"taxonomy":"product_cat","embeddable":true,"href":"http:\/\/andromeda-buecher.de\/buch2\/wp-json\/wp\/v2\/product_cat?post=5879"},{"taxonomy":"product_tag","embeddable":true,"href":"http:\/\/andromeda-buecher.de\/buch2\/wp-json\/wp\/v2\/product_tag?post=5879"}],"curies":[{"name":"wp","href":"https:\/\/api.w.org\/{rel}","templated":true}]}}