{"id":5845,"date":"2016-03-18T16:04:29","date_gmt":"2016-03-18T16:04:29","guid":{"rendered":"http:\/\/andromeda-buecher.de\/buch2\/?product=liber-sigillum-liber-sigillvm-wunscherfuellung-mit-sigillenmagie-oder-wie-man-sich-sein-eigenes-magisches-alphabeth-erschafft"},"modified":"2016-03-18T16:04:29","modified_gmt":"2016-03-18T16:04:29","slug":"liber-sigillum-liber-sigillvm-wunscherfuellung-mit-sigillenmagie-oder-wie-man-sich-sein-eigenes-magisches-alphabeth-erschafft","status":"publish","type":"product","link":"http:\/\/andromeda-buecher.de\/buch2\/produkt\/liber-sigillum-liber-sigillvm-wunscherfuellung-mit-sigillenmagie-oder-wie-man-sich-sein-eigenes-magisches-alphabeth-erschafft\/","title":{"rendered":"Liber Sigillum &#8211; Liber Sigillvm: Wunscherf\u00fcllung mit Sigillenmagie, oder wie man sich sein eigenes magisches Alphabeth erschafft."},"content":{"rendered":"<p>Liber Sigillvm:<br \/>\nWunscherf\u00fcllung mit Sigillenmagie, oder wie man sich sein eigenes magisches Alphabeth erschafft.<\/p>\n<p>von Frater Sursum ad lucem, ISBN 3-89094-402-7, 72 Seiten, Softcover, Format DIN-A5, 1. Auflage, 12,90 \u20ac  <\/p>\n<p>Sich mit Magie im t\u00e4glichen \u00dcberlebenskampf einen Wettbewerbsvorteil zu verschaffen, davon tr\u00e4umen die Menschen, seit sie auf der Weltb\u00fchne erschienen.<br \/>\nVor den Erfolg haben die G\u00f6tter jedoch den Schwei\u00df gesetzt, sagt man. Bedeutet das nun eine lange magische Ausbildung \u00fcber Jahre, Jahrzehnte oder gar eine ganze Lebensspanne?<\/p>\n<p>Was ist Magie \u00fcberhaupt? &#8211; Nichts Anderes als die Durchsetzung unserer Interessen. Doch was genau sind denn unsere Interessen?<br \/>\nDer Mensch muss Nahrung aufnehmen, sich mit Kleidung gegen das Wetter sch\u00fctzen. Diese Prim\u00e4rbed\u00fcrfnisse m\u00fcssen befriedigt werden, damit er sich am Leben erhalten kann.<br \/>\nSekundarbed\u00fcrfnisse wie die Arterhaltung sind f\u00fcr das einzelne Individuum zwar lustvoll, aber nicht lebensnotwendig. Doch da f\u00e4ngt es schon an mit den Dingen, die Spa\u00df machen. Wir umgeben uns mit Dingen, die uns Freude machen, und suchen nach Partnerschaften.<br \/>\nEs ist schon seltsam: Man w\u00fcnscht sich meistens das, was man nicht hat. Ist dies nicht ein Ausdruck der Entfremdung, der Vereinzelung von den uns umgebenen Dingen? Geh\u00f6ren nicht all die als Einzeldinge wahrgenommenen Erscheinungen aus unserer Umwelt zusammen? Was macht die Distanz dazwischen eigentlich so schwer \u00fcberbr\u00fcckbar? Was l\u00e4uft verkehrt, wenn es sehr schwer ist, etwas Bestimmtes zu besitzen? Kann \u00fcberhaupt etwas besessen werden, ohne es zu verlieren?<br \/>\nPhilosophische Interpretationen sind hier nicht der Gegenstand unserer Betrachtung. Es geht vielmehr um eine Technik, die ohne gr\u00f6\u00dferen Aufwand m\u00f6glichst einfach praktiziert werden kann. Dabei spielen weder Glaube noch Hoffnung oder Weltanschauung eine Rolle. Das h\u00f6rt sich gut an, wird der Leser sich sagen, doch will ich nicht verhehlen, dass auch hier (wie bei allen anderen Dingen des Lebens auch) ein Mindestma\u00df an Kontrolle vorausgesetzt werden muss.<br \/>\nAndererseits ist es ein Anzeichen von Wahn, wenn sich bei jemandem der Anspruch festgesetzt hat, \u00fcber etwas Kontrolle aus\u00fcben zu k\u00f6nnen. Das funktioniert ja nicht einmal bei uns selbst, sonst w\u00fcrden wir z. B. nicht krank werden. Wir k\u00f6nnen uns h\u00f6chstens bem\u00fchen, eine Ann\u00e4herung an ein zu kontrollierendes Ding herbeizuf\u00fchren. Doch wird dieses Bem\u00fchen ein stetiges sein m\u00fcssen, soll sich diesbez\u00fcglich etwas wie Erfolg einstellen.<br \/>\nDie entsprechende magische Technik, mit der das erreicht werden kann, hei\u00dft Sigillenmagie. Sie wurde gegr\u00fcndet und erfolgreich praktiziert von dem englischen Magier Austin Osman Spare (1886-1956). Sein Wirken gab den Ansto\u00df dazu, dass sich diese magische Schule neben der damals noch vorherrschenden, mit religi\u00f6sen Elementen behafteten Ritualmagie etablieren konnte.<br \/>\nAustin Osman Spare war ein Zeitgenosse von Aleister Crowley. Vielleicht war er nicht so schillernd und ber\u00fcchtigt wie dieser, doch seine Magietechnik war effektiv, m\u00f6glicherweise gar effektiver als die Lehren seines ber\u00fcchtigten Kollegen. Neben Magie und Okkultismus besch\u00e4ftigte er sich mit Grafik und Malerei. Ausf\u00fchrlichere Hinweise zu seiner Person finden Sie im Literaturnachweis.<br \/>\nDie Malerei ist eine Disziplin, die der rechten Hirnh\u00e4lfte zugeordnet wird, ebenso wie das Schreiben und die Intuition. Auch die Magie ist dort zu Hause. Sie ist eine Kunst, die sich dem analytischen, wissenschaftlichen, rationalen Verhalten, f\u00fcr das die linke Hirnh\u00e4lfte zust\u00e4ndig ist, entzieht.<br \/>\nMitte der 80er Jahre wurde die Sigillenmagie durch den pragmatischen Magier Frater V:.D:. im deutschsprachigen Raum popul\u00e4r gemacht. Sein Grundlagenwerk Sigillenmagie in der Praxis entwickelte sich bald zum Magie-Klassiker, der auch in Japan und den USA publiziert wurde. Auch der englische Magier und IOT-Begr\u00fcnder Pete Carroll ist hier als einer der Pioniere zu nennen.<br \/>\nDiese beiden haben mit ihren Ver\u00f6ffentlichungen und ihrer Arbeit etliche markante Wegmarken gesetzt. Es kann hier daher nicht darum gehen, die Sigillenmagie erneut zu erfinden. Doch das System ist flexibel. Man kann ihm weitere Feinheiten hinzuzuf\u00fcgen, um die Anwendungsm\u00f6glichkeiten breiter zu f\u00e4chern. Dazu will ich mit diesem Buch einen Beitrag leisten.<\/p>\n<p>Einleitung<br \/>\nDie Wurzeln der Schrift<br \/>\nDer Willenssatz<br \/>\nDie Buchstabenmethode<br \/>\nBildmethode<br \/>\nDie Mantramethode<br \/>\nSigillenkonstruktion durch Automatisches Schreiben<br \/>\nSigillenabbildungen nach dem Automatischen Schreiben<br \/>\nTrance als Hilfsmittel zur Aktivierung von Sigillen<br \/>\nTrance durch Todeshaltung<br \/>\nTrancen durch Starren<br \/>\nEinige Planetenkorrespondenzen<br \/>\nKonzentration aufs H\u00f6ren 64<br \/>\nKonzentration und Aktivierung der Sigille<br \/>\nKonzentration auf den Geruchssinn<br \/>\nHypnotische oder Trance induzierende Drogen<br \/>\nSigillenaktivierung durch sexuelle Erregung<br \/>\nSigillenaktivierung durch Gef\u00fchlsbewegungen<br \/>\nAktivierung durch Tanzen und Trommeln<br \/>\nDas Aktivieren von Wortsigillen<br \/>\nAktivieren durch erregende Drogen<br \/>\nDas Vergessen des Sigills<br \/>\nDer taktische Umgang mit den Sigillen<br \/>\nAnhang, Literaturnachweis, Abbildungsnachweis<\/p>\n","protected":false},"excerpt":{"rendered":"<p>Liber Sigillvm: Wunscherf\u00fcllung mit Sigillenmagie, oder wie man sich sein eigenes magisches Alphabeth erschafft. von Frater Sursum ad lucem, ISBN 3-89094-402-7, 72 Seiten, Softcover, Format DIN-A5, 1. Auflage, 12,90 \u20ac Sich mit Magie im t\u00e4glichen \u00dcberlebenskampf einen Wettbewerbsvorteil zu verschaffen, davon tr\u00e4umen die Menschen, seit sie auf der Weltb\u00fchne erschienen. Vor den Erfolg haben die [&hellip;]<\/p>\n","protected":false},"featured_media":0,"comment_status":"open","ping_status":"closed","template":"","meta":[],"product_cat":[47],"product_tag":[],"_links":{"self":[{"href":"http:\/\/andromeda-buecher.de\/buch2\/wp-json\/wp\/v2\/product\/5845"}],"collection":[{"href":"http:\/\/andromeda-buecher.de\/buch2\/wp-json\/wp\/v2\/product"}],"about":[{"href":"http:\/\/andromeda-buecher.de\/buch2\/wp-json\/wp\/v2\/types\/product"}],"replies":[{"embeddable":true,"href":"http:\/\/andromeda-buecher.de\/buch2\/wp-json\/wp\/v2\/comments?post=5845"}],"wp:attachment":[{"href":"http:\/\/andromeda-buecher.de\/buch2\/wp-json\/wp\/v2\/media?parent=5845"}],"wp:term":[{"taxonomy":"product_cat","embeddable":true,"href":"http:\/\/andromeda-buecher.de\/buch2\/wp-json\/wp\/v2\/product_cat?post=5845"},{"taxonomy":"product_tag","embeddable":true,"href":"http:\/\/andromeda-buecher.de\/buch2\/wp-json\/wp\/v2\/product_tag?post=5845"}],"curies":[{"name":"wp","href":"https:\/\/api.w.org\/{rel}","templated":true}]}}