{"id":5838,"date":"2016-03-18T16:04:29","date_gmt":"2016-03-18T16:04:29","guid":{"rendered":"http:\/\/andromeda-buecher.de\/buch2\/?product=nerthus-buch-der-schatten"},"modified":"2016-03-18T16:04:29","modified_gmt":"2016-03-18T16:04:29","slug":"nerthus-buch-der-schatten","status":"publish","type":"product","link":"http:\/\/andromeda-buecher.de\/buch2\/produkt\/nerthus-buch-der-schatten\/","title":{"rendered":"Nerthus Buch der Schatten"},"content":{"rendered":"<p>Die Alte und Neue Magie der Hexen &#8211; Ein Leben mit der G\u00f6ttin<\/p>\n<p>von Nerthus von Norderney, ISBN 3-89094-374-8, 233 Seiten, Softcover, Format DIN-A5, 1. Auflage, 19,95 \u20ac, Bohmeier<\/p>\n<p>\nDieses Buch gibt Aufschluss \u00fcber:<br \/>\n&#8211; die Bedeutung des Hexenkultes (Wicca und Stregoneria), so wie ihn die erfahrene Autorin lebt<br \/>\n&#8211; G\u00f6ttinnen und Wesenheiten (Diana, Venus, Hekate, Feen und Elfen)<br \/>\n&#8211; spirituelle Erfahrungen und Vorbereitungen (Meditation, Visualisierung, Die W\u00e4chter der T\u00fcrme)<br \/>\n&#8211; Magie (Ritualdurchf\u00fchrung, Magische Gegenst\u00e4nde, Ausbildung zur Hexe)<br \/>\n&#8211; Magische K\u00fcnste (Tarot, Hexenbrett, Krafttiere, Orakelkarten, Steine, Elementaris)<br \/>\n&#8211; Zauber f\u00fcr viele Gelegenheiten (Liebe, Wohlstand, Schutz)<br \/>\n&#8211; Feste des Lebens (Jahreskreisfeste, f\u00fcr Kinder, Geburtstag und Tod)<\/p>\n<p>Es gibt konkrete Vorschl\u00e4ge, um die eigenen Hexengeheimnisse zu l\u00fcften und am eigenen Hexenleben zu arbeiten und der umfangreiche Anhang bietet zus\u00e4tzlich die M\u00f6glichkeit, selber kreativ zu werden, um das eigene Buch der Schatten zu schreiben.<\/p>\n<p>\nTeil 1: Hexisches<br \/>\nWie ich zur Hexenkunst kam * Was ist der Hexenkult und was ist er nicht? * Der Hexenglaube * Urspr\u00fcnge des heutigen Hexenkults * Was sind Hexen? * Woher kommt der Name &quot;Hexe&quot;? * Die dunkle Geschichte * Bin ich eine Hexe? * Woran erkennt man eine Hexe? * Hexe sein im allt\u00e4glichen Leben * Hexen-Geheimnisse * Tu, was du willst, aber schade niemandem! * &quot;Alles, was du tust, wird dreifach zu dir zur\u00fcckkehren.&quot; * Tu, was du willst, aber schade niemandem (auch dir selbst nicht)! * Tu, was du willst! * Wei\u00dfe Magie &#8211; Wei\u00dfe Hexen * Die Bedeutung des Hexenkultes in Kurzform<\/p>\n<p>Teil 2: Die G\u00f6ttin in Ihren verschiedenen Aspekten<br \/>\nDie G\u00f6ttin im Allgemeinen * Die G\u00f6ttin Diana * Die G\u00f6ttin Venus * Die G\u00f6ttin Hekate * Andere Wesenheiten<\/p>\n<p>Teil 3: Spirituelle Arbeit und Vorbereitungen<br \/>\nReinigung * Geist * Seele * K\u00f6rper * Gesundheit * Wohnung * \u00dcbung der Stille * Atem\u00fcbung * Energie\u00fcbung * Erden und Zentrieren * Der Kreis * Die W\u00e4chter der T\u00fcrme * Die vier Elemente * Meditation * Visualisieren * Im Tempel der Diana &#8211; Der astrale Tempel * Der Wald der Diana * Das Pentagramm * Eine Pentagramm-Visualisierung * Cimaruta * Die g\u00f6ttliche Flamme * Die Schale der Diana * R\u00e4ucherungen<\/p>\n<p>Teil 4: Das ist Magie!<br \/>\nUnd wie funktioniert Magie? * Zeremonielle Magie und spontane Magie * Regeln f\u00fcr Rituale und Magie * Mondmagie * Ein kurzes Wort zur Sexualmagie * Der Gro\u00dfe Ritus * Der Altar * Ritualgegenst\u00e4nde * Magische Gegenst\u00e4nde * Hexenutensilien\/Sonstiges * Reinigung und Weihung von rituellen und magischen Gegenst\u00e4nden * Durchf\u00fchrung eines Rituals * Allein oder im Coven? * Ausbildung zur Hexe &#8211; Einweihung und Initiation<\/p>\n<p>Teil 5: Kraftorte, Orakel<br \/>\nKraftorte * Familiare &#8211; Helfertiere &#8211; Partnertiere &#8211; Krafttiere * Kamel * Geduldig, stur, liebevoll, ausdauernd * Ziege * Lustig, fruchtbar, selbstbewusst, setzt ihren Kopf durch, meckert gerne herum, sagt, wenn ihr etwas nicht passt * Steine: Verbindung zur Erde * Das Hexenbrett * Pendel * Tarot * Legemethoden f\u00fcr das Tarot * Orakelkarten * Magisches Alphabet * Sigille * Elementaris * Stregoneria<\/p>\n<p>Teil 6: Feste des Lebens<br \/>\nJahreskreisfeste * Andere Feste<\/p>\n<p>Teil 7: Zauber<br \/>\nVoraussetzungen f\u00fcr erfolgreiche Magie * Die Kraft des Wortes * Liebes- und Trennungszauber * Schutzmagie * Heilzauber * Geldzauber * Kerzenmagie * Tarot-Magie * Zauber f\u00fcr viele Gelegenheiten * Universalzauber f\u00fcr jeden besonderen Tag in deinem Leben * Puppenmagie * W\u00fcnsche * Zauberpulver * Zauberbeutel * Zauber-\u00d6le * Zaubersalben * Zaubertinkturen<\/p>\n<p>Teil 8: Intermezzi<br \/>\nWenn Hex sich auf ihren Besen schwingt; Reisevorbereitungen; der mobile Altar * Was passiert mit meinen magischen Gegenst\u00e4nden, wenn ich sterbe? * Synkretismus: K\u00f6nnen Kali und Jesus gemeinsam ein Liebes- und Gesch\u00e4ftsritual unterst\u00fctzen? * Eltern, Kinder und das Hexentum * Hexentelefon * Wie Kr\u00e4uter eingesetzt werden k\u00f6nnen * Die Kriegerin im neuen Jahrtausend * Bildgeschichten * Beltane 1999 * Ein Erdheilungsritual * M\u00f6glichkeiten und Risiken der Magie * Orientalischer Bauchtanz * Tanzen &#8211; Loslassen und Genie\u00dfen<\/p>\n<p>Teil 9: Anhang<br \/>\nPlanetenmagie * Chinesisches Neujahr * Mondmagie: Zaubern nach den Aspekten in den Mondphasen * Mond im Tierkreiszeichen Widder * Farben f\u00fcr Kerzen, Kordel, Stoffe und Farbstift- und Papier-Magie * Elementenliste * Elemente * Wesen * Buchstaben und Zahlen * Magische Zutaten aus erster Hand: Fingern\u00e4gel, Haare, Blut, Urin, Spucke, Sperma, Vaginalfl\u00fcssigkeit * Magische Zutaten * Liste der Gelegenheiten * G\u00f6ttinnen f\u00fcr viele Gelegenheiten * G\u00f6ttinnen (alphabetisch) * G\u00f6tter * Zeichen f\u00fcr verschiedene Zauber * Herz, Ring, Pentagramm * Zuschnitt f\u00fcr Ritualgewand * Zuschnitt f\u00fcr Puppe * Blue Moon * Hexen-Test * <br \/>Literaturhinweise und Adressen<\/p>\n","protected":false},"excerpt":{"rendered":"<p>Die Alte und Neue Magie der Hexen &#8211; Ein Leben mit der G\u00f6ttin von Nerthus von Norderney, ISBN 3-89094-374-8, 233 Seiten, Softcover, Format DIN-A5, 1. Auflage, 19,95 \u20ac, Bohmeier Dieses Buch gibt Aufschluss \u00fcber: &#8211; die Bedeutung des Hexenkultes (Wicca und Stregoneria), so wie ihn die erfahrene Autorin lebt &#8211; G\u00f6ttinnen und Wesenheiten (Diana, Venus, [&hellip;]<\/p>\n","protected":false},"featured_media":0,"comment_status":"open","ping_status":"closed","template":"","meta":[],"product_cat":[47],"product_tag":[],"_links":{"self":[{"href":"http:\/\/andromeda-buecher.de\/buch2\/wp-json\/wp\/v2\/product\/5838"}],"collection":[{"href":"http:\/\/andromeda-buecher.de\/buch2\/wp-json\/wp\/v2\/product"}],"about":[{"href":"http:\/\/andromeda-buecher.de\/buch2\/wp-json\/wp\/v2\/types\/product"}],"replies":[{"embeddable":true,"href":"http:\/\/andromeda-buecher.de\/buch2\/wp-json\/wp\/v2\/comments?post=5838"}],"wp:attachment":[{"href":"http:\/\/andromeda-buecher.de\/buch2\/wp-json\/wp\/v2\/media?parent=5838"}],"wp:term":[{"taxonomy":"product_cat","embeddable":true,"href":"http:\/\/andromeda-buecher.de\/buch2\/wp-json\/wp\/v2\/product_cat?post=5838"},{"taxonomy":"product_tag","embeddable":true,"href":"http:\/\/andromeda-buecher.de\/buch2\/wp-json\/wp\/v2\/product_tag?post=5838"}],"curies":[{"name":"wp","href":"https:\/\/api.w.org\/{rel}","templated":true}]}}