{"id":5555,"date":"2016-03-18T16:04:08","date_gmt":"2016-03-18T16:04:08","guid":{"rendered":"http:\/\/andromeda-buecher.de\/buch2\/?product=geheimnisse-von-dreamland-secrets-of-dreamland-video"},"modified":"2021-05-08T13:16:38","modified_gmt":"2021-05-08T11:16:38","slug":"geheimnisse-von-dreamland-secrets-of-dreamland-video","status":"publish","type":"product","link":"http:\/\/andromeda-buecher.de\/buch2\/produkt\/geheimnisse-von-dreamland-secrets-of-dreamland-video\/","title":{"rendered":"Geheimnisse von Dreamland &#8211; Secrets of Dreamland (Video)"},"content":{"rendered":"<p>Area 51 and the New World Order<br \/>\nVIDEO, Dia-Vortrag,Filmmaterial, ca. 80 Minuten, Import, englischer Originalton!<br \/>\nISBN\/BestellNr.: 03061, Sternentor<\/p>\n<p>von Norio Hayakawa\n<\/p>\n<p>\nVon allen Forscher, die sich mit den Geheimnissen der Area 51(Groomlake Basis, Nevada) besch\u00e4ftigen, ist Norio Hayakawa derjenige, der am l\u00e4ngsten dabei ist und der am weitesten vorgedrungen ist.<br \/>\nSeine \u00fcber 15 Jahre w\u00e4hrenden Recherchen haben ihn zu der \u00dcberzeugung gebracht, dass in \u201cDreamland\u201d nicht nur UFO-Technologie auf der Basis au\u00dferirdischer Funde entwickelt wird, sonder dass diese Technologie auch eingesetzt werden soll, um eine au\u00dferirdische Bedrohung vorzut\u00e4uschen, die das Etablieren einer \u201cNeuen Weltordnung\u201d erm\u00f6glichen wird. Die Area 51 ist das technologische Zentrum, in dem alle, f\u00fcr dieses T\u00e4uschungsman\u00f6ver ben\u00f6tigten Mittel, gegenw\u00e4rtig vorbereitet werden.<\/p>\n","protected":false},"excerpt":{"rendered":"<p>Area 51 and the New World Order VIDEO, Dia-Vortrag,Filmmaterial, ca. 80 Minuten, Import, englischer Originalton! ISBN\/BestellNr.: 03061, Sternentor von Norio Hayakawa Von allen Forscher, die sich mit den Geheimnissen der Area 51(Groomlake Basis, Nevada) besch\u00e4ftigen, ist Norio Hayakawa derjenige, der am l\u00e4ngsten dabei ist und der am weitesten vorgedrungen ist. Seine \u00fcber 15 Jahre w\u00e4hrenden [&hellip;]<\/p>\n","protected":false},"featured_media":0,"comment_status":"open","ping_status":"closed","template":"","meta":[],"product_cat":[35],"product_tag":[],"_links":{"self":[{"href":"http:\/\/andromeda-buecher.de\/buch2\/wp-json\/wp\/v2\/product\/5555"}],"collection":[{"href":"http:\/\/andromeda-buecher.de\/buch2\/wp-json\/wp\/v2\/product"}],"about":[{"href":"http:\/\/andromeda-buecher.de\/buch2\/wp-json\/wp\/v2\/types\/product"}],"replies":[{"embeddable":true,"href":"http:\/\/andromeda-buecher.de\/buch2\/wp-json\/wp\/v2\/comments?post=5555"}],"wp:attachment":[{"href":"http:\/\/andromeda-buecher.de\/buch2\/wp-json\/wp\/v2\/media?parent=5555"}],"wp:term":[{"taxonomy":"product_cat","embeddable":true,"href":"http:\/\/andromeda-buecher.de\/buch2\/wp-json\/wp\/v2\/product_cat?post=5555"},{"taxonomy":"product_tag","embeddable":true,"href":"http:\/\/andromeda-buecher.de\/buch2\/wp-json\/wp\/v2\/product_tag?post=5555"}],"curies":[{"name":"wp","href":"https:\/\/api.w.org\/{rel}","templated":true}]}}