{"id":5520,"date":"2016-03-18T16:04:06","date_gmt":"2016-03-18T16:04:06","guid":{"rendered":"http:\/\/andromeda-buecher.de\/buch2\/?product=ufo-1-von-der-legende-zur-wirklichkeit-dvd"},"modified":"2021-05-08T13:16:42","modified_gmt":"2021-05-08T11:16:42","slug":"ufo-1-von-der-legende-zur-wirklichkeit-dvd","status":"publish","type":"product","link":"http:\/\/andromeda-buecher.de\/buch2\/produkt\/ufo-1-von-der-legende-zur-wirklichkeit-dvd\/","title":{"rendered":"UFO 1 &#8211; Von der Legende zur Wirklichkeit (DVD)"},"content":{"rendered":"<p>DVD, Dokumentation, ca. 88 Minuten, ISBN\/BestellNr.: 3-931695-05-0, Sternentor<\/p>\n<p>Gibt es noch anderes Leben im Universum? Waren die G\u00f6tter Astronauten? Gibt es Anzeichen daf\u00fcr, da\u00df UFOs durch alle Geschichtsepochen hindurch gesichtet wurden? Sind tats\u00e4chlich Pyramiden und eine Struktur, die der Sphinx \u00e4hnelt, auf dem Mars? Eine Videodokumentation, u.a. mit sensationellen UFO-Aufnahmen!<\/p>\n","protected":false},"excerpt":{"rendered":"<p>DVD, Dokumentation, ca. 88 Minuten, ISBN\/BestellNr.: 3-931695-05-0, Sternentor Gibt es noch anderes Leben im Universum? Waren die G\u00f6tter Astronauten? Gibt es Anzeichen daf\u00fcr, da\u00df UFOs durch alle Geschichtsepochen hindurch gesichtet wurden? Sind tats\u00e4chlich Pyramiden und eine Struktur, die der Sphinx \u00e4hnelt, auf dem Mars? Eine Videodokumentation, u.a. mit sensationellen UFO-Aufnahmen!<\/p>\n","protected":false},"featured_media":0,"comment_status":"open","ping_status":"closed","template":"","meta":[],"product_cat":[35],"product_tag":[],"_links":{"self":[{"href":"http:\/\/andromeda-buecher.de\/buch2\/wp-json\/wp\/v2\/product\/5520"}],"collection":[{"href":"http:\/\/andromeda-buecher.de\/buch2\/wp-json\/wp\/v2\/product"}],"about":[{"href":"http:\/\/andromeda-buecher.de\/buch2\/wp-json\/wp\/v2\/types\/product"}],"replies":[{"embeddable":true,"href":"http:\/\/andromeda-buecher.de\/buch2\/wp-json\/wp\/v2\/comments?post=5520"}],"wp:attachment":[{"href":"http:\/\/andromeda-buecher.de\/buch2\/wp-json\/wp\/v2\/media?parent=5520"}],"wp:term":[{"taxonomy":"product_cat","embeddable":true,"href":"http:\/\/andromeda-buecher.de\/buch2\/wp-json\/wp\/v2\/product_cat?post=5520"},{"taxonomy":"product_tag","embeddable":true,"href":"http:\/\/andromeda-buecher.de\/buch2\/wp-json\/wp\/v2\/product_tag?post=5520"}],"curies":[{"name":"wp","href":"https:\/\/api.w.org\/{rel}","templated":true}]}}