{"id":5508,"date":"2016-03-18T16:04:05","date_gmt":"2016-03-18T16:04:05","guid":{"rendered":"http:\/\/andromeda-buecher.de\/buch2\/?product=orgon-und-radionik-die-welt-feinstofflicher-energie-dvd"},"modified":"2021-05-08T13:16:43","modified_gmt":"2021-05-08T11:16:43","slug":"orgon-und-radionik-die-welt-feinstofflicher-energie-dvd","status":"publish","type":"product","link":"http:\/\/andromeda-buecher.de\/buch2\/produkt\/orgon-und-radionik-die-welt-feinstofflicher-energie-dvd\/","title":{"rendered":"Orgon und Radionik &#8211; Die Welt feinstofflicher Energie (DVD)"},"content":{"rendered":"<p>Die Welt feinstofflicher Energie<\/p>\n<p>\nvon Wolfgang Wiedergut\n<\/p>\n<p>\nDVD, Vortrag, ca. 51 Minuten, ISBN\/BestellNr.: 3-931695-57-3 Sternentor\n<\/p>\n<p>In vielen Bereichen der Technik sto\u00dfen Forscher immer \u00f6fter in Grenzbereiche vor, in denen Begriffe wie Materie und Geist mehr und mehr verschwimmen. L\u00e4ngst gen\u00fcgen orthodoxe Lehrmei-nungen nicht mehr, um viele Naturvorg\u00e4nge ausreichend zu erkl\u00e4ren. In diesem Video pr\u00e4sentieren wir neueste M\u00f6glichkeiten, um fein-stoffliche Energien anzuwenden.<\/p>\n","protected":false},"excerpt":{"rendered":"<p>Die Welt feinstofflicher Energie von Wolfgang Wiedergut DVD, Vortrag, ca. 51 Minuten, ISBN\/BestellNr.: 3-931695-57-3 Sternentor In vielen Bereichen der Technik sto\u00dfen Forscher immer \u00f6fter in Grenzbereiche vor, in denen Begriffe wie Materie und Geist mehr und mehr verschwimmen. L\u00e4ngst gen\u00fcgen orthodoxe Lehrmei-nungen nicht mehr, um viele Naturvorg\u00e4nge ausreichend zu erkl\u00e4ren. In diesem Video pr\u00e4sentieren wir [&hellip;]<\/p>\n","protected":false},"featured_media":0,"comment_status":"open","ping_status":"closed","template":"","meta":[],"product_cat":[35],"product_tag":[],"_links":{"self":[{"href":"http:\/\/andromeda-buecher.de\/buch2\/wp-json\/wp\/v2\/product\/5508"}],"collection":[{"href":"http:\/\/andromeda-buecher.de\/buch2\/wp-json\/wp\/v2\/product"}],"about":[{"href":"http:\/\/andromeda-buecher.de\/buch2\/wp-json\/wp\/v2\/types\/product"}],"replies":[{"embeddable":true,"href":"http:\/\/andromeda-buecher.de\/buch2\/wp-json\/wp\/v2\/comments?post=5508"}],"wp:attachment":[{"href":"http:\/\/andromeda-buecher.de\/buch2\/wp-json\/wp\/v2\/media?parent=5508"}],"wp:term":[{"taxonomy":"product_cat","embeddable":true,"href":"http:\/\/andromeda-buecher.de\/buch2\/wp-json\/wp\/v2\/product_cat?post=5508"},{"taxonomy":"product_tag","embeddable":true,"href":"http:\/\/andromeda-buecher.de\/buch2\/wp-json\/wp\/v2\/product_tag?post=5508"}],"curies":[{"name":"wp","href":"https:\/\/api.w.org\/{rel}","templated":true}]}}