{"id":5459,"date":"2016-03-18T16:04:02","date_gmt":"2016-03-18T16:04:02","guid":{"rendered":"http:\/\/andromeda-buecher.de\/buch2\/?product=der-letzte-walzer-der-tyrannen-die-prophezeiung"},"modified":"2016-10-27T15:14:16","modified_gmt":"2016-10-27T13:14:16","slug":"der-letzte-walzer-der-tyrannen-die-prophezeiung","status":"publish","type":"product","link":"http:\/\/andromeda-buecher.de\/buch2\/produkt\/der-letzte-walzer-der-tyrannen-die-prophezeiung\/","title":{"rendered":"Der letzte Walzer der Tyrannen: Die Prophezeiung"},"content":{"rendered":"<p>Die Prophezeiung<\/p>\n<p>von Ramtha (Judi Pope Koteen)<\/p>\n<p>Broschiert &#8211; 169 Seiten &#8211; Michaels-Verlag, Erscheinungsdatum: 1995,<br \/>\nISBN: 3895390518<\/p>\n<p>Der letzte Walzer der Tyrannen enth\u00fcllt die au\u00dfergew\u00f6hnlichen Herausforderungen und M\u00f6glichkeiten, die der Menschheit in den kommenden Tagen bevorstehen. Dieses Buch deckt die Geschichte und die Pl\u00e4ne der grauen M\u00e4nner auf, der geheimen Familien und der Mittelsm\u00e4nner der Macht, die den B\u00f6rsenmarkt dirigieren, denen die Notenbanken und die meisten Geldreserven der Welt geh\u00f6ren. Dieses Buch zeigt auch, welchen Kurs die Natur einschlagen wird, da das Leben, wie wir es kennen, offensichtlich am Rande der Katastrophe steht. Das Hauptinteresse der Autorin liegt jedoch darin, den Leser mit Wissen auszustatten: Mit dem Wissen, wie wir unseren Geist \u00f6ffnen und im Lichte dieser Voraussagen Entscheidungen f\u00fcr eine Zukunft, die schon vor der T\u00fcr steht, treffen k\u00f6nnen.<\/p>\n","protected":false},"excerpt":{"rendered":"<p>Die Prophezeiung von Ramtha (Judi Pope Koteen) Broschiert &#8211; 169 Seiten &#8211; Michaels-Verlag, Erscheinungsdatum: 1995, ISBN: 3895390518 Der letzte Walzer der Tyrannen enth\u00fcllt die au\u00dfergew\u00f6hnlichen Herausforderungen und M\u00f6glichkeiten, die der Menschheit in den kommenden Tagen bevorstehen. Dieses Buch deckt die Geschichte und die Pl\u00e4ne der grauen M\u00e4nner auf, der geheimen Familien und der Mittelsm\u00e4nner der [&hellip;]<\/p>\n","protected":false},"featured_media":15211,"comment_status":"open","ping_status":"closed","template":"","meta":[],"product_cat":[167],"product_tag":[],"_links":{"self":[{"href":"http:\/\/andromeda-buecher.de\/buch2\/wp-json\/wp\/v2\/product\/5459"}],"collection":[{"href":"http:\/\/andromeda-buecher.de\/buch2\/wp-json\/wp\/v2\/product"}],"about":[{"href":"http:\/\/andromeda-buecher.de\/buch2\/wp-json\/wp\/v2\/types\/product"}],"replies":[{"embeddable":true,"href":"http:\/\/andromeda-buecher.de\/buch2\/wp-json\/wp\/v2\/comments?post=5459"}],"wp:featuredmedia":[{"embeddable":true,"href":"http:\/\/andromeda-buecher.de\/buch2\/wp-json\/wp\/v2\/media\/15211"}],"wp:attachment":[{"href":"http:\/\/andromeda-buecher.de\/buch2\/wp-json\/wp\/v2\/media?parent=5459"}],"wp:term":[{"taxonomy":"product_cat","embeddable":true,"href":"http:\/\/andromeda-buecher.de\/buch2\/wp-json\/wp\/v2\/product_cat?post=5459"},{"taxonomy":"product_tag","embeddable":true,"href":"http:\/\/andromeda-buecher.de\/buch2\/wp-json\/wp\/v2\/product_tag?post=5459"}],"curies":[{"name":"wp","href":"https:\/\/api.w.org\/{rel}","templated":true}]}}