{"id":5359,"date":"2016-03-18T16:03:57","date_gmt":"2016-03-18T16:03:57","guid":{"rendered":"http:\/\/andromeda-buecher.de\/buch2\/?product=das-fatima-geheimnis-marienerscheinungen-der-papst-und-die-zukunft-der-menschheit"},"modified":"2016-03-18T16:03:57","modified_gmt":"2016-03-18T16:03:57","slug":"das-fatima-geheimnis-marienerscheinungen-der-papst-und-die-zukunft-der-menschheit","status":"publish","type":"product","link":"http:\/\/andromeda-buecher.de\/buch2\/produkt\/das-fatima-geheimnis-marienerscheinungen-der-papst-und-die-zukunft-der-menschheit\/","title":{"rendered":"Das Fatima-Geheimnis: Marienerscheinungen, der Papst und die Zukunft der Menschheit"},"content":{"rendered":"<p>Marienerscheinungen, der Papst und die Zukunft der Menschheit<br \/>\nvon Michael Hesemann<br \/>\nKopp Verlag, 320 Seiten, gebunden, zahlreiche Abbildungen, 2002<\/p>\n<p>\u00bb&#8230; ging der Heilige Vater durch eine gro\u00dfe Stadt, die halb zerst\u00f6rt war, und halb zitternd, mit wankendem Schritt, von Schmerz und Sorge gebeugt, betete er f\u00fcr die Seelen der Leichen, denen er auf seinem Weg begegnete.\u00ab<br \/>\nAus dem \u00bbDritten Geheimnis von Fatima\u00ab, 13. Juli 1917<\/p>\n<p>\n1917, im Schicksalsjahr des 20. Jahrhunderts, erschien drei Hirtenkindern im Hochland von Portugal die Madonna mit einer Botschaft der Warnung und einer eindr\u00fccklichen Mahnung zur Umkehr. Detailliert sagte sie Aufstieg und Fall des Kommunismus, den Ausbruch des Zweiten Weltkriegs und das Attentat auf den Papst voraus. In einem \u00bbdritten Geheimnis\u00ab, das erst im Jahre 2000 vom Vatikan ver\u00f6ffentlicht wurde, sahen die Seherkinder eine Welt in Tr\u00fcmmern, einen vernichtenden Anschlag auf die Spitzen der Kirche durch die Feinde des christlichen Glaubens. Eine symbolische Vision von einem gottlosen Jahrhundert oder eine konkrete Warnung vor einem Ereignis der Zukunft?<\/p>\n<p>\nMinuti\u00f6s rekonstruiert der Historiker und Vatikan-Journalist Michael Hesemann die Ereignisse von Fatima. Detailliert zeigt er auf, wie sie die p\u00e4pstliche Geheimpolitik im 20. Jahrhundert beeinflu\u00dften &#8211; und letztendlich zur \u00d6ffnung des Eisernen Vorhangs, zur Wiedervereinigung des gespaltenen Europas, beitrugen. Der Papst selbst ist \u00fcberzeugt, von Fatima inspiriert, zum Instrument g\u00f6ttlicher Vorsehung geworden zu sein.<\/p>\n<p>\nJetzt versucht Johannes Paul II. alles, um auch den letzten Wunsch Mariens zu erf\u00fcllen &#8211; nach Moskau zu reisen und die Christenheit des Westens und des Ostens miteinander zu vers\u00f6hnen. Nur durch eine Erneuerung des Glaubens, so hatte sie erkl\u00e4rt, k\u00f6nne die Welt vor einer drohenden Katastrophe, einem neuen gro\u00dfen Krieg, bewahrt werden. Doch die Zeit, die ihm dazu bleibt, wird knapp &#8230;<br \/>\nEine hochaktuelle Neuinterpretation des beunruhigenden Dritten Geheimnisses von Fatima &#8211; und ein Blick hinter die Kulissen des Vatikans! dendlon.de<\/p>\n","protected":false},"excerpt":{"rendered":"<p>Marienerscheinungen, der Papst und die Zukunft der Menschheit von Michael Hesemann Kopp Verlag, 320 Seiten, gebunden, zahlreiche Abbildungen, 2002 \u00bb&#8230; ging der Heilige Vater durch eine gro\u00dfe Stadt, die halb zerst\u00f6rt war, und halb zitternd, mit wankendem Schritt, von Schmerz und Sorge gebeugt, betete er f\u00fcr die Seelen der Leichen, denen er auf seinem Weg [&hellip;]<\/p>\n","protected":false},"featured_media":0,"comment_status":"open","ping_status":"closed","template":"","meta":[],"product_cat":[167],"product_tag":[],"_links":{"self":[{"href":"http:\/\/andromeda-buecher.de\/buch2\/wp-json\/wp\/v2\/product\/5359"}],"collection":[{"href":"http:\/\/andromeda-buecher.de\/buch2\/wp-json\/wp\/v2\/product"}],"about":[{"href":"http:\/\/andromeda-buecher.de\/buch2\/wp-json\/wp\/v2\/types\/product"}],"replies":[{"embeddable":true,"href":"http:\/\/andromeda-buecher.de\/buch2\/wp-json\/wp\/v2\/comments?post=5359"}],"wp:attachment":[{"href":"http:\/\/andromeda-buecher.de\/buch2\/wp-json\/wp\/v2\/media?parent=5359"}],"wp:term":[{"taxonomy":"product_cat","embeddable":true,"href":"http:\/\/andromeda-buecher.de\/buch2\/wp-json\/wp\/v2\/product_cat?post=5359"},{"taxonomy":"product_tag","embeddable":true,"href":"http:\/\/andromeda-buecher.de\/buch2\/wp-json\/wp\/v2\/product_tag?post=5359"}],"curies":[{"name":"wp","href":"https:\/\/api.w.org\/{rel}","templated":true}]}}