{"id":5342,"date":"2016-03-18T16:03:56","date_gmt":"2016-03-18T16:03:56","guid":{"rendered":"http:\/\/andromeda-buecher.de\/buch2\/?product=wer-ermordete-yitzhak-rabin-die-wahrheit-ueber-das-rabin-attentat-kommt-ans-licht"},"modified":"2016-03-18T16:03:56","modified_gmt":"2016-03-18T16:03:56","slug":"wer-ermordete-yitzhak-rabin-die-wahrheit-ueber-das-rabin-attentat-kommt-ans-licht","status":"publish","type":"product","link":"http:\/\/andromeda-buecher.de\/buch2\/produkt\/wer-ermordete-yitzhak-rabin-die-wahrheit-ueber-das-rabin-attentat-kommt-ans-licht\/","title":{"rendered":"Wer ermordete Yitzhak Rabin? Die Wahrheit \u00fcber das Rabin-Attentat kommt ans Licht!"},"content":{"rendered":"<p>Die Wahrheit \u00fcber das Rabin-Attentat kommt ans Licht! <br \/>\nvon Barry Chamish, 256 Seiten, gebunden, zahlreiche Abbildungen, 2000, ISBN 3-930219-35-2; <\/p>\n<p>\nWer ermordete den israelischen Ministerpr\u00e4sidenten Yitzhak Rabin? War es tats\u00e4chlich ein fanatischer Einzelg\u00e4nger des politisch rechten Fl\u00fcgels, oder ist die Wahrheit nicht doch viel brisanter? <\/p>\n<p>\nEin &#8222;Amateurfilm&#8220;, der das Attentat auf Yitzhak Rabin zeigt, belegt, dass Rabin von den Sch\u00fcssen, die auf der unheilvollen Friedenskundgebung auf ihn abgegeben wurden, nicht verletzt worden war. Dies wird duch die Aussagen unabh\u00e4ngiger Augenzeugen best\u00e4tigt. Derselbe Film zeigt deutlich, wie eine der T\u00fcren von Rabins angeblich leerer Limousine von innen zugeschlagen wird, bevor der Premierminister in den Wagen gedr\u00fcckt wurde. Wer wartete im Inneren der Pr\u00e4sidenten-Limousine auf Yitzhak Rabin? Und was geschah w\u00e4hrend der ungew\u00f6hnlich langen Fahrt zum nahegelegenen Krankenhaus? F\u00fcr diese brauchte der Fahrer statt der \u00fcblichen einen Minute \u00fcber acht Minuten! Ein weiterer Widerspruch: Der gerichtsmedizinische Experte Baruch Gladstein sagt aus, dass Rabin durch Sch\u00fcsse aus k\u00fcrzester Entfernung in die Brust get\u00f6tet wurde. Dies widerspricht der offiziellen Version, wonach Rabin aus gr\u00f6\u00dferer Entfernung in den R\u00fccken geschossen worden war&#8230; In diesem gr\u00fcndlich recherchierten Buch werden Wahrheit und L\u00fcge \u00fcber das Rabin-Attentat r\u00fcckhaltlos aufgedeckt. Selbst diejenigen Israeli, von denen man es vorher nie geglaubt h\u00e4tte, sind nun davon \u00fcberzeugt, dass Yigal Amir nicht der M\u00f6rder von Yitzhak Rabin ist, sondern dass Rabin in Wahrheit in seinem Wagen get\u00f6tet wurde. Es liegt der dringende Verdacht nahe, dass hier ein ersch\u00fctternder Hochverrat vorliegt, der das Geschichtsbild von Grund auf ver\u00e4ndert.<\/p>\n","protected":false},"excerpt":{"rendered":"<p>Die Wahrheit \u00fcber das Rabin-Attentat kommt ans Licht! von Barry Chamish, 256 Seiten, gebunden, zahlreiche Abbildungen, 2000, ISBN 3-930219-35-2; Wer ermordete den israelischen Ministerpr\u00e4sidenten Yitzhak Rabin? War es tats\u00e4chlich ein fanatischer Einzelg\u00e4nger des politisch rechten Fl\u00fcgels, oder ist die Wahrheit nicht doch viel brisanter? Ein &#8222;Amateurfilm&#8220;, der das Attentat auf Yitzhak Rabin zeigt, belegt, dass [&hellip;]<\/p>\n","protected":false},"featured_media":0,"comment_status":"open","ping_status":"closed","template":"","meta":[],"product_cat":[147],"product_tag":[],"_links":{"self":[{"href":"http:\/\/andromeda-buecher.de\/buch2\/wp-json\/wp\/v2\/product\/5342"}],"collection":[{"href":"http:\/\/andromeda-buecher.de\/buch2\/wp-json\/wp\/v2\/product"}],"about":[{"href":"http:\/\/andromeda-buecher.de\/buch2\/wp-json\/wp\/v2\/types\/product"}],"replies":[{"embeddable":true,"href":"http:\/\/andromeda-buecher.de\/buch2\/wp-json\/wp\/v2\/comments?post=5342"}],"wp:attachment":[{"href":"http:\/\/andromeda-buecher.de\/buch2\/wp-json\/wp\/v2\/media?parent=5342"}],"wp:term":[{"taxonomy":"product_cat","embeddable":true,"href":"http:\/\/andromeda-buecher.de\/buch2\/wp-json\/wp\/v2\/product_cat?post=5342"},{"taxonomy":"product_tag","embeddable":true,"href":"http:\/\/andromeda-buecher.de\/buch2\/wp-json\/wp\/v2\/product_tag?post=5342"}],"curies":[{"name":"wp","href":"https:\/\/api.w.org\/{rel}","templated":true}]}}