{"id":5338,"date":"2016-03-18T16:03:55","date_gmt":"2016-03-18T16:03:55","guid":{"rendered":"http:\/\/andromeda-buecher.de\/buch2\/?product=geheimakte-john-f-kennedy-die-wahrheit-ueber-das-attentat-von-dallas"},"modified":"2016-03-30T20:38:20","modified_gmt":"2016-03-30T18:38:20","slug":"geheimakte-john-f-kennedy-die-wahrheit-ueber-das-attentat-von-dallas","status":"publish","type":"product","link":"http:\/\/andromeda-buecher.de\/buch2\/produkt\/geheimakte-john-f-kennedy-die-wahrheit-ueber-das-attentat-von-dallas\/","title":{"rendered":"Geheimakte John F. Kennedy: Die Wahrheit \u00fcber das Attentat von Dallas"},"content":{"rendered":"<p>von Michael Hesemann, gebunden, 272 Seiten,<br \/>\nzahlreiche Abbildungen, antiquarisches Restexemplar.<\/p>\n<p>Die Wahrheit \u00fcber das Attentat von Dallas:<br \/>\n40 Jahre nach der Ermordung des amerikanischen Pr\u00e4sidenten John F. Kennedy kommt die Wahrheit ans Licht: Es war nicht das Werk eines Einzelt\u00e4ters, sondern einer Verschw\u00f6rung. An ihr waren ranghohe Geheimdienstler und Mitglieder der US-Regierung beteiligt. Je tiefer Michael Hesemann in das Netzwerk der Verschw\u00f6rer vordringt, je unglaublicher wird das Bild, das \u00fcber die Hintergr\u00fcnde des Jahrhundert-Attentats entsteht.<br \/>\n&#8211; Weshalb beschrieben die Not\u00e4rzte in Dallas andere Verletzungen als nur Stunden sp\u00e4ter die Pathologen in Washington?<br \/>\n&#8211; Wie kam es, dass der Sarg des Pr\u00e4sidenten leer war, als er in der Hauptstadt eintraf &#8211; und sein Gehirn bis heute verschwunden ist?<br \/>\n&#8211; Wer hat zugelassen, dass Beweismaterial manipuliert, Zeugen eingesch\u00fcchtert und gef\u00e4lschte Fotos an die Presse gegeben wurden?<br \/>\n&#8211; Warum verstarben 42 der wichtigsten Zeugen innerhalb von drei Jahren nach dem Attentat auf mysteri\u00f6se Weise &#8211; und weitere 26, als der US-Kongress einen Untersuchungsausschuss einberief?<\/p>\n<p>Seit 1995 gaben die CIA, das FBI und der russische KGB mehr als 60.000 Dokumente von \u00fcber 400.000 Seiten Umfang frei, durch die erst jetzt die wahren Hintergr\u00fcnde das Attentats offenbar werden: 40 Jahre nach den Sch\u00fcssen von Dallas kommt die Wahrheit \u00fcber eine Verschw\u00f6rung ans Licht, deren Auswirkungen bis in die Gegenwart reichen.<\/p>\n","protected":false},"excerpt":{"rendered":"<p>von Michael Hesemann, gebunden, 272 Seiten, zahlreiche Abbildungen, antiquarisches Restexemplar. Die Wahrheit \u00fcber das Attentat von Dallas: 40 Jahre nach der Ermordung des amerikanischen Pr\u00e4sidenten John F. Kennedy kommt die Wahrheit ans Licht: Es war nicht das Werk eines Einzelt\u00e4ters, sondern einer Verschw\u00f6rung. An ihr waren ranghohe Geheimdienstler und Mitglieder der US-Regierung beteiligt. Je tiefer [&hellip;]<\/p>\n","protected":false},"featured_media":15494,"comment_status":"open","ping_status":"closed","template":"","meta":[],"product_cat":[147],"product_tag":[],"_links":{"self":[{"href":"http:\/\/andromeda-buecher.de\/buch2\/wp-json\/wp\/v2\/product\/5338"}],"collection":[{"href":"http:\/\/andromeda-buecher.de\/buch2\/wp-json\/wp\/v2\/product"}],"about":[{"href":"http:\/\/andromeda-buecher.de\/buch2\/wp-json\/wp\/v2\/types\/product"}],"replies":[{"embeddable":true,"href":"http:\/\/andromeda-buecher.de\/buch2\/wp-json\/wp\/v2\/comments?post=5338"}],"wp:featuredmedia":[{"embeddable":true,"href":"http:\/\/andromeda-buecher.de\/buch2\/wp-json\/wp\/v2\/media\/15494"}],"wp:attachment":[{"href":"http:\/\/andromeda-buecher.de\/buch2\/wp-json\/wp\/v2\/media?parent=5338"}],"wp:term":[{"taxonomy":"product_cat","embeddable":true,"href":"http:\/\/andromeda-buecher.de\/buch2\/wp-json\/wp\/v2\/product_cat?post=5338"},{"taxonomy":"product_tag","embeddable":true,"href":"http:\/\/andromeda-buecher.de\/buch2\/wp-json\/wp\/v2\/product_tag?post=5338"}],"curies":[{"name":"wp","href":"https:\/\/api.w.org\/{rel}","templated":true}]}}