{"id":5299,"date":"2016-03-18T16:03:53","date_gmt":"2016-03-18T16:03:53","guid":{"rendered":"http:\/\/andromeda-buecher.de\/buch2\/?product=die-giza-mauer-und-der-kampf-um-das-vermaechtnis-der-alten-hochkulturen-geheime-forschungen-im-pyramiden-gelaende"},"modified":"2016-03-26T16:20:48","modified_gmt":"2016-03-26T15:20:48","slug":"die-giza-mauer-und-der-kampf-um-das-vermaechtnis-der-alten-hochkulturen-geheime-forschungen-im-pyramiden-gelaende","status":"publish","type":"product","link":"http:\/\/andromeda-buecher.de\/buch2\/produkt\/die-giza-mauer-und-der-kampf-um-das-vermaechtnis-der-alten-hochkulturen-geheime-forschungen-im-pyramiden-gelaende\/","title":{"rendered":"DIE GIZA-MAUER und der Kampf um das Verm\u00e4chtnis der alten Hochkulturen: Geheime Forschungen im Pyramiden-Gel\u00e4nde"},"content":{"rendered":"<p>Geheime Forschungen im Pyramiden-Gel\u00e4nde.<\/p>\n<p>antiquarisches Restexemplar<\/p>\n<p>Das Pyramiden-Gel\u00e4nde wird eingemauert!<\/p>\n<p>Seit 2002 wird um das Pyramiden-Gel\u00e4nde von Giza (\u00c4gypten) eine weit\u00adl\u00e4ufige, massive Betonmauer mit aufgesetztem Gitter gebaut. \u00adDieser Bau wurde mit erstaunlichem Tempo vorangetrieben, und die erste Bauphase war bereits zwei Jahre sp\u00e4ter abgeschlossen. Was geht hier vor sich? Wer hat diese Mauer in Auftrag gegeben und warum? Wer hat die Macht, bei einem UNESCO-Weltkulturerbe einen der\u00adartigen Eingriff vorzunehmen? Und warum haben die Medien bis Ende 2004 noch nie etwas \u00fcber diese gigantische Mauer berichtet?<\/p>\n<p>Rico Paganini hat den geheimen Mauerbau von Anfang an aus n\u00e4chster N\u00e4he beobachtet und fotografisch dokumentiert. Zahlreiche Forschungsreisen vor Ort f\u00fchrten ihn zu brisanten Entdeckungen hinsichtlich der Giza-R\u00e4tsel und der wahren Absichten der Mauer-Erbauer.<\/p>\n<p>Armin Risi schildert die Hintergr\u00fcnde des Mauerbaus und weist nach, da\u00df die verborgenen Zusammenh\u00e4nge bis in die pr\u00e4historische \u00adVergangenheit zur\u00fcckreichen. Denn damals wurde ein Verm\u00e4chtnis hinterlassen, das f\u00fcr uns heute ein Schl\u00fcssel f\u00fcr die Zukunft sein \u00adk\u00f6nnte. Durch die herr\u00adschende \u00abSchulweisheit\u00bb wird dieses \u00adVerm\u00e4chtnis jedoch ausgeblendet, nicht zuletzt in der \u00c4gyptologie. Vieles, was dort als \u00adge\u00adsicherte Tatsache gilt, hat kein wirkliches Fundament, \u00adsondern beruht auf vorgefa\u00dften \u00adMeinungen, teilweise sogar auf F\u00e4lschungen \u2013 insbesondere, was die Erbauer der gro\u00dfen Pyramiden und der inschriftenlosen Megalith-Anlagen betrifft.<\/p>\n<p>Mit vielen eindr\u00fccklichen Fotos wird in diesem Buch gezeigt, wo die alten Hoch\u00adkulturen ihre Spuren hinterlassen haben und worum es im Kampf um ihr \u00adVerm\u00e4chtnis tats\u00e4chlich geht.<\/p>\n<p>Die Schlu\u00dffolgerung ist eindringlich und alarmierend: Es ist h\u00f6chste Zeit, da\u00df die Scheinwerfer der Welt\u00f6ffentlichkeit auf Giza gerichtet werden, \u00addamit die Machenschaften \u00abhinter der Mauer\u00bb nicht mehr l\u00e4nger verheimlicht oder verharmlost werden k\u00f6nnen.<\/p>\n<p>Veranstaltungen:<br \/>\nDIE GIZA-MAUER (Buchvernissage und Vortrag)<br \/>\nReferent(innen): Rico Paganini, Armin Risi<br \/>\nCH-8000 Z\u00fcrich, Dienstag, 14. Dezember 2004<\/p>\n","protected":false},"excerpt":{"rendered":"<p>Geheime Forschungen im Pyramiden-Gel\u00e4nde. antiquarisches Restexemplar Das Pyramiden-Gel\u00e4nde wird eingemauert! Seit 2002 wird um das Pyramiden-Gel\u00e4nde von Giza (\u00c4gypten) eine weit\u00adl\u00e4ufige, massive Betonmauer mit aufgesetztem Gitter gebaut. \u00adDieser Bau wurde mit erstaunlichem Tempo vorangetrieben, und die erste Bauphase war bereits zwei Jahre sp\u00e4ter abgeschlossen. Was geht hier vor sich? Wer hat diese Mauer in Auftrag [&hellip;]<\/p>\n","protected":false},"featured_media":13871,"comment_status":"open","ping_status":"closed","template":"","meta":[],"product_cat":[157],"product_tag":[],"_links":{"self":[{"href":"http:\/\/andromeda-buecher.de\/buch2\/wp-json\/wp\/v2\/product\/5299"}],"collection":[{"href":"http:\/\/andromeda-buecher.de\/buch2\/wp-json\/wp\/v2\/product"}],"about":[{"href":"http:\/\/andromeda-buecher.de\/buch2\/wp-json\/wp\/v2\/types\/product"}],"replies":[{"embeddable":true,"href":"http:\/\/andromeda-buecher.de\/buch2\/wp-json\/wp\/v2\/comments?post=5299"}],"wp:featuredmedia":[{"embeddable":true,"href":"http:\/\/andromeda-buecher.de\/buch2\/wp-json\/wp\/v2\/media\/13871"}],"wp:attachment":[{"href":"http:\/\/andromeda-buecher.de\/buch2\/wp-json\/wp\/v2\/media?parent=5299"}],"wp:term":[{"taxonomy":"product_cat","embeddable":true,"href":"http:\/\/andromeda-buecher.de\/buch2\/wp-json\/wp\/v2\/product_cat?post=5299"},{"taxonomy":"product_tag","embeddable":true,"href":"http:\/\/andromeda-buecher.de\/buch2\/wp-json\/wp\/v2\/product_tag?post=5299"}],"curies":[{"name":"wp","href":"https:\/\/api.w.org\/{rel}","templated":true}]}}