{"id":5185,"date":"2016-03-18T16:03:47","date_gmt":"2016-03-18T16:03:47","guid":{"rendered":"http:\/\/andromeda-buecher.de\/buch2\/?product=selbstversorgung-und-zivilschutz-vhs-video"},"modified":"2021-05-08T13:17:02","modified_gmt":"2021-05-08T11:17:02","slug":"selbstversorgung-und-zivilschutz-vhs-video","status":"publish","type":"product","link":"http:\/\/andromeda-buecher.de\/buch2\/produkt\/selbstversorgung-und-zivilschutz-vhs-video\/","title":{"rendered":"Selbstversorgung und Zivilschutz (VHS Video)"},"content":{"rendered":"<p>Der Autor schreibt dazu:<\/p>\n<p>\nUnter anderem erf\u00e4hrt man Schritt f\u00fcr Schritt wie man einen Garten bestellt, Kleintiere h\u00e4lt, ein z\u00fcnftig Bier braut, Einen Schutzraum einrichtet, einen Vorrat zusammenstellt, und auch in freier Wildbahn \u00fcberlebt. Auch wird von Matthias Bormann anschaulich gezeigt, wie man ein Fluchtgep\u00e4ck zusammenstellt, eine Gasmaske aufsetzt und Deckung findet, was trotz der Ernsthaftigkeit des Themas manchmal recht lustig anzuschauen ist.<br \/>\nDieses Video sollten Sie sich nicht entgehen lassen, da es im Falle einer Katastrophe oder gar eines Krieges Ihr \u00dcberleben sichern kann. Am Ende des Videos gibt Bormann noch ein Statement zur derzeitigen Politik ab, wo er sich wie immer kein Blatt vor den Mund nimmt, aber auch L\u00f6sungsm\u00f6glichkeiten aufzeigt. Zur allgemeinen Auflockerung rezitiert er noch drei Fabeln, welche in der heutigen Zeit den Nagel auf den Kopf treffen.<br \/>\nDer Br\u00fcller: M. Bormann liest die Fabel vom Diktator als Fuchs. Alles in allem drei informative Stunden, bei welchen man viel lernt, in denen aber auch der Humor nicht zu kurz kommt.<\/p>\n<p>\n180 Minuten<\/p>\n","protected":false},"excerpt":{"rendered":"<p>Der Autor schreibt dazu: Unter anderem erf\u00e4hrt man Schritt f\u00fcr Schritt wie man einen Garten bestellt, Kleintiere h\u00e4lt, ein z\u00fcnftig Bier braut, Einen Schutzraum einrichtet, einen Vorrat zusammenstellt, und auch in freier Wildbahn \u00fcberlebt. Auch wird von Matthias Bormann anschaulich gezeigt, wie man ein Fluchtgep\u00e4ck zusammenstellt, eine Gasmaske aufsetzt und Deckung findet, was trotz der [&hellip;]<\/p>\n","protected":false},"featured_media":0,"comment_status":"open","ping_status":"closed","template":"","meta":[],"product_cat":[86],"product_tag":[],"_links":{"self":[{"href":"http:\/\/andromeda-buecher.de\/buch2\/wp-json\/wp\/v2\/product\/5185"}],"collection":[{"href":"http:\/\/andromeda-buecher.de\/buch2\/wp-json\/wp\/v2\/product"}],"about":[{"href":"http:\/\/andromeda-buecher.de\/buch2\/wp-json\/wp\/v2\/types\/product"}],"replies":[{"embeddable":true,"href":"http:\/\/andromeda-buecher.de\/buch2\/wp-json\/wp\/v2\/comments?post=5185"}],"wp:attachment":[{"href":"http:\/\/andromeda-buecher.de\/buch2\/wp-json\/wp\/v2\/media?parent=5185"}],"wp:term":[{"taxonomy":"product_cat","embeddable":true,"href":"http:\/\/andromeda-buecher.de\/buch2\/wp-json\/wp\/v2\/product_cat?post=5185"},{"taxonomy":"product_tag","embeddable":true,"href":"http:\/\/andromeda-buecher.de\/buch2\/wp-json\/wp\/v2\/product_tag?post=5185"}],"curies":[{"name":"wp","href":"https:\/\/api.w.org\/{rel}","templated":true}]}}