{"id":5094,"date":"2016-03-18T16:03:43","date_gmt":"2016-03-18T16:03:43","guid":{"rendered":"http:\/\/andromeda-buecher.de\/buch2\/?product=roms-kreuzzuege-gegen-germanien-1200-jahre-grausamkeiten-auspluenderung-und-ueberfremdung"},"modified":"2016-03-28T18:53:24","modified_gmt":"2016-03-28T16:53:24","slug":"roms-kreuzzuege-gegen-germanien-1200-jahre-grausamkeiten-auspluenderung-und-ueberfremdung","status":"publish","type":"product","link":"http:\/\/andromeda-buecher.de\/buch2\/produkt\/roms-kreuzzuege-gegen-germanien-1200-jahre-grausamkeiten-auspluenderung-und-ueberfremdung\/","title":{"rendered":"Roms Kreuzz\u00fcge gegen Germanien: 1200 Jahre Grausamkeiten, Auspl\u00fcnderung und \u00dcberfremdung"},"content":{"rendered":"<ul>\n<li><b>Taschenbuch:<\/b> 348 Seiten<\/li>\n<li><b>Verlag:<\/b> Grabert; Auflage: 1., Aufl. (28. November 2003)<\/li>\n<li><b>Sprache:<\/b> Deutsch<\/li>\n<li><b>ISBN-10:<\/b> 3878472099<\/li>\n<li><b>ISBN-13:<\/b> 978-3878472094<\/li>\n<\/ul>\n<p>&nbsp;<\/p>\n<p>&nbsp;<\/p>\n<p>1200 Jahre Auspl\u00fcnderung und \u00dcberfremdung &#8211; Roms Ausgriff nach dem Norden. Fichtel unterzieht die antiken Quellen einer Neuinterpretation und zeichnet die Chronik eines Jahrhunderte w\u00e4hrenden Verbrechens an der germanischen Welt nach. Ein Buch, das unter die Haut geht!<\/p>\n<h3 class=\"productDescriptionSource\">Kurzbeschreibung<\/h3>\n<p>Das r\u00f6mische Reich wird meist einseitig als Ordnungsmacht und<br \/>\nKulturbringer angesehen, wobei die unmenschliche R\u00fcckseite dieser<br \/>\nGesellschaft \u00fcbergangen wird: die Auspl\u00fcnderung der Provinzen, die<br \/>\nRechtlosigkeit der Millionen Versklavter, die Hekatomben an Todesopfern<br \/>\nbei den Raubz\u00fcgen. Diese Buch beschreibt im Gegensatz zu den oft auch<br \/>\naus r\u00f6mischer Sicht verfa\u00dften Darstellungen des germanischen<br \/>\nFreiheitskampfes unter Arminius das grausame Vorgehen der R\u00f6mer, ihre<br \/>\nAusmordung weiter Landstriche, ihren V\u00f6lkermord an ganzen St\u00e4mmen und<br \/>\ndie Versklavung der Gefangenen. Dazu wird das allgemeine Bild der auf<br \/>\nbarbarischer Unterdr\u00fcckung der eroberten L\u00e4nder begr\u00fcndeten r\u00f6mischen<br \/>\nGesellschaft gezeichnet, die sich am unmenschlichen Abschlachten<br \/>\nTausender in den Arenen erg\u00f6tzte. W\u00e4hrend unter dem Cherusker die freien<br \/>\nGermanen in jahrzehntelangen Verteidigungsk\u00e4mpfen die Angriffe der<br \/>\nR\u00f6mer abwehren und ihre Eigenart bewahren konnten, unterlagen sie knapp<br \/>\nein Jahrtausend sp\u00e4ter dem inzwischen mit r\u00f6mischem Ungeist und<br \/>\nr\u00f6mischer Unduldsamkeit wie Grausamkeit verbundenen, vor allem von den<br \/>\nFranken verbreiteten Christentum. Mit Feuer und Schwert wurde zun\u00e4chst<br \/>\ndie germanische Freiheit vernichtet und eine gr\u00fcndliche Umerziehung<br \/>\ndurchgef\u00fchrt, die Auswirkungen bis heute hat, wenn auch sich immer<br \/>\nwieder Widerstand erhob und allm\u00e4hlich germanische Kultur und deren<br \/>\nGeist sich in Mitteleuropa durchsetzten. Eine notwendige Richtigstellung<br \/>\nund Erg\u00e4nzung zur fr\u00fchen deutschen Geschichte.<\/p>\n<p>&nbsp;<\/p>\n","protected":false},"excerpt":{"rendered":"<p>Taschenbuch: 348 Seiten Verlag: Grabert; Auflage: 1., Aufl. (28. November 2003) Sprache: Deutsch ISBN-10: 3878472099 ISBN-13: 978-3878472094 &nbsp; &nbsp; 1200 Jahre Auspl\u00fcnderung und \u00dcberfremdung &#8211; Roms Ausgriff nach dem Norden. Fichtel unterzieht die antiken Quellen einer Neuinterpretation und zeichnet die Chronik eines Jahrhunderte w\u00e4hrenden Verbrechens an der germanischen Welt nach. Ein Buch, das unter die [&hellip;]<\/p>\n","protected":false},"featured_media":14854,"comment_status":"open","ping_status":"closed","template":"","meta":[],"product_cat":[79],"product_tag":[],"_links":{"self":[{"href":"http:\/\/andromeda-buecher.de\/buch2\/wp-json\/wp\/v2\/product\/5094"}],"collection":[{"href":"http:\/\/andromeda-buecher.de\/buch2\/wp-json\/wp\/v2\/product"}],"about":[{"href":"http:\/\/andromeda-buecher.de\/buch2\/wp-json\/wp\/v2\/types\/product"}],"replies":[{"embeddable":true,"href":"http:\/\/andromeda-buecher.de\/buch2\/wp-json\/wp\/v2\/comments?post=5094"}],"wp:featuredmedia":[{"embeddable":true,"href":"http:\/\/andromeda-buecher.de\/buch2\/wp-json\/wp\/v2\/media\/14854"}],"wp:attachment":[{"href":"http:\/\/andromeda-buecher.de\/buch2\/wp-json\/wp\/v2\/media?parent=5094"}],"wp:term":[{"taxonomy":"product_cat","embeddable":true,"href":"http:\/\/andromeda-buecher.de\/buch2\/wp-json\/wp\/v2\/product_cat?post=5094"},{"taxonomy":"product_tag","embeddable":true,"href":"http:\/\/andromeda-buecher.de\/buch2\/wp-json\/wp\/v2\/product_tag?post=5094"}],"curies":[{"name":"wp","href":"https:\/\/api.w.org\/{rel}","templated":true}]}}