{"id":5064,"date":"2016-03-18T16:03:41","date_gmt":"2016-03-18T16:03:41","guid":{"rendered":"http:\/\/andromeda-buecher.de\/buch2\/?product=der-streit-um-die-herkunft-der-slawen"},"modified":"2016-03-26T19:27:40","modified_gmt":"2016-03-26T18:27:40","slug":"der-streit-um-die-herkunft-der-slawen","status":"publish","type":"product","link":"http:\/\/andromeda-buecher.de\/buch2\/produkt\/der-streit-um-die-herkunft-der-slawen\/","title":{"rendered":"Der Streit um die Herkunft der Slawen"},"content":{"rendered":"<p>Enth\u00fcllung einer Legende<\/p>\n<p>72 Seiten, geheftet, ISBN 3-87847-176-9, Grabert Verlag<\/p>\n<p>Hier werden die wahren Zusammenh\u00e4nge der uralten deutschen Siedlungsgebiete \u00f6stlich von Elbe und Saale sowie im K\u00e4rtner Bereich dargelegt.<\/p>\n","protected":false},"excerpt":{"rendered":"<p>Enth\u00fcllung einer Legende 72 Seiten, geheftet, ISBN 3-87847-176-9, Grabert Verlag Hier werden die wahren Zusammenh\u00e4nge der uralten deutschen Siedlungsgebiete \u00f6stlich von Elbe und Saale sowie im K\u00e4rtner Bereich dargelegt.<\/p>\n","protected":false},"featured_media":14051,"comment_status":"open","ping_status":"closed","template":"","meta":[],"product_cat":[154],"product_tag":[],"_links":{"self":[{"href":"http:\/\/andromeda-buecher.de\/buch2\/wp-json\/wp\/v2\/product\/5064"}],"collection":[{"href":"http:\/\/andromeda-buecher.de\/buch2\/wp-json\/wp\/v2\/product"}],"about":[{"href":"http:\/\/andromeda-buecher.de\/buch2\/wp-json\/wp\/v2\/types\/product"}],"replies":[{"embeddable":true,"href":"http:\/\/andromeda-buecher.de\/buch2\/wp-json\/wp\/v2\/comments?post=5064"}],"wp:featuredmedia":[{"embeddable":true,"href":"http:\/\/andromeda-buecher.de\/buch2\/wp-json\/wp\/v2\/media\/14051"}],"wp:attachment":[{"href":"http:\/\/andromeda-buecher.de\/buch2\/wp-json\/wp\/v2\/media?parent=5064"}],"wp:term":[{"taxonomy":"product_cat","embeddable":true,"href":"http:\/\/andromeda-buecher.de\/buch2\/wp-json\/wp\/v2\/product_cat?post=5064"},{"taxonomy":"product_tag","embeddable":true,"href":"http:\/\/andromeda-buecher.de\/buch2\/wp-json\/wp\/v2\/product_tag?post=5064"}],"curies":[{"name":"wp","href":"https:\/\/api.w.org\/{rel}","templated":true}]}}