{"id":5051,"date":"2016-03-18T16:03:40","date_gmt":"2016-03-18T16:03:40","guid":{"rendered":"http:\/\/andromeda-buecher.de\/buch2\/?product=die-geheime-geschichte-der-amerikanischen-kriege"},"modified":"2016-03-30T20:24:32","modified_gmt":"2016-03-30T18:24:32","slug":"die-geheime-geschichte-der-amerikanischen-kriege","status":"publish","type":"product","link":"http:\/\/andromeda-buecher.de\/buch2\/produkt\/die-geheime-geschichte-der-amerikanischen-kriege\/","title":{"rendered":"Die geheime Geschichte der amerikanischen Kriege"},"content":{"rendered":"<p>von Monsur Khan:<br \/>\n\u201eEs gab keinen Krieg der USA, der nicht mit einer L\u00fcge begonnen hat.\u201c<\/p>\n<p>670 Seiten, zahlreiche Abb., Leinen, SU,<br \/>\nGrabert-Verlag, ISBN 3-87847-208-0<\/p>\n<p>erweiterte Neuauflage<br \/>\n(Li) \u2013 \u201eEs gab keinen Krieg der USA, der nicht mit einer L\u00fcge begonnen hat.\u201c Das sagte der fr\u00fchere SPD-Bundesminister Andreas von B\u00fclow am 1. Juli 2003 auf einer Veranstaltung in der Berliner Humboldt-Universit\u00e4t (gem\u00e4\u00df Berliner Zeitung vom 2. 7. 03). Dieses Buch belegt diese Aussage in besonders deutlicher Weise.<br \/>\nIn seiner erst 200-j\u00e4hrigen Geschichte stiegen die Vereinigten Staaten von Nordamerika von der bekannten Wild-West-Mentalit\u00e4t zur einzigen Macht auf, die weltweit milit\u00e4risch eingreift und V\u00f6lker und Staaten zur Botm\u00e4\u00dfigkeit zwingt. Dabei ging es in wohl fast allen gef\u00fchrten Kriegen in keiner Weise um die Abwehr von Angriffen und die USA waren nie unmittelbar selbst bedroht. Es standen und stehen vielmehr handfeste Wirtschaftsinteressen im Vordergrund. Dieses hat auch unser Volk leidvoll in den Kriegen gegen unser Land, dem sogenannten Ersten und Zweiten Weltkrieg, erfahren m\u00fcssen. Teilweise wurden klassische Provokationen eingesetzt, um einen Vorwand f\u00fcr den Krieg zu haben. Bekannt geworden sind besonders die \u201aLusitania\u2019-Versenkung, der Pearl Harbor-Angriff und der Tonkin-Zwischenfall. Wer denkt bei den konstruierten Kriegsgr\u00fcnden nicht sogleich an die Ereignisse des 11. Septembers 2001 in New York und Washington?!<br \/>\nDieses Buch untersucht besonders die Motive und Hintergr\u00fcnde der einflu\u00dfreichen US-Machtelite, die immer wieder zu Krieg und Vernichtung f\u00fchrt.<br \/>\nDie in diesem Jahr vorgelegte 3. Auflage wurde bis zu den gegenw\u00e4rtigen Ereignissen fortgef\u00fchrt. Das hei\u00dft, auch der Afghanistan- und der Zweite Irak-Krieg werden mit ihren Hintergr\u00fcnden dargestellt. Als umfangreiches und aktuelles Grundlagenwerk der US-Beherrschungspolitik ist dieses Buch sehr zu empfehlen.<\/p>\n","protected":false},"excerpt":{"rendered":"<p>von Monsur Khan: \u201eEs gab keinen Krieg der USA, der nicht mit einer L\u00fcge begonnen hat.\u201c 670 Seiten, zahlreiche Abb., Leinen, SU, Grabert-Verlag, ISBN 3-87847-208-0 erweiterte Neuauflage (Li) \u2013 \u201eEs gab keinen Krieg der USA, der nicht mit einer L\u00fcge begonnen hat.\u201c Das sagte der fr\u00fchere SPD-Bundesminister Andreas von B\u00fclow am 1. Juli 2003 auf [&hellip;]<\/p>\n","protected":false},"featured_media":15475,"comment_status":"open","ping_status":"closed","template":"","meta":[],"product_cat":[147],"product_tag":[],"_links":{"self":[{"href":"http:\/\/andromeda-buecher.de\/buch2\/wp-json\/wp\/v2\/product\/5051"}],"collection":[{"href":"http:\/\/andromeda-buecher.de\/buch2\/wp-json\/wp\/v2\/product"}],"about":[{"href":"http:\/\/andromeda-buecher.de\/buch2\/wp-json\/wp\/v2\/types\/product"}],"replies":[{"embeddable":true,"href":"http:\/\/andromeda-buecher.de\/buch2\/wp-json\/wp\/v2\/comments?post=5051"}],"wp:featuredmedia":[{"embeddable":true,"href":"http:\/\/andromeda-buecher.de\/buch2\/wp-json\/wp\/v2\/media\/15475"}],"wp:attachment":[{"href":"http:\/\/andromeda-buecher.de\/buch2\/wp-json\/wp\/v2\/media?parent=5051"}],"wp:term":[{"taxonomy":"product_cat","embeddable":true,"href":"http:\/\/andromeda-buecher.de\/buch2\/wp-json\/wp\/v2\/product_cat?post=5051"},{"taxonomy":"product_tag","embeddable":true,"href":"http:\/\/andromeda-buecher.de\/buch2\/wp-json\/wp\/v2\/product_tag?post=5051"}],"curies":[{"name":"wp","href":"https:\/\/api.w.org\/{rel}","templated":true}]}}