{"id":4989,"date":"2016-03-18T16:03:37","date_gmt":"2016-03-18T16:03:37","guid":{"rendered":"http:\/\/andromeda-buecher.de\/buch2\/?product=der-teufel-und-die-hoelle-historisch-nachweisbar"},"modified":"2016-03-27T19:35:48","modified_gmt":"2016-03-27T17:35:48","slug":"der-teufel-und-die-hoelle-historisch-nachweisbar","status":"publish","type":"product","link":"http:\/\/andromeda-buecher.de\/buch2\/produkt\/der-teufel-und-die-hoelle-historisch-nachweisbar\/","title":{"rendered":"Der Teufel und die H\u00f6lle: historisch nachweisbar!"},"content":{"rendered":"<p>&nbsp;<\/p>\n<p>Seltene Restexemplare<\/p>\n<p>Gernot L. Geise: Der Teufel und die H\u00f6lle: historisch nachweisbar!<br \/>\n153 Seiten, 103 Abb., Format A5, ISBN 3-932539-24-9, EFODON-Best.-Nr. DO-44.<br \/>\nGab es den Teufel und die H\u00f6lle wirklich? Oder sind sie nur Phantasieprodukte religi\u00f6sen Glaubens?<\/p>\n<p>Ja, es gab sie! Die Person des Teufels und sein Arbeitsplatz, die H\u00f6lle, sind historisch nachweisbar und haben mit Glauben und Religion absolut nichts zu tun. Die &#8222;Verteufelung&#8220; geschah erst im Zuge der christlichen Eroberung der einstmals &#8222;heidnischen&#8220; Gebiete Mitteleuropas. Der Teufel wurde mit dem Satan gleichgestellt und verfolgt, bis es ihn nur mehr als mystisches &#8222;b\u00f6ses&#8220; Geistwesen gab.<br \/>\nDas sind belegbare Erkenntnisse, wie sie jedoch in keinem Geschichtsbuch zu finden sind!<\/p>\n","protected":false},"excerpt":{"rendered":"<p>&nbsp; Seltene Restexemplare Gernot L. Geise: Der Teufel und die H\u00f6lle: historisch nachweisbar! 153 Seiten, 103 Abb., Format A5, ISBN 3-932539-24-9, EFODON-Best.-Nr. DO-44. Gab es den Teufel und die H\u00f6lle wirklich? Oder sind sie nur Phantasieprodukte religi\u00f6sen Glaubens? Ja, es gab sie! Die Person des Teufels und sein Arbeitsplatz, die H\u00f6lle, sind historisch nachweisbar und [&hellip;]<\/p>\n","protected":false},"featured_media":14532,"comment_status":"open","ping_status":"closed","template":"","meta":[],"product_cat":[122],"product_tag":[],"_links":{"self":[{"href":"http:\/\/andromeda-buecher.de\/buch2\/wp-json\/wp\/v2\/product\/4989"}],"collection":[{"href":"http:\/\/andromeda-buecher.de\/buch2\/wp-json\/wp\/v2\/product"}],"about":[{"href":"http:\/\/andromeda-buecher.de\/buch2\/wp-json\/wp\/v2\/types\/product"}],"replies":[{"embeddable":true,"href":"http:\/\/andromeda-buecher.de\/buch2\/wp-json\/wp\/v2\/comments?post=4989"}],"wp:featuredmedia":[{"embeddable":true,"href":"http:\/\/andromeda-buecher.de\/buch2\/wp-json\/wp\/v2\/media\/14532"}],"wp:attachment":[{"href":"http:\/\/andromeda-buecher.de\/buch2\/wp-json\/wp\/v2\/media?parent=4989"}],"wp:term":[{"taxonomy":"product_cat","embeddable":true,"href":"http:\/\/andromeda-buecher.de\/buch2\/wp-json\/wp\/v2\/product_cat?post=4989"},{"taxonomy":"product_tag","embeddable":true,"href":"http:\/\/andromeda-buecher.de\/buch2\/wp-json\/wp\/v2\/product_tag?post=4989"}],"curies":[{"name":"wp","href":"https:\/\/api.w.org\/{rel}","templated":true}]}}