{"id":4948,"date":"2016-03-18T16:03:35","date_gmt":"2016-03-18T16:03:35","guid":{"rendered":"http:\/\/andromeda-buecher.de\/buch2\/?product=freispruch-fuer-deutschland-auslaendische-historiker-und-publizisten-widerlegen-geschichtsluegen"},"modified":"2019-08-29T19:10:10","modified_gmt":"2019-08-29T17:10:10","slug":"freispruch-fuer-deutschland-auslaendische-historiker-und-publizisten-widerlegen-geschichtsluegen","status":"publish","type":"product","link":"http:\/\/andromeda-buecher.de\/buch2\/produkt\/freispruch-fuer-deutschland-auslaendische-historiker-und-publizisten-widerlegen-geschichtsluegen\/","title":{"rendered":"FREISPRUCH F\u00dcR DEUTSCHLAND: Ausl\u00e4ndische Historiker und Publizisten widerlegen Geschichtsl\u00fcgen"},"content":{"rendered":"<p>Ausl\u00e4ndische Historiker und Publizisten widerlegen Geschichtsl\u00fcgen<br \/>\nvon Dr. Robert L. Brock, 160 Seiten, antiquarisches Restexemplar!<\/p>\n<p>Wie schon nach dem Ersten Weltkrieg war Deutschland auch nach 1945 einer Flut von L\u00fcgen ausgesetzt. Mit dieser Schrift liegt uns nun ein gr\u00fcndlich erarbeiteter und wissenschaftlich fundierter \u00dcberblick zur einschl\u00e4gigen internationalen Literatur vor.<\/p>\n<p>In diesem Buch kommen mehrere hundert Pers\u00f6nlichkeiten zu Wort &#8211; Historiker, Wissenschaftler, Politiker, Publizisten -, die ungerechtfertigten, gegen Deutschland und das deutsche Volk gerichteten Anschuldigungen und Behauptungen eine Absage erteilen. Die Schar der Autoren umfa\u00dft Angeh\u00f6rige jeglicher Rasse, Glaubenszugeh\u00f6rigkeit und Hautfarbe und bietet in ihrer Vielfalt eine einzigartige Diskussionsgrundlage.<\/p>\n<p>&#8222;Freispruch f\u00fcr Deutschland&#8220; enth\u00e4lt eine F\u00fclle an Hinweisen auf Quellenmaterial und auf wichtige Erkenntnisse; es ist ein in jeder Hinsicht n\u00fctzliches und aufschlu\u00dfreiches Werk, das Licht bringt in f\u00fcnfzig Jahre Verlogenheit. Es bietet weit mehr als die uns \u00fcber kontrollierte Medien aufgedr\u00e4ngten Darstellungen zur Geschichte und zur aktuellen Politik. Eine fesselnde Lekt\u00fcre.<\/p>\n","protected":false},"excerpt":{"rendered":"<p>Ausl\u00e4ndische Historiker und Publizisten widerlegen Geschichtsl\u00fcgen von Dr. Robert L. Brock, 160 Seiten, antiquarisches Restexemplar! Wie schon nach dem Ersten Weltkrieg war Deutschland auch nach 1945 einer Flut von L\u00fcgen ausgesetzt. Mit dieser Schrift liegt uns nun ein gr\u00fcndlich erarbeiteter und wissenschaftlich fundierter \u00dcberblick zur einschl\u00e4gigen internationalen Literatur vor. In diesem Buch kommen mehrere hundert [&hellip;]<\/p>\n","protected":false},"featured_media":12970,"comment_status":"open","ping_status":"closed","template":"","meta":[],"product_cat":[174],"product_tag":[],"_links":{"self":[{"href":"http:\/\/andromeda-buecher.de\/buch2\/wp-json\/wp\/v2\/product\/4948"}],"collection":[{"href":"http:\/\/andromeda-buecher.de\/buch2\/wp-json\/wp\/v2\/product"}],"about":[{"href":"http:\/\/andromeda-buecher.de\/buch2\/wp-json\/wp\/v2\/types\/product"}],"replies":[{"embeddable":true,"href":"http:\/\/andromeda-buecher.de\/buch2\/wp-json\/wp\/v2\/comments?post=4948"}],"wp:featuredmedia":[{"embeddable":true,"href":"http:\/\/andromeda-buecher.de\/buch2\/wp-json\/wp\/v2\/media\/12970"}],"wp:attachment":[{"href":"http:\/\/andromeda-buecher.de\/buch2\/wp-json\/wp\/v2\/media?parent=4948"}],"wp:term":[{"taxonomy":"product_cat","embeddable":true,"href":"http:\/\/andromeda-buecher.de\/buch2\/wp-json\/wp\/v2\/product_cat?post=4948"},{"taxonomy":"product_tag","embeddable":true,"href":"http:\/\/andromeda-buecher.de\/buch2\/wp-json\/wp\/v2\/product_tag?post=4948"}],"curies":[{"name":"wp","href":"https:\/\/api.w.org\/{rel}","templated":true}]}}