{"id":4867,"date":"2016-03-18T16:03:30","date_gmt":"2016-03-18T16:03:30","guid":{"rendered":"http:\/\/andromeda-buecher.de\/buch2\/?product=bolschewismus-das-entscheidende-element-in-der-fuehrerschaft-des-bolschwismus"},"modified":"2016-10-27T15:37:36","modified_gmt":"2016-10-27T13:37:36","slug":"bolschewismus-das-entscheidende-element-in-der-fuehrerschaft-des-bolschwismus","status":"publish","type":"product","link":"http:\/\/andromeda-buecher.de\/buch2\/produkt\/bolschewismus-das-entscheidende-element-in-der-fuehrerschaft-des-bolschwismus\/","title":{"rendered":"Bolschewismus: Das entscheidende Element in der F\u00fchrerschaft des Bolschwismus"},"content":{"rendered":"<p>Das j\u00fcdische Element in der F\u00fchrerschaft des Bolschwismus<\/p>\n<p>von Herman Fehst<br \/>\nFaksimile Verlag, 208 Seiten, 1934, Gro\u00dfformat,<\/p>\n<p>Das Buch zur &#8222;T\u00e4tervolk&#8220;-Debatte und ein Wahrheitsbeweis zum Fall Hohmann!<\/p>\n<p>Urspr\u00fcnglich herausgegeben vom Institut zur Erforschung der Jfrage in Zusammenarbeit mit dem Gesamtverband deutscher antikommunistischer Vereinigungen Berlin. Bln. Lpzg.Eckart-Kampf-Vlg. 1934<\/p>\n","protected":false},"excerpt":{"rendered":"<p>Das j\u00fcdische Element in der F\u00fchrerschaft des Bolschwismus von Herman Fehst Faksimile Verlag, 208 Seiten, 1934, Gro\u00dfformat, Das Buch zur &#8222;T\u00e4tervolk&#8220;-Debatte und ein Wahrheitsbeweis zum Fall Hohmann! Urspr\u00fcnglich herausgegeben vom Institut zur Erforschung der Jfrage in Zusammenarbeit mit dem Gesamtverband deutscher antikommunistischer Vereinigungen Berlin. Bln. Lpzg.Eckart-Kampf-Vlg. 1934<\/p>\n","protected":false},"featured_media":12391,"comment_status":"open","ping_status":"closed","template":"","meta":[],"product_cat":[142],"product_tag":[],"_links":{"self":[{"href":"http:\/\/andromeda-buecher.de\/buch2\/wp-json\/wp\/v2\/product\/4867"}],"collection":[{"href":"http:\/\/andromeda-buecher.de\/buch2\/wp-json\/wp\/v2\/product"}],"about":[{"href":"http:\/\/andromeda-buecher.de\/buch2\/wp-json\/wp\/v2\/types\/product"}],"replies":[{"embeddable":true,"href":"http:\/\/andromeda-buecher.de\/buch2\/wp-json\/wp\/v2\/comments?post=4867"}],"wp:featuredmedia":[{"embeddable":true,"href":"http:\/\/andromeda-buecher.de\/buch2\/wp-json\/wp\/v2\/media\/12391"}],"wp:attachment":[{"href":"http:\/\/andromeda-buecher.de\/buch2\/wp-json\/wp\/v2\/media?parent=4867"}],"wp:term":[{"taxonomy":"product_cat","embeddable":true,"href":"http:\/\/andromeda-buecher.de\/buch2\/wp-json\/wp\/v2\/product_cat?post=4867"},{"taxonomy":"product_tag","embeddable":true,"href":"http:\/\/andromeda-buecher.de\/buch2\/wp-json\/wp\/v2\/product_tag?post=4867"}],"curies":[{"name":"wp","href":"https:\/\/api.w.org\/{rel}","templated":true}]}}