{"id":4865,"date":"2016-03-18T16:03:30","date_gmt":"2016-03-18T16:03:30","guid":{"rendered":"http:\/\/andromeda-buecher.de\/buch2\/?product=des-kaisers-traum-the-kaisers-dream-1890"},"modified":"2016-10-27T15:37:37","modified_gmt":"2016-10-27T13:37:37","slug":"des-kaisers-traum-the-kaisers-dream-1890","status":"publish","type":"product","link":"http:\/\/andromeda-buecher.de\/buch2\/produkt\/des-kaisers-traum-the-kaisers-dream-1890\/","title":{"rendered":"Des Kaisers Traum &#8211; The Kaiser&#8217;s Dream (1890)"},"content":{"rendered":"<p>&#8222;The Kaiser\u00b4s dream&#8220; aus &#8222;The Truth&#8220; von 1890 20 S., hochglanz mit Farbtafeln, Farbkarte<\/p>\n<p>Faksimile Verlag,<\/p>\n<p>&#8222;Des Kaisers Traum&#8220; wurde 1890 in der Weihnachtsausgabe der engl. Truth, einem Wochenmagazin des liberalen Parlamentariers Henry Labouchere ver\u00f6ffentlicht. Diese Ausgabe zeigt schon 1890 einen Plan zur Zerst\u00fcckelung Deutschlands und zur Aufl\u00f6sung der europ\u00e4ischen und russischen Monarchien der mit den Beschl\u00fcssen des Pariser Freimaurerkongresses von 1890 in Verbindung gebracht wurde und von unglaublichem Zukunftswissen zeugt. Viele der Andeutungen wurden nach dem ersten Weltkrieg real.<\/p>\n<p>Historisches Schl\u00fcsseldokument des Jahres 1890.<br \/>\n20 S., A5, farbige Abbildungen.<\/p>\n<p>Faksimile-Druck aus der englischen Wochenzeitung \u201eTruth\u201c, 1890, in der die Neuordnung Europas vorausgesagt wurde.<br \/>\nMit Farbkarte (A3) als Beilage. Die englische Prophezeiung liegt jetzt in Verbindung mit dieser originalgetreuen Farbkarte zwei-sprachig \u2013 englisch und deutsch \u2013 als Faksimile-Dokumentation vor. Die Farbkarte wird in der vierfarbigen Dokumentation in ihren einzelnen Segmenten erkl\u00e4rt und in Beziehung zu ihrem politi-schen Hintergrund gestellt. Deutsche Historiker, die immer noch behaupten, Deutschland sei 1914 in den 1. Weltkrieg \u201ehineingeschlittert\u201c, kennen die \u201eTruth\u201c vom 26. Dezember 1890 nicht!<\/p>\n<p>\u201eDie Staatsm\u00e4nner dieses Jahrhunderts haben es nicht allein mit Regierungen, Kaisern, K\u00f6nigen und Ministern zu tun, sondern auch mit Geheimen Gesellschaften, Elementen denen man Rechnung tragen mu\u00df. Diese Gesellschaften k\u00f6nnen schlie\u00dflich alle politischen Arrangements zunichte machen\u2026\u201c<br \/>\n(Der englische Staatsmann und Premierminister Benjamin Disraeli am 12. September 1876)<\/p>\n<p>Wer sich mit diesen Dingen besch\u00e4ftigt, wird sich bald mit dem Vorwurf obskurer Verschw\u00f6rungstheorie auseinandersetzen m\u00fcssen und politisch ausgegrenzt, wenn nicht sogar f\u00fcr geisteskrank erkl\u00e4rt!<\/p>\n<p>So ist auch die Prophezeiung der englischen Zeitung \u201eThe Truth\u201c aus dem Jahre 1890 in Vergessenheit geraten und wird bewusst aus der offiziellen Geschichtsschreibung ferngehalten.<br \/>\nIn der in der Zeitung \u201eThe Truth\u201c ver\u00f6ffentlichten Farbkarte wird eine fiktive Unterredung abgedruckt, bei der der hypnotisierte Deutsche Kaiser in die Zukunft schaut. Jahrzehnte vor den Ergebnissen der gro\u00dfen Weltkriege beschreibt der Kaiser die politische Neuordnung Europas (New Order) und sieht seine eigene politische Flucht in das Ausland sowie die Zerst\u00f6rung der Zaren-, Kaiser- und K\u00f6nigreiche Europas.<br \/>\nRussland wurde nach dieser Neuordnung als W\u00fcste \u201eDesert\u201c dargestellt. Verfolgt man die politischen Exzesse der Bolschewisten (siehe Solschenizyn \u201eDie russisch-j\u00fcdische Geschichte \/ Zweihundert Jahre zusammen), dann vergegenw\u00e4rtigt man sich, wie real Verschw\u00f6rungstheorie sein kann.<\/p>\n","protected":false},"excerpt":{"rendered":"<p>&#8222;The Kaiser\u00b4s dream&#8220; aus &#8222;The Truth&#8220; von 1890 20 S., hochglanz mit Farbtafeln, Farbkarte Faksimile Verlag, &#8222;Des Kaisers Traum&#8220; wurde 1890 in der Weihnachtsausgabe der engl. Truth, einem Wochenmagazin des liberalen Parlamentariers Henry Labouchere ver\u00f6ffentlicht. Diese Ausgabe zeigt schon 1890 einen Plan zur Zerst\u00fcckelung Deutschlands und zur Aufl\u00f6sung der europ\u00e4ischen und russischen Monarchien der mit [&hellip;]<\/p>\n","protected":false},"featured_media":12374,"comment_status":"open","ping_status":"closed","template":"","meta":[],"product_cat":[142],"product_tag":[],"_links":{"self":[{"href":"http:\/\/andromeda-buecher.de\/buch2\/wp-json\/wp\/v2\/product\/4865"}],"collection":[{"href":"http:\/\/andromeda-buecher.de\/buch2\/wp-json\/wp\/v2\/product"}],"about":[{"href":"http:\/\/andromeda-buecher.de\/buch2\/wp-json\/wp\/v2\/types\/product"}],"replies":[{"embeddable":true,"href":"http:\/\/andromeda-buecher.de\/buch2\/wp-json\/wp\/v2\/comments?post=4865"}],"wp:featuredmedia":[{"embeddable":true,"href":"http:\/\/andromeda-buecher.de\/buch2\/wp-json\/wp\/v2\/media\/12374"}],"wp:attachment":[{"href":"http:\/\/andromeda-buecher.de\/buch2\/wp-json\/wp\/v2\/media?parent=4865"}],"wp:term":[{"taxonomy":"product_cat","embeddable":true,"href":"http:\/\/andromeda-buecher.de\/buch2\/wp-json\/wp\/v2\/product_cat?post=4865"},{"taxonomy":"product_tag","embeddable":true,"href":"http:\/\/andromeda-buecher.de\/buch2\/wp-json\/wp\/v2\/product_tag?post=4865"}],"curies":[{"name":"wp","href":"https:\/\/api.w.org\/{rel}","templated":true}]}}