{"id":4853,"date":"2016-03-18T16:03:29","date_gmt":"2016-03-18T16:03:29","guid":{"rendered":"http:\/\/andromeda-buecher.de\/buch2\/?product=zwei-kriegsschriften-ueber-kriegsziele-und-politik-der-geist-des-militarismus-von-der-weltkulturellen-bedeutung-und-aufgabe-des-mosaentums"},"modified":"2016-03-21T17:39:20","modified_gmt":"2016-03-21T16:39:20","slug":"zwei-kriegsschriften-ueber-kriegsziele-und-politik-der-geist-des-militarismus-von-der-weltkulturellen-bedeutung-und-aufgabe-des-mosaentums","status":"publish","type":"product","link":"http:\/\/andromeda-buecher.de\/buch2\/produkt\/zwei-kriegsschriften-ueber-kriegsziele-und-politik-der-geist-des-militarismus-von-der-weltkulturellen-bedeutung-und-aufgabe-des-mosaentums\/","title":{"rendered":"Zwei Kriegsschriften \u00fcber Kriegsziele und Politik: Der Geist des Militarismus &#038; Von der weltkulturellen Bedeutung und Aufgabe des Mosaentums"},"content":{"rendered":"<p>&#8211; Der Geist des Militarismus<\/p>\n<p>&#8211; Von der weltkulturellen Bedeutung und Aufgabe des Mosaentums<br \/>\nvon Dr. Nachum Goldmann<br \/>\nFaksimile Verlag, 118 Seiten, Gro\u00dfformat,<\/p>\n<p>Nachum Goldmann, der sp\u00e4tere Pr\u00e4sident der Z. Weltorganisation und des J. Weltkongress schrieb diese Werke 1915\/16 im Alter von 21 Jahren.<br \/>\nDie Herausgabe beider Schriften wurde von dem einflu\u00dfreichen Berliner Freimaurer Ernst J\u00e4ckh gef\u00f6rdert. F\u00fcr den heutigen Leser ist es kaum zu fassen, mit welcher Pr\u00e4zision und Weitsicht Goldmann hier die weltpolitischen Entwicklungen mehrerer Jahrzehnte vorhergesagt und wie treffend er dabei die Rolle des Zoinismus beschrieben hat.<br \/>\nGoldmanns Fr\u00fchwerke sind im Original unbeschaffbar und au\u00dferordentlich lesenswert!<\/p>\n","protected":false},"excerpt":{"rendered":"<p>&#8211; Der Geist des Militarismus &#8211; Von der weltkulturellen Bedeutung und Aufgabe des Mosaentums von Dr. Nachum Goldmann Faksimile Verlag, 118 Seiten, Gro\u00dfformat, Nachum Goldmann, der sp\u00e4tere Pr\u00e4sident der Z. Weltorganisation und des J. Weltkongress schrieb diese Werke 1915\/16 im Alter von 21 Jahren. Die Herausgabe beider Schriften wurde von dem einflu\u00dfreichen Berliner Freimaurer Ernst [&hellip;]<\/p>\n","protected":false},"featured_media":12327,"comment_status":"open","ping_status":"closed","template":"","meta":[],"product_cat":[142],"product_tag":[],"_links":{"self":[{"href":"http:\/\/andromeda-buecher.de\/buch2\/wp-json\/wp\/v2\/product\/4853"}],"collection":[{"href":"http:\/\/andromeda-buecher.de\/buch2\/wp-json\/wp\/v2\/product"}],"about":[{"href":"http:\/\/andromeda-buecher.de\/buch2\/wp-json\/wp\/v2\/types\/product"}],"replies":[{"embeddable":true,"href":"http:\/\/andromeda-buecher.de\/buch2\/wp-json\/wp\/v2\/comments?post=4853"}],"wp:featuredmedia":[{"embeddable":true,"href":"http:\/\/andromeda-buecher.de\/buch2\/wp-json\/wp\/v2\/media\/12327"}],"wp:attachment":[{"href":"http:\/\/andromeda-buecher.de\/buch2\/wp-json\/wp\/v2\/media?parent=4853"}],"wp:term":[{"taxonomy":"product_cat","embeddable":true,"href":"http:\/\/andromeda-buecher.de\/buch2\/wp-json\/wp\/v2\/product_cat?post=4853"},{"taxonomy":"product_tag","embeddable":true,"href":"http:\/\/andromeda-buecher.de\/buch2\/wp-json\/wp\/v2\/product_tag?post=4853"}],"curies":[{"name":"wp","href":"https:\/\/api.w.org\/{rel}","templated":true}]}}