{"id":4828,"date":"2016-03-18T16:03:27","date_gmt":"2016-03-18T16:03:27","guid":{"rendered":"http:\/\/andromeda-buecher.de\/buch2\/?product=die-kopernikanische-wende-in-der-politik-fuehrungsmacht-der-neuen-weltordnung"},"modified":"2016-03-18T16:03:27","modified_gmt":"2016-03-18T16:03:27","slug":"die-kopernikanische-wende-in-der-politik-fuehrungsmacht-der-neuen-weltordnung","status":"publish","type":"product","link":"http:\/\/andromeda-buecher.de\/buch2\/produkt\/die-kopernikanische-wende-in-der-politik-fuehrungsmacht-der-neuen-weltordnung\/","title":{"rendered":"Die kopernikanische Wende in der Politik: F\u00fchrungsmacht der \u201eNeuen Weltordnung\u201c"},"content":{"rendered":"<p>von Helmut Br\u00fcckmann<\/p>\n<p>\n44 Seiten, L\u00fche Verlag, ISBN3\u2013926328\u201355\u2013X\n<\/p>\n<p>Diese Brosch\u00fcre zeigt die Ursachen des V\u00f6lkerhasses auf und die Moral, die hinter der F\u00fchrungsmacht der \u201eNeuen Weltordnung\u201c steht. Das Heft zeigt, wie Kriegsverbrecher und Kriege \u2013 z.B. Zweiter Weltkrieg und Golfkrieg \u2013 von \u201ejenen\u201c gemacht werden. Das gleiche ist auch auf den Kosovo-Krieg \u00fcbertragbar.<\/p>\n","protected":false},"excerpt":{"rendered":"<p>von Helmut Br\u00fcckmann 44 Seiten, L\u00fche Verlag, ISBN3\u2013926328\u201355\u2013X Diese Brosch\u00fcre zeigt die Ursachen des V\u00f6lkerhasses auf und die Moral, die hinter der F\u00fchrungsmacht der \u201eNeuen Weltordnung\u201c steht. Das Heft zeigt, wie Kriegsverbrecher und Kriege \u2013 z.B. Zweiter Weltkrieg und Golfkrieg \u2013 von \u201ejenen\u201c gemacht werden. Das gleiche ist auch auf den Kosovo-Krieg \u00fcbertragbar.<\/p>\n","protected":false},"featured_media":0,"comment_status":"open","ping_status":"closed","template":"","meta":[],"product_cat":[181],"product_tag":[],"_links":{"self":[{"href":"http:\/\/andromeda-buecher.de\/buch2\/wp-json\/wp\/v2\/product\/4828"}],"collection":[{"href":"http:\/\/andromeda-buecher.de\/buch2\/wp-json\/wp\/v2\/product"}],"about":[{"href":"http:\/\/andromeda-buecher.de\/buch2\/wp-json\/wp\/v2\/types\/product"}],"replies":[{"embeddable":true,"href":"http:\/\/andromeda-buecher.de\/buch2\/wp-json\/wp\/v2\/comments?post=4828"}],"wp:attachment":[{"href":"http:\/\/andromeda-buecher.de\/buch2\/wp-json\/wp\/v2\/media?parent=4828"}],"wp:term":[{"taxonomy":"product_cat","embeddable":true,"href":"http:\/\/andromeda-buecher.de\/buch2\/wp-json\/wp\/v2\/product_cat?post=4828"},{"taxonomy":"product_tag","embeddable":true,"href":"http:\/\/andromeda-buecher.de\/buch2\/wp-json\/wp\/v2\/product_tag?post=4828"}],"curies":[{"name":"wp","href":"https:\/\/api.w.org\/{rel}","templated":true}]}}