{"id":4794,"date":"2016-03-18T16:03:25","date_gmt":"2016-03-18T16:03:25","guid":{"rendered":"http:\/\/andromeda-buecher.de\/buch2\/?product=die-kosmischen-zahlen-der-cheops-pyramide-2"},"modified":"2016-03-18T16:03:25","modified_gmt":"2016-03-18T16:03:25","slug":"die-kosmischen-zahlen-der-cheops-pyramide-2","status":"publish","type":"product","link":"http:\/\/andromeda-buecher.de\/buch2\/produkt\/die-kosmischen-zahlen-der-cheops-pyramide-2\/","title":{"rendered":"Die kosmischen Zahlen der Cheops-Pyramide"},"content":{"rendered":"<p>Die Kr\u00f6nung der kosmischen Zusammenh\u00e4nge, die die Lebewesen der Erde bestimmen. Die Sch\u00f6pfung<br \/>\nbestimmt den Werdegang des Seins.<\/p>\n<p>&nbsp;<\/p>\n<p>DIN A4 Manuskript,<\/p>\n<p>&nbsp;<\/p>\n<p>&#8212;&#8212;&#8212;&#8212;&#8212;&#8212;&#8212;&#8212;&#8212;&#8212;&#8212;&#8212;<\/p>\n<p>Die kosmischen Zahlen der Cheops-Pyramide<\/p>\n<p>&nbsp;<\/p>\n<p>\nvon Emil R\u00fcdiger\n<\/p>\n<p>\nDie mathematischen Zusammenh\u00e4nge von dynamischen<br \/>\nErreger- und statischen Gestaltungskr\u00e4ften. Wurzel 6<br \/>\n* sin Alpha, und die Mathematik des Rosenkreuzes.\n<\/p>\n<p>\n&quot;Die kosmischen Zahlen der Cheops-Pyramide&quot;<br \/>\nvon Emil R\u00fcdiger\n<\/p>\n<p><\/p>\n<p>&nbsp;<\/p>\n<p>&#8212;&#8212;&#8212;&#8212;&#8212;&#8212;&#8212;&#8212;&#8212;&#8212;&#8212;&#8212;<\/p>\n<p><\/p>\n<p>\nvon Emil R\u00fcdiger\n<\/p>\n<p><\/p>\n","protected":false},"excerpt":{"rendered":"<p>Die Kr\u00f6nung der kosmischen Zusammenh\u00e4nge, die die Lebewesen der Erde bestimmen. Die Sch\u00f6pfung bestimmt den Werdegang des Seins. &nbsp; DIN A4 Manuskript, &nbsp; &#8212;&#8212;&#8212;&#8212;&#8212;&#8212;&#8212;&#8212;&#8212;&#8212;&#8212;&#8212; Die kosmischen Zahlen der Cheops-Pyramide &nbsp; von Emil R\u00fcdiger Die mathematischen Zusammenh\u00e4nge von dynamischen Erreger- und statischen Gestaltungskr\u00e4ften. Wurzel 6 * sin Alpha, und die Mathematik des Rosenkreuzes. &quot;Die kosmischen Zahlen [&hellip;]<\/p>\n","protected":false},"featured_media":0,"comment_status":"open","ping_status":"closed","template":"","meta":[],"product_cat":[81],"product_tag":[],"_links":{"self":[{"href":"http:\/\/andromeda-buecher.de\/buch2\/wp-json\/wp\/v2\/product\/4794"}],"collection":[{"href":"http:\/\/andromeda-buecher.de\/buch2\/wp-json\/wp\/v2\/product"}],"about":[{"href":"http:\/\/andromeda-buecher.de\/buch2\/wp-json\/wp\/v2\/types\/product"}],"replies":[{"embeddable":true,"href":"http:\/\/andromeda-buecher.de\/buch2\/wp-json\/wp\/v2\/comments?post=4794"}],"wp:attachment":[{"href":"http:\/\/andromeda-buecher.de\/buch2\/wp-json\/wp\/v2\/media?parent=4794"}],"wp:term":[{"taxonomy":"product_cat","embeddable":true,"href":"http:\/\/andromeda-buecher.de\/buch2\/wp-json\/wp\/v2\/product_cat?post=4794"},{"taxonomy":"product_tag","embeddable":true,"href":"http:\/\/andromeda-buecher.de\/buch2\/wp-json\/wp\/v2\/product_tag?post=4794"}],"curies":[{"name":"wp","href":"https:\/\/api.w.org\/{rel}","templated":true}]}}