{"id":4793,"date":"2016-03-18T16:03:25","date_gmt":"2016-03-18T16:03:25","guid":{"rendered":"http:\/\/andromeda-buecher.de\/buch2\/?product=tyrkreis-und-tattwas-altes-wissen-ueber-die-bildekraefte"},"modified":"2025-08-01T11:13:57","modified_gmt":"2025-08-01T09:13:57","slug":"tyrkreis-und-tattwas-altes-wissen-ueber-die-bildekraefte","status":"publish","type":"product","link":"http:\/\/andromeda-buecher.de\/buch2\/produkt\/tyrkreis-und-tattwas-altes-wissen-ueber-die-bildekraefte\/","title":{"rendered":"Tyrkreis und Tattwas &#8211; Altes Wissen \u00fcber die Bildekr\u00e4fte"},"content":{"rendered":"<p>von Emil R\u00fcdiger<\/p>\n<p>Extrakt 4 Elemente.<br \/>\nDas einzige von Dipl. Ing. Emil R\u00fcdiger ver\u00f6ffentlichte Werk \u00fcber die Tattwazusammenh\u00e4nge. Extrakt der 4 Elemente.<\/p>\n<p>DIN A4 Manuskript<\/p>\n<p>Ein Auszug aus dem Werk.<\/p>\n<p>Der Leser erfaehrt in diesem Werke eine Fuelle neuer Gedanken ueber die Mythen der Ed\u00adda und ueber grandiose physikalische Vorstellungen. Diese Gedanken sind nur uns Heuti\u00adgen neu, da der oesterreichische Verfasser Dipl. Ing. EMIL RUEDIGER (1885- 1948), sich auf die ural\u00adte Ueberlieferung der Skalden und der soge\u00adnannten Schoepfungstechniker beruft. Herr Ruediger war mit einem der letzten Skalden befreundet. Die Skalden gelten als Dichter der Edda, sind aber darueberhinaus Wissende ueber feinstoffliche Zustaende des Weltalls. Das Wissen, was sie in Kennspruechen, Kenninge genannt, verhuellt haben, so dass wahrscheinlich die Germanisten, die den Schluessel der Skalden nicht kennen, im allgemeinen damit nichts anfangen koennen, wird hier behandelt. Es handelt sich hier nicht um ein allgemeines Wissen, sondern um ein Wis\u00adsen einer Kaste, das heisst von relativ wenigen Leuten. Albrecht Duerer, Dr. Ing. Teltscher, van Stolk, Wiligut waren solche Wissende, und aus den vielen Gespraechen mit ihnen verfasste Ruediger in den 20er Jahren des 20. Jahrhunderts eine Reihe von Manuskripten, die sich zur Zeit in Privathaenden be\u00adfinden. Sie befassen sich hauptsaechlich mit dem Auf\u00adbau und der Funkti\u00adon der Schoep\u00adfung, mit der skaldischen Auslegung der Edda-Mythen und mit den Entwick\u00adlungsepochen der Menschheit im Lichte der Edda. Ein Manuskript davon hat Ruediger sogar 1929 veroeffentlicht, naemlich<\/p>\n<p>\\\\&#8220; Tyrkreis und Tattwas im Lichte der wissenschaftlichen Forschung\\\\&#8220;.<\/p>\n<p>Dieses Buechlein sei dem versierten Leser empfohlen,<br \/>\nda der Verfasser sich zum Teil darauf bezieht.<\/p>\n","protected":false},"excerpt":{"rendered":"<p>von Emil R\u00fcdiger Extrakt 4 Elemente. Das einzige von Dipl. Ing. Emil R\u00fcdiger ver\u00f6ffentlichte Werk \u00fcber die Tattwazusammenh\u00e4nge. Extrakt der 4 Elemente. DIN A4 Manuskript Ein Auszug aus dem Werk. Der Leser erfaehrt in diesem Werke eine Fuelle neuer Gedanken ueber die Mythen der Ed\u00adda und ueber grandiose physikalische Vorstellungen. Diese Gedanken sind nur uns [&hellip;]<\/p>\n","protected":false},"featured_media":14739,"comment_status":"open","ping_status":"closed","template":"","meta":[],"product_cat":[81],"product_tag":[],"_links":{"self":[{"href":"http:\/\/andromeda-buecher.de\/buch2\/wp-json\/wp\/v2\/product\/4793"}],"collection":[{"href":"http:\/\/andromeda-buecher.de\/buch2\/wp-json\/wp\/v2\/product"}],"about":[{"href":"http:\/\/andromeda-buecher.de\/buch2\/wp-json\/wp\/v2\/types\/product"}],"replies":[{"embeddable":true,"href":"http:\/\/andromeda-buecher.de\/buch2\/wp-json\/wp\/v2\/comments?post=4793"}],"wp:featuredmedia":[{"embeddable":true,"href":"http:\/\/andromeda-buecher.de\/buch2\/wp-json\/wp\/v2\/media\/14739"}],"wp:attachment":[{"href":"http:\/\/andromeda-buecher.de\/buch2\/wp-json\/wp\/v2\/media?parent=4793"}],"wp:term":[{"taxonomy":"product_cat","embeddable":true,"href":"http:\/\/andromeda-buecher.de\/buch2\/wp-json\/wp\/v2\/product_cat?post=4793"},{"taxonomy":"product_tag","embeddable":true,"href":"http:\/\/andromeda-buecher.de\/buch2\/wp-json\/wp\/v2\/product_tag?post=4793"}],"curies":[{"name":"wp","href":"https:\/\/api.w.org\/{rel}","templated":true}]}}