{"id":4764,"date":"2016-03-18T16:03:23","date_gmt":"2016-03-18T16:03:23","guid":{"rendered":"http:\/\/andromeda-buecher.de\/buch2\/?product=abbildungen-der-punzenzeichen-verschiedener-staaten-fuer-platin-gold-und-silber"},"modified":"2016-03-26T19:29:58","modified_gmt":"2016-03-26T18:29:58","slug":"abbildungen-der-punzenzeichen-verschiedener-staaten-fuer-platin-gold-und-silber","status":"publish","type":"product","link":"http:\/\/andromeda-buecher.de\/buch2\/produkt\/abbildungen-der-punzenzeichen-verschiedener-staaten-fuer-platin-gold-und-silber\/","title":{"rendered":"ABBILDUNGEN DER PUNZENZEICHEN VERSCHIEDENER STAATEN f\u00fcr Platin, Gold und Silber"},"content":{"rendered":"<p>Reprint der Ausgabe Prag 1937.<br \/>\n34 Tafeln, Heft im Format DIN A5, Damb\u00f6ck Verlag<\/p>\n<p>\u00c4gyptische, Belgische, D\u00e4nische, Deutsche, Finnische, Bulgarische, Englische, Franz\u00f6sische, Holl\u00e4ndische, Italienische, Jugoslawische, Lettl\u00e4ndische, T\u00fcrkische, Spanische, \u00d6sterreichische, Polnische, Portugiesische, Rum\u00e4nische, Russische, Serbische, Schwedische, Schweizer, Tschechoslowakische, Tunesische, Ungarische.<br \/>\nAnhang: Protektorat B\u00f6hmen und M\u00e4hren (1942), Slowakische.<\/p>\n","protected":false},"excerpt":{"rendered":"<p>Reprint der Ausgabe Prag 1937. 34 Tafeln, Heft im Format DIN A5, Damb\u00f6ck Verlag \u00c4gyptische, Belgische, D\u00e4nische, Deutsche, Finnische, Bulgarische, Englische, Franz\u00f6sische, Holl\u00e4ndische, Italienische, Jugoslawische, Lettl\u00e4ndische, T\u00fcrkische, Spanische, \u00d6sterreichische, Polnische, Portugiesische, Rum\u00e4nische, Russische, Serbische, Schwedische, Schweizer, Tschechoslowakische, Tunesische, Ungarische. Anhang: Protektorat B\u00f6hmen und M\u00e4hren (1942), Slowakische.<\/p>\n","protected":false},"featured_media":14055,"comment_status":"open","ping_status":"closed","template":"","meta":[],"product_cat":[154],"product_tag":[],"_links":{"self":[{"href":"http:\/\/andromeda-buecher.de\/buch2\/wp-json\/wp\/v2\/product\/4764"}],"collection":[{"href":"http:\/\/andromeda-buecher.de\/buch2\/wp-json\/wp\/v2\/product"}],"about":[{"href":"http:\/\/andromeda-buecher.de\/buch2\/wp-json\/wp\/v2\/types\/product"}],"replies":[{"embeddable":true,"href":"http:\/\/andromeda-buecher.de\/buch2\/wp-json\/wp\/v2\/comments?post=4764"}],"wp:featuredmedia":[{"embeddable":true,"href":"http:\/\/andromeda-buecher.de\/buch2\/wp-json\/wp\/v2\/media\/14055"}],"wp:attachment":[{"href":"http:\/\/andromeda-buecher.de\/buch2\/wp-json\/wp\/v2\/media?parent=4764"}],"wp:term":[{"taxonomy":"product_cat","embeddable":true,"href":"http:\/\/andromeda-buecher.de\/buch2\/wp-json\/wp\/v2\/product_cat?post=4764"},{"taxonomy":"product_tag","embeddable":true,"href":"http:\/\/andromeda-buecher.de\/buch2\/wp-json\/wp\/v2\/product_tag?post=4764"}],"curies":[{"name":"wp","href":"https:\/\/api.w.org\/{rel}","templated":true}]}}