{"id":4743,"date":"2016-03-18T16:03:22","date_gmt":"2016-03-18T16:03:22","guid":{"rendered":"http:\/\/andromeda-buecher.de\/buch2\/?product=der-skandinavische-ursprung-der-slowenen"},"modified":"2016-03-18T16:03:22","modified_gmt":"2016-03-18T16:03:22","slug":"der-skandinavische-ursprung-der-slowenen","status":"publish","type":"product","link":"http:\/\/andromeda-buecher.de\/buch2\/produkt\/der-skandinavische-ursprung-der-slowenen\/","title":{"rendered":"Der skandinavische Ursprung der Slowenen"},"content":{"rendered":"<p>&nbsp;<\/p>\n<p>seit 2009 leider nicht mehr \u00fcber uns erh\u00e4ltlich!<\/p>\n<p>von Franc Jeza\n<\/p>\n<p>\nTyposkript, 230 Seiten, kartoniert, Damb\u00f6ck Verlag\n<\/p>\n<p \/>\n","protected":false},"excerpt":{"rendered":"<p>&nbsp; seit 2009 leider nicht mehr \u00fcber uns erh\u00e4ltlich! von Franc Jeza Typoskript, 230 Seiten, kartoniert, Damb\u00f6ck Verlag<\/p>\n","protected":false},"featured_media":0,"comment_status":"open","ping_status":"closed","template":"","meta":[],"product_cat":[154],"product_tag":[],"_links":{"self":[{"href":"http:\/\/andromeda-buecher.de\/buch2\/wp-json\/wp\/v2\/product\/4743"}],"collection":[{"href":"http:\/\/andromeda-buecher.de\/buch2\/wp-json\/wp\/v2\/product"}],"about":[{"href":"http:\/\/andromeda-buecher.de\/buch2\/wp-json\/wp\/v2\/types\/product"}],"replies":[{"embeddable":true,"href":"http:\/\/andromeda-buecher.de\/buch2\/wp-json\/wp\/v2\/comments?post=4743"}],"wp:attachment":[{"href":"http:\/\/andromeda-buecher.de\/buch2\/wp-json\/wp\/v2\/media?parent=4743"}],"wp:term":[{"taxonomy":"product_cat","embeddable":true,"href":"http:\/\/andromeda-buecher.de\/buch2\/wp-json\/wp\/v2\/product_cat?post=4743"},{"taxonomy":"product_tag","embeddable":true,"href":"http:\/\/andromeda-buecher.de\/buch2\/wp-json\/wp\/v2\/product_tag?post=4743"}],"curies":[{"name":"wp","href":"https:\/\/api.w.org\/{rel}","templated":true}]}}