{"id":4728,"date":"2016-03-18T16:03:21","date_gmt":"2016-03-18T16:03:21","guid":{"rendered":"http:\/\/andromeda-buecher.de\/buch2\/?product=demnaechst-endkampf-um-die-erde"},"modified":"2016-03-20T11:56:39","modified_gmt":"2016-03-20T11:56:39","slug":"demnaechst-endkampf-um-die-erde","status":"publish","type":"product","link":"http:\/\/andromeda-buecher.de\/buch2\/produkt\/demnaechst-endkampf-um-die-erde\/","title":{"rendered":"Demn\u00e4chst &#8220;Endkampf um die Erde&#8220;?"},"content":{"rendered":"<p>Nachfolgeband zu &#8222;Das Vril-Projekt&#8220;<\/p>\n<p>Kartoniert, Din A4, 58 Seiten,Restexemplar<\/p>\n<p>Was geschieht da drau\u00dfen wirklich?<br \/>\nAm Samstag, den 2. 9. 1993, erkl\u00e4rte ein Sprecher im &#8220;ORF 1&#8220;, dem 1. Programm des \u00d6sterreichischen Fernsehens, da\u00df die NASA die US &#8211; Marssonde &#8220;Observer&#8220; endg\u00fcltig aufgegeben hat&#8230;..<\/p>\n<p>Vril &#8211; Technik<\/p>\n<p>Mars &#8211; seltsame Spuren Vril 7 (1) Vril 7 (2) Vril-Odin Spekulationen?<br \/>\nAnmerkung von N. J. Ratthofer:<\/p>\n<p>Die hier vorliegende Schrift \u201eDemn\u00e4chst Endkampf am die Erde ?\u201c ist als aktuelle, kleine Erg\u00e4nzung der schon erschienenen Arbeit \u201eDas Vril-Projekt\u201c der Autorengemeinschaft gedacht.<\/p>\n<p>Weitere ausf\u00fchrliche Informationen siehe unter dem Titel &#8222;Das Vril-Projekt&#8220;<\/p>\n","protected":false},"excerpt":{"rendered":"<p>Nachfolgeband zu &#8222;Das Vril-Projekt&#8220; Kartoniert, Din A4, 58 Seiten,Restexemplar Was geschieht da drau\u00dfen wirklich? Am Samstag, den 2. 9. 1993, erkl\u00e4rte ein Sprecher im &#8220;ORF 1&#8220;, dem 1. Programm des \u00d6sterreichischen Fernsehens, da\u00df die NASA die US &#8211; Marssonde &#8220;Observer&#8220; endg\u00fcltig aufgegeben hat&#8230;.. Vril &#8211; Technik Mars &#8211; seltsame Spuren Vril 7 (1) Vril 7 [&hellip;]<\/p>\n","protected":false},"featured_media":11988,"comment_status":"open","ping_status":"closed","template":"","meta":[],"product_cat":[173],"product_tag":[],"_links":{"self":[{"href":"http:\/\/andromeda-buecher.de\/buch2\/wp-json\/wp\/v2\/product\/4728"}],"collection":[{"href":"http:\/\/andromeda-buecher.de\/buch2\/wp-json\/wp\/v2\/product"}],"about":[{"href":"http:\/\/andromeda-buecher.de\/buch2\/wp-json\/wp\/v2\/types\/product"}],"replies":[{"embeddable":true,"href":"http:\/\/andromeda-buecher.de\/buch2\/wp-json\/wp\/v2\/comments?post=4728"}],"wp:featuredmedia":[{"embeddable":true,"href":"http:\/\/andromeda-buecher.de\/buch2\/wp-json\/wp\/v2\/media\/11988"}],"wp:attachment":[{"href":"http:\/\/andromeda-buecher.de\/buch2\/wp-json\/wp\/v2\/media?parent=4728"}],"wp:term":[{"taxonomy":"product_cat","embeddable":true,"href":"http:\/\/andromeda-buecher.de\/buch2\/wp-json\/wp\/v2\/product_cat?post=4728"},{"taxonomy":"product_tag","embeddable":true,"href":"http:\/\/andromeda-buecher.de\/buch2\/wp-json\/wp\/v2\/product_tag?post=4728"}],"curies":[{"name":"wp","href":"https:\/\/api.w.org\/{rel}","templated":true}]}}